{"id":36962,"date":"2025-02-20T22:36:29","date_gmt":"2025-02-20T22:36:29","guid":{"rendered":"http:\/\/olemosaic.com\/producto\/funda-de-telefono-para-iphone-11-tpu-salamandra-barcelona-blanco\/"},"modified":"2025-07-25T19:35:04","modified_gmt":"2025-07-25T17:35:04","slug":"capa-de-telemovel-para-iphone-11-tpu-salamandra-barcelona-branco","status":"publish","type":"product","link":"https:\/\/olemosaic.com\/pt-pt\/produto\/capa-de-telemovel-para-iphone-11-tpu-salamandra-barcelona-branco\/","title":{"rendered":"Capa de telem\u00f3vel para iPhone 11 (TPU). Salamandra. Barcelona. Branco"},"content":{"rendered":"<p>A capa para iPhone 11 \u00e9 uma fus\u00e3o de funcionalidade e arte, ideal para quem deseja levar um pouco de Barcelona sempre consigo. Fabricada em TPU de alta qualidade, esta capa oferece uma prote\u00e7\u00e3o eficaz contra choques e riscos, assegurando que o seu dispositivo permane\u00e7a em perfeito estado. O seu design vibrante apresenta salamandras e flores que evocam o inconfund\u00edvel estilo modernista da cidade condal. O fundo branco, decorado com detalhes de mosaico que recordam as fant\u00e1sticas obras de Antoni Gaud\u00ed, proporciona um contraste ideal que real\u00e7a a beleza de cada elemento gr\u00e1fico.<\/p>\n<p>As salamandras, representadas em cores intensas como o azul, o verde e o vermelho, juntamente com as flores que conferem um toque fresco e alegre, fazem desta capa um acess\u00f3rio chamativo e \u00fanico. Al\u00e9m disso, o texto &#8220;Barcelona&#8221; num estilo alegre e colorido acrescenta um toque pessoal e aut\u00eantico, tornando-a uma excelente recorda\u00e7\u00e3o para os turistas que procuram souvenirs representativos da cidade.<\/p>\n<p>Este produto n\u00e3o s\u00f3 \u00e9 uma excelente forma de proteger o seu iPhone, como tamb\u00e9m \u00e9 um s\u00edmbolo da rica cultura art\u00edstica de Barcelona. Na Ol\u00e9 Mosaic, como grossista de souvenirs, oferecemos produtos que celebram a identidade local, e esta capa \u00e9 uma escolha perfeita para lojas de presentes tur\u00edsticos que procurem artigos de qualidade e design.<\/p>\n","protected":false},"excerpt":{"rendered":"<p>Capa para iPhone 11 de TPU com um design vibrante de salamandras e flores, inspirado no modernismo barcelon\u00eas. Este acess\u00f3rio apresenta um fundo branco com detalhes de mosaico que evocam a ess\u00eancia do Parc G\u00fcell. As salamandras, em cores intensas e chamativas, destacam-se sobre o fundo, enquanto o texto &#8220;Barcelona&#8221; acrescenta um toque pessoal. Ideal para quem procura combinar prote\u00e7\u00e3o e estilo.<\/p>\n","protected":false},"featured_media":12134,"template":"","meta":{"_acf_changed":false},"product_brand":[],"product_cat":[685],"product_tag":[516],"class_list":{"0":"post-36962","1":"product","2":"type-product","3":"status-publish","4":"has-post-thumbnail","6":"product_cat-capas-para-telemoveis","7":"product_tag-animais","8":"pa_ciudad-barcelona","9":"pa_motivo-salamandras","10":"pa_pais-espana","12":"first","13":"instock","14":"shipping-taxable","15":"product-type-simple"},"acf":[],"_links":{"self":[{"href":"https:\/\/olemosaic.com\/pt-pt\/wp-json\/wp\/v2\/product\/36962","targetHints":{"allow":["GET"]}}],"collection":[{"href":"https:\/\/olemosaic.com\/pt-pt\/wp-json\/wp\/v2\/product"}],"about":[{"href":"https:\/\/olemosaic.com\/pt-pt\/wp-json\/wp\/v2\/types\/product"}],"wp:featuredmedia":[{"embeddable":true,"href":"https:\/\/olemosaic.com\/pt-pt\/wp-json\/wp\/v2\/media\/12134"}],"wp:attachment":[{"href":"https:\/\/olemosaic.com\/pt-pt\/wp-json\/wp\/v2\/media?parent=36962"}],"wp:term":[{"taxonomy":"product_brand","embeddable":true,"href":"https:\/\/olemosaic.com\/pt-pt\/wp-json\/wp\/v2\/product_brand?post=36962"},{"taxonomy":"product_cat","embeddable":true,"href":"https:\/\/olemosaic.com\/pt-pt\/wp-json\/wp\/v2\/product_cat?post=36962"},{"taxonomy":"product_tag","embeddable":true,"href":"https:\/\/olemosaic.com\/pt-pt\/wp-json\/wp\/v2\/product_tag?post=36962"}],"curies":[{"name":"wp","href":"https:\/\/api.w.org\/{rel}","templated":true}]}}