{"id":36960,"date":"2025-02-20T23:36:28","date_gmt":"2025-02-20T22:36:28","guid":{"rendered":"http:\/\/olemosaic.com\/producto\/botella-inox-500-ml-panoramica-barcelona-5\/"},"modified":"2025-07-25T20:18:06","modified_gmt":"2025-07-25T18:18:06","slug":"garrafa-inox-500-ml-panoramica-barcelona-5","status":"publish","type":"product","link":"https:\/\/olemosaic.com\/pt-pt\/produto\/garrafa-inox-500-ml-panoramica-barcelona-5\/","title":{"rendered":"Garrafa inox. 500 ml. Panor\u00e2mica. Sagrada Fam\u00edlia. Barcelona."},"content":{"rendered":"<p>A garrafa de a\u00e7o inoxid\u00e1vel de 500 ml, decorada com uma vibrante panor\u00e2mica da Sagrada Fam\u00edlia em Barcelona, \u00e9 o souvenir ideal que combina funcionalidade e um toque art\u00edstico \u00fanico. Este produto excecional apresenta um design estilizado em mosaico que evoca a ic\u00f3nica obra do arquiteto Antoni Gaud\u00ed, utilizando uma paleta de cores vivas com tons de azul, vermelho e amarelo. A sua ilustra\u00e7\u00e3o capta a majestosidade da famosa bas\u00edlica, com as suas intrincadas torres e detalhes arquitet\u00f3nicos, tornando-a num objeto decorativo que real\u00e7a a rica heran\u00e7a cultural da cidade.<\/p>\n<p>A garrafa, equipada com tampa de a\u00e7o inoxid\u00e1vel e um pr\u00e1tico mosquet\u00e3o, \u00e9 perfeita para quem deseja levar um peda\u00e7o de Barcelona nas suas aventuras di\u00e1rias. A sua capacidade de 500 ml torna-a ideal para manter bebidas frias ou quentes, enquanto o seu design moderno e art\u00edstico lhe confere um car\u00e1cter distintivo. Este souvenir n\u00e3o \u00e9 apenas uma op\u00e7\u00e3o pr\u00e1tica, mas tamb\u00e9m serve como uma recorda\u00e7\u00e3o excecional da beleza de um dos monumentos mais emblem\u00e1ticos de Espanha.<\/p>\n<p>Na Ol\u00e9 Mosaic, especializamo-nos na distribui\u00e7\u00e3o de souvenirs de Barcelona, oferecendo produtos aut\u00eanticos e atraentes para lojas de presentes tur\u00edsticos. Esta garrafa \u00e9 uma excelente op\u00e7\u00e3o para quem procura souvenirs \u00fanicos e representativos, refletindo a cultura e a tradi\u00e7\u00e3o da maravilhosa cidade catal\u00e3.<\/p>\n","protected":false},"excerpt":{"rendered":"<p>Garrafa de a\u00e7o inoxid\u00e1vel de 500 ml, decorada com uma vibrante panor\u00e2mica da Sagrada Fam\u00edlia de Barcelona. Este design, colorido e moderno, apresenta um estilo de mosaico que evoca a ic\u00f3nica obra de Gaud\u00ed, com detalhes em tons azuis, vermelhos e amarelos que captam a ess\u00eancia da cidade. Equipada com tampa de a\u00e7o e um pr\u00e1tico mosquet\u00e3o, \u00e9 ideal para levar em qualquer aventura, enquanto desfruta de um toque art\u00edstico e cultural.<\/p>\n","protected":false},"featured_media":9684,"template":"","meta":{"_acf_changed":false},"product_brand":[],"product_cat":[786],"product_tag":[],"class_list":{"0":"post-36960","1":"product","2":"type-product","3":"status-publish","4":"has-post-thumbnail","6":"product_cat-garrafas-inox","7":"pa_ciudad-barcelona","8":"pa_motivo-panoramas","9":"pa_pais-espana","11":"first","12":"instock","13":"shipping-taxable","14":"product-type-simple"},"acf":[],"_links":{"self":[{"href":"https:\/\/olemosaic.com\/pt-pt\/wp-json\/wp\/v2\/product\/36960","targetHints":{"allow":["GET"]}}],"collection":[{"href":"https:\/\/olemosaic.com\/pt-pt\/wp-json\/wp\/v2\/product"}],"about":[{"href":"https:\/\/olemosaic.com\/pt-pt\/wp-json\/wp\/v2\/types\/product"}],"wp:featuredmedia":[{"embeddable":true,"href":"https:\/\/olemosaic.com\/pt-pt\/wp-json\/wp\/v2\/media\/9684"}],"wp:attachment":[{"href":"https:\/\/olemosaic.com\/pt-pt\/wp-json\/wp\/v2\/media?parent=36960"}],"wp:term":[{"taxonomy":"product_brand","embeddable":true,"href":"https:\/\/olemosaic.com\/pt-pt\/wp-json\/wp\/v2\/product_brand?post=36960"},{"taxonomy":"product_cat","embeddable":true,"href":"https:\/\/olemosaic.com\/pt-pt\/wp-json\/wp\/v2\/product_cat?post=36960"},{"taxonomy":"product_tag","embeddable":true,"href":"https:\/\/olemosaic.com\/pt-pt\/wp-json\/wp\/v2\/product_tag?post=36960"}],"curies":[{"name":"wp","href":"https:\/\/api.w.org\/{rel}","templated":true}]}}