{"id":36954,"date":"2025-02-20T23:36:27","date_gmt":"2025-02-20T22:36:27","guid":{"rendered":"http:\/\/olemosaic.com\/producto\/bola-de-navidad-con-caja-panoramica-bilbao-3\/"},"modified":"2025-07-25T18:44:24","modified_gmt":"2025-07-25T16:44:24","slug":"bola-de-natal-com-caixa-panoramica-bilbau-3","status":"publish","type":"product","link":"https:\/\/olemosaic.com\/pt-pt\/produto\/bola-de-natal-com-caixa-panoramica-bilbau-3\/","title":{"rendered":"Bola de Natal com caixa. Panor\u00e2mica. Guggenheim. Bilbau."},"content":{"rendered":"<p>A bola de Natal com caixa representa uma colorida panor\u00e2mica de Bilbau, o que a torna um adorno festivo ideal para esta temporada. Esta requintada recorda\u00e7\u00e3o de cer\u00e2mica ilustra a arquitetura emblem\u00e1tica da cidade, destacando monumentos ic\u00f3nicos como o famoso Museu Guggenheim e a igreja de San Ant\u00f3n. Com um mosaico vibrante que combina tons de amarelo, verde e azul, esta bola captura a ess\u00eancia da paisagem urbana de Bilbau, fazendo com que cada olhar para esta pe\u00e7a evocativa seja como uma viagem ao cora\u00e7\u00e3o da cidade.<\/p>\n<p>A bola est\u00e1 delicadamente adornada com um la\u00e7o rosa que, al\u00e9m de adicionar um toque elegante, a torna um presente ideal para pendurar na \u00e1rvore de Natal. Esta recorda\u00e7\u00e3o de Bilbau n\u00e3o \u00e9 apenas um adorno, mas uma aut\u00eantica lembran\u00e7a das maravilhas da cidade, ideal para aqueles que desejam levar consigo um peda\u00e7o desta rica e vibrante cultura.<\/p>\n<p>Na Ol\u00e9 Mosaic, somos distribuidores de recorda\u00e7\u00f5es por grosso e oferecemos produtos aut\u00eanticos que refletem o patrim\u00f3nio cultural de Espanha. Esta bola de Natal n\u00e3o \u00e9 apenas um magn\u00edfico adorno, mas uma excelente op\u00e7\u00e3o para lojas de presentes tur\u00edsticos que procuram artigos representativos e de qualidade.<\/p>\n","protected":false},"excerpt":{"rendered":"<p>Bola de Natal com caixa, que representa a panor\u00e2mica de Bilbau. Este adorno festivo de cer\u00e2mica inclui um design colorido que ilustra a ic\u00f3nica arquitetura da cidade, como o famoso Guggenheim e a igreja de San Ant\u00f3n, acompanhados de um mosaico vibrante em tons de amarelo, verde e azul. Apresenta um la\u00e7o rosa para pendurar, o que a torna uma pe\u00e7a ideal para decorar a sua \u00e1rvore de Natal e recordar o esplendor de Bilbau todos os anos.<\/p>\n","protected":false},"featured_media":9858,"template":"","meta":{"_acf_changed":false},"product_brand":[],"product_cat":[652],"product_tag":[642],"class_list":{"0":"post-36954","1":"product","2":"type-product","3":"status-publish","4":"has-post-thumbnail","6":"product_cat-bolas-de-natal","7":"product_tag-natal","8":"pa_ciudad-bilbao","9":"pa_motivo-panoramas","10":"pa_pais-espana","12":"first","13":"instock","14":"shipping-taxable","15":"product-type-simple"},"acf":[],"_links":{"self":[{"href":"https:\/\/olemosaic.com\/pt-pt\/wp-json\/wp\/v2\/product\/36954","targetHints":{"allow":["GET"]}}],"collection":[{"href":"https:\/\/olemosaic.com\/pt-pt\/wp-json\/wp\/v2\/product"}],"about":[{"href":"https:\/\/olemosaic.com\/pt-pt\/wp-json\/wp\/v2\/types\/product"}],"wp:featuredmedia":[{"embeddable":true,"href":"https:\/\/olemosaic.com\/pt-pt\/wp-json\/wp\/v2\/media\/9858"}],"wp:attachment":[{"href":"https:\/\/olemosaic.com\/pt-pt\/wp-json\/wp\/v2\/media?parent=36954"}],"wp:term":[{"taxonomy":"product_brand","embeddable":true,"href":"https:\/\/olemosaic.com\/pt-pt\/wp-json\/wp\/v2\/product_brand?post=36954"},{"taxonomy":"product_cat","embeddable":true,"href":"https:\/\/olemosaic.com\/pt-pt\/wp-json\/wp\/v2\/product_cat?post=36954"},{"taxonomy":"product_tag","embeddable":true,"href":"https:\/\/olemosaic.com\/pt-pt\/wp-json\/wp\/v2\/product_tag?post=36954"}],"curies":[{"name":"wp","href":"https:\/\/api.w.org\/{rel}","templated":true}]}}