{"id":36950,"date":"2025-02-20T23:36:27","date_gmt":"2025-02-20T22:36:27","guid":{"rendered":"http:\/\/olemosaic.com\/producto\/llavero-de-madera-letra-r-madrid\/"},"modified":"2025-07-25T18:46:44","modified_gmt":"2025-07-25T16:46:44","slug":"porta-chaves-de-madeira-letra-r-madrid","status":"publish","type":"product","link":"https:\/\/olemosaic.com\/pt-pt\/produto\/porta-chaves-de-madeira-letra-r-madrid\/","title":{"rendered":"Porta-chaves de madeira. Letra R. Madrid."},"content":{"rendered":"<p>Introduza um toque madrileno no seu dia a dia com este porta-chaves de madeira com a letra &#8220;R&#8221;, desenhado para capturar a ess\u00eancia da capital. Com um vibrante mosaico colorido, o porta-chaves apresenta ilustra\u00e7\u00f5es detalhadas do emblem\u00e1tico rel\u00f3gio da Puerta del Sol, o cora\u00e7\u00e3o de Madrid, juntamente com figuras ic\u00f3nicas que refletem a sua rica cultura e tradi\u00e7\u00e3o. Esta encantadora recorda\u00e7\u00e3o, pintada em tons de azul, verde e vermelho que evocam a energia vibrante da cidade, \u00e9 elaborada com uma t\u00e9cnica que real\u00e7a a arte do mosaico, uma faceta cultural profundamente enraizada na hist\u00f3ria art\u00edstica espanhola.<\/p>\n<p>Cada detalhe reflete o compromisso com o artesanato e a autenticidade, o que torna este porta-chaves numa recorda\u00e7\u00e3o ideal para quem deseja levar consigo um pedacinho de Madrid. Perfeito como presente ou detalhe para amigos e familiares, oferece uma liga\u00e7\u00e3o emocional com a cidade, tornando-se um s\u00edmbolo dos momentos vividos nesta metr\u00f3pole. Na Ol\u00e9 Mosaic, transcendemos a simples arte dos souvenirs por grosso, oferecendo artigos representativos e culturais que ligam aos turistas. Este porta-chaves \u00e9 a op\u00e7\u00e3o perfeita para lojas de presentes tur\u00edsticos que procuram produtos \u00fanicos e significativos. N\u00e3o perca!<\/p>\n","protected":false},"excerpt":{"rendered":"<p>Porta-chaves de madeira com forma da letra &#8220;R&#8221;, que representa Madrid. Este design vibrante inclui ilustra\u00e7\u00f5es do emblem\u00e1tico rel\u00f3gio da Puerta del Sol, juntamente com figuras ic\u00f3nicas da cultura madrilena, tudo num estilo de mosaico colorido. O porta-chaves apresenta detalhes em tons de azul, verde e vermelho, gra\u00e7as a uma t\u00e9cnica que real\u00e7a o encanto da cidade. Ideal como recorda\u00e7\u00e3o ou presente, este porta-chaves combina artesanato e simbolismo num s\u00f3 produto.<\/p>\n","protected":false},"featured_media":10850,"template":"","meta":{"_acf_changed":false},"product_brand":[],"product_cat":[611],"product_tag":[612],"class_list":{"0":"post-36950","1":"product","2":"type-product","3":"status-publish","4":"has-post-thumbnail","6":"product_cat-porta-chaves","7":"product_tag-cartas","8":"pa_ciudad-madrid","9":"pa_motivo-letra-r","10":"pa_pais-espana","12":"first","13":"instock","14":"shipping-taxable","15":"product-type-simple"},"acf":[],"_links":{"self":[{"href":"https:\/\/olemosaic.com\/pt-pt\/wp-json\/wp\/v2\/product\/36950","targetHints":{"allow":["GET"]}}],"collection":[{"href":"https:\/\/olemosaic.com\/pt-pt\/wp-json\/wp\/v2\/product"}],"about":[{"href":"https:\/\/olemosaic.com\/pt-pt\/wp-json\/wp\/v2\/types\/product"}],"wp:featuredmedia":[{"embeddable":true,"href":"https:\/\/olemosaic.com\/pt-pt\/wp-json\/wp\/v2\/media\/10850"}],"wp:attachment":[{"href":"https:\/\/olemosaic.com\/pt-pt\/wp-json\/wp\/v2\/media?parent=36950"}],"wp:term":[{"taxonomy":"product_brand","embeddable":true,"href":"https:\/\/olemosaic.com\/pt-pt\/wp-json\/wp\/v2\/product_brand?post=36950"},{"taxonomy":"product_cat","embeddable":true,"href":"https:\/\/olemosaic.com\/pt-pt\/wp-json\/wp\/v2\/product_cat?post=36950"},{"taxonomy":"product_tag","embeddable":true,"href":"https:\/\/olemosaic.com\/pt-pt\/wp-json\/wp\/v2\/product_tag?post=36950"}],"curies":[{"name":"wp","href":"https:\/\/api.w.org\/{rel}","templated":true}]}}