{"id":36949,"date":"2025-02-20T22:36:26","date_gmt":"2025-02-20T22:36:26","guid":{"rendered":"http:\/\/olemosaic.com\/producto\/iman-de-pvc-salamandra-naranja\/"},"modified":"2025-07-25T20:38:26","modified_gmt":"2025-07-25T18:38:26","slug":"iman-de-pvc-salamandra-laranja","status":"publish","type":"product","link":"https:\/\/olemosaic.com\/pt-pt\/produto\/iman-de-pvc-salamandra-laranja\/","title":{"rendered":"\u00cdman de PVC. Salamandra. Laranja."},"content":{"rendered":"<p>\u00cdman decorativo de salamandra de PVC, uma representa\u00e7\u00e3o colorida e alegre da fauna mediterr\u00e2nica que captura a ess\u00eancia vibrante de Espanha. Este \u00edman, de um cor de laranja brilhante com cativantes detalhes em verde e vermelho, foi desenhado com um estilo que evoca um mosaico, reflexo da rica cultura art\u00edstica do pa\u00eds. A salamandra, s\u00edmbolo da biodiversidade da regi\u00e3o, \u00e9 mostrada numa pose din\u00e2mica, com as patas abertas e a sua cauda longa, o que torna este \u00edman num elemento visualmente atraente e divertido.<\/p>\n<p>A superf\u00edcie suave e flex\u00edvel do \u00edman torna-o o acess\u00f3rio perfeito para adornar o seu frigor\u00edfico ou qualquer superf\u00edcie met\u00e1lica, adicionando um toque de alegria e frescura ao seu lar. A salamandra, um r\u00e9ptil de colorido not\u00e1vel, \u00e9 uma recorda\u00e7\u00e3o da beleza natural e da diversidade do ambiente mediterr\u00e2nico, servindo como um belo la\u00e7o entre a arte e a natureza. Este \u00edman n\u00e3o \u00e9 apenas um souvenir pr\u00e1tico, mas tamb\u00e9m um peda\u00e7o de cultura que fala da riqueza do patrim\u00f3nio espanhol.<\/p>\n<p>Na Ol\u00e9 Mosaic, oferecemos este \u00edman de salamandra como uma excelente op\u00e7\u00e3o para lojas de presentes tur\u00edsticos que procuram produtos aut\u00eanticos e representativos. Como grossistas de souvenirs, asseguramos que cada pe\u00e7a \u00e9 um reflexo do esp\u00edrito vibrante de Espanha, ideal para os turistas que desejam levar um peda\u00e7o desta maravilhosa terra para as suas casas.<\/p>\n","protected":false},"excerpt":{"rendered":"<p>\u00cdman de PVC com forma de salamandra, perfeito para recordar a vibrante fauna mediterr\u00e2nica. Este atraente \u00edman, de cor de laranja com detalhes em verde e vermelho, apresenta um design estilizado que simula um mosaico colorido. A sua superf\u00edcie suave e flex\u00edvel torna-o um complemento ideal para adornar o seu frigor\u00edfico ou qualquer superf\u00edcie met\u00e1lica. Representa a riqueza cultural e natural de Espanha, conferindo um toque de alegria ao seu lar.<\/p>\n","protected":false},"featured_media":7908,"template":"","meta":{"_acf_changed":false},"product_brand":[],"product_cat":[699],"product_tag":[516],"class_list":{"0":"post-36949","1":"product","2":"type-product","3":"status-publish","4":"has-post-thumbnail","6":"product_cat-imanes","7":"product_tag-animais","8":"pa_motivo-salamandras","10":"first","11":"instock","12":"shipping-taxable","13":"product-type-simple"},"acf":[],"_links":{"self":[{"href":"https:\/\/olemosaic.com\/pt-pt\/wp-json\/wp\/v2\/product\/36949","targetHints":{"allow":["GET"]}}],"collection":[{"href":"https:\/\/olemosaic.com\/pt-pt\/wp-json\/wp\/v2\/product"}],"about":[{"href":"https:\/\/olemosaic.com\/pt-pt\/wp-json\/wp\/v2\/types\/product"}],"wp:featuredmedia":[{"embeddable":true,"href":"https:\/\/olemosaic.com\/pt-pt\/wp-json\/wp\/v2\/media\/7908"}],"wp:attachment":[{"href":"https:\/\/olemosaic.com\/pt-pt\/wp-json\/wp\/v2\/media?parent=36949"}],"wp:term":[{"taxonomy":"product_brand","embeddable":true,"href":"https:\/\/olemosaic.com\/pt-pt\/wp-json\/wp\/v2\/product_brand?post=36949"},{"taxonomy":"product_cat","embeddable":true,"href":"https:\/\/olemosaic.com\/pt-pt\/wp-json\/wp\/v2\/product_cat?post=36949"},{"taxonomy":"product_tag","embeddable":true,"href":"https:\/\/olemosaic.com\/pt-pt\/wp-json\/wp\/v2\/product_tag?post=36949"}],"curies":[{"name":"wp","href":"https:\/\/api.w.org\/{rel}","templated":true}]}}