{"id":36947,"date":"2025-02-20T23:36:26","date_gmt":"2025-02-20T22:36:26","guid":{"rendered":"http:\/\/olemosaic.com\/producto\/iman-de-pvc-panoramica-2\/"},"modified":"2025-07-25T20:06:47","modified_gmt":"2025-07-25T18:06:47","slug":"iman-de-pvc-panoramica-espanha","status":"publish","type":"product","link":"https:\/\/olemosaic.com\/pt-pt\/produto\/iman-de-pvc-panoramica-espanha\/","title":{"rendered":"\u00cdman de PVC. Panor\u00e2mica. Espanha,"},"content":{"rendered":"<p>\u00cdman decorativo de PVC de &#8220;ESPANHA&#8221;, uma pe\u00e7a vibrante que captura a ess\u00eancia da cultura espanhola. Este \u00edman destaca-se pelo seu design colorido e art\u00edstico, com uma panor\u00e2mica cheia de vida que inclui elementos ic\u00f3nicos como paisagens ensolaradas, a rica gastronomia mediterr\u00e2nica e tradi\u00e7\u00f5es diversas, como o baile flamenco. Cada letra da palavra &#8220;ESPANHA&#8221; est\u00e1 meticulosamente ilustrada e com efeito pintado \u00e0 m\u00e3o, o que real\u00e7a a sua autenticidade e singularidade como recorda\u00e7\u00e3o.<\/p>\n<p>O acabamento brilhante e alegre do \u00edman torna-o um objeto ideal para recordar as viagens por terras espanholas ou como um presente exclusivo para amigos e familiares. Os detalhes do design refletem a diversidade cultural e o calor do pa\u00eds, desde a vibrante decora\u00e7\u00e3o dos festivais at\u00e9 \u00e0s del\u00edcias culin\u00e1rias que definem a gastronomia espanhola. Este \u00edman n\u00e3o s\u00f3 adorna qualquer superf\u00edcie met\u00e1lica, como tamb\u00e9m representa uma liga\u00e7\u00e3o emocional com a cultura e o patrim\u00f3nio de Espanha.<\/p>\n<p>Na Ol\u00e9 Mosaic, estamos comprometidos com a distribui\u00e7\u00e3o grossista de recorda\u00e7\u00f5es que representam a riqueza e diversidade da cultura espanhola. Este \u00edman de &#8220;ESPANHA&#8221; \u00e9 uma pe\u00e7a perfeita para lojas de presentes tur\u00edsticos, pois oferece uma recorda\u00e7\u00e3o da viagem e a experi\u00eancia cultural que s\u00f3 a Espanha pode proporcionar. Connosco, os grossistas de recorda\u00e7\u00f5es, garantimos produtos de qualidade que evocam hist\u00f3rias e mem\u00f3rias significativas.<\/p>\n","protected":false},"excerpt":{"rendered":"<p>\u00cdman de PVC com a palavra &#8220;ESPANHA&#8221; num design colorido e vibrante. Esta recorda\u00e7\u00e3o apresenta uma panor\u00e2mica de elementos representativos da cultura espanhola, como paisagens ensolaradas, gastronomia, tradi\u00e7\u00f5es e dan\u00e7as, tudo plasmado de forma art\u00edstica e com design artesanal, pintado \u00e0 m\u00e3o. Com um acabamento brilhante e alegre, \u00e9 ideal para recordar as viagens a Espanha ou como um presente \u00fanico que captura a ess\u00eancia do pa\u00eds.<\/p>\n","protected":false},"featured_media":11323,"template":"","meta":{"_acf_changed":false},"product_brand":[],"product_cat":[699],"product_tag":[],"class_list":{"0":"post-36947","1":"product","2":"type-product","3":"status-publish","4":"has-post-thumbnail","6":"product_cat-imanes","7":"pa_motivo-panoramas","9":"first","10":"instock","11":"shipping-taxable","12":"product-type-simple"},"acf":[],"_links":{"self":[{"href":"https:\/\/olemosaic.com\/pt-pt\/wp-json\/wp\/v2\/product\/36947","targetHints":{"allow":["GET"]}}],"collection":[{"href":"https:\/\/olemosaic.com\/pt-pt\/wp-json\/wp\/v2\/product"}],"about":[{"href":"https:\/\/olemosaic.com\/pt-pt\/wp-json\/wp\/v2\/types\/product"}],"wp:featuredmedia":[{"embeddable":true,"href":"https:\/\/olemosaic.com\/pt-pt\/wp-json\/wp\/v2\/media\/11323"}],"wp:attachment":[{"href":"https:\/\/olemosaic.com\/pt-pt\/wp-json\/wp\/v2\/media?parent=36947"}],"wp:term":[{"taxonomy":"product_brand","embeddable":true,"href":"https:\/\/olemosaic.com\/pt-pt\/wp-json\/wp\/v2\/product_brand?post=36947"},{"taxonomy":"product_cat","embeddable":true,"href":"https:\/\/olemosaic.com\/pt-pt\/wp-json\/wp\/v2\/product_cat?post=36947"},{"taxonomy":"product_tag","embeddable":true,"href":"https:\/\/olemosaic.com\/pt-pt\/wp-json\/wp\/v2\/product_tag?post=36947"}],"curies":[{"name":"wp","href":"https:\/\/api.w.org\/{rel}","templated":true}]}}