{"id":36931,"date":"2025-02-20T22:36:26","date_gmt":"2025-02-20T22:36:26","guid":{"rendered":"http:\/\/olemosaic.com\/producto\/iman-de-metal-mariposa-mallorca-negro-8-cm\/"},"modified":"2025-07-25T19:46:02","modified_gmt":"2025-07-25T17:46:02","slug":"iman-de-metal-borboleta-maiorca-preto-8-cm","status":"publish","type":"product","link":"https:\/\/olemosaic.com\/pt-pt\/produto\/iman-de-metal-borboleta-maiorca-preto-8-cm\/","title":{"rendered":"\u00cdman de metal. Borboleta. Maiorca. Preto. 8 cm."},"content":{"rendered":"<p>\u00cdman decorativo de borboletas de Maiorca. Este vibrante \u00edman met\u00e1lico \u00e9 uma pe\u00e7a atraente que captura a ess\u00eancia do esplendor natural desta bela ilha mediterr\u00e2nea. Com um tamanho de 8 cm, o seu design destaca-se por um fundo preto que serve como tela perfeita para as coloridas borboletas, cada uma ilustrada num estilo que simula um mosaico, evocando a rica heran\u00e7a art\u00edstica de Maiorca. As borboletas exibem tonalidades brilhantes de azul, vermelho, amarelo e verde, criando um efeito visual que evoca a alegria e vitalidade caracter\u00edsticas da flora e fauna local. Junto a elas, delicadas flores em variadas tonalidades acrescentam um toque de frescura e harmonia \u00e0 composi\u00e7\u00e3o.<\/p>\n<p>O texto &#8220;MALLORCA&#8221; na parte superior, com letras coloridas e brilhantes, refor\u00e7a a liga\u00e7\u00e3o com a ilha, tornando este \u00edman n\u00e3o s\u00f3 num souvenir decorativo, mas numa recorda\u00e7\u00e3o significativa que celebra a beleza natural de Maiorca. Este \u00edman \u00e9 ideal para aqueles turistas que procuram uma recorda\u00e7\u00e3o aut\u00eantica que represente a cultura e a paisagem da regi\u00e3o. Na Ol\u00e9 Mosaic, como distribuidores de souvenirs por grosso, oferecemos produtos de qualidade que capturam a ess\u00eancia de cada destino. Este \u00edman de borboletas \u00e9 uma excelente op\u00e7\u00e3o para lojas de presentes tur\u00edsticos que desejem oferecer um pedacinho de Maiorca aos seus clientes.<\/p>\n","protected":false},"excerpt":{"rendered":"<p>\u00cdman met\u00e1lico decorativo com um vibrante design de borboletas inspirado na beleza de Maiorca. Com um tamanho de 8 cm, este \u00edman apresenta um fundo preto que real\u00e7a as borboletas de cores brilhantes, adornadas com motivos que simulam um estilo mosaico. Junto a elas, apreciam-se flores em tonalidades variadas, criando um efeito visual alegre e colorido. A palavra &#8220;MALLORCA&#8221; na parte superior acrescenta um toque distintivo que evoca esta encantadora ilha do Mediterr\u00e2neo.<\/p>\n","protected":false},"featured_media":11447,"template":"","meta":{"_acf_changed":false},"product_brand":[],"product_cat":[699],"product_tag":[516],"class_list":{"0":"post-36931","1":"product","2":"type-product","3":"status-publish","4":"has-post-thumbnail","6":"product_cat-imanes","7":"product_tag-animais","8":"pa_ciudad-mallorca","9":"pa_motivo-borboletas","10":"pa_pais-espana","12":"first","13":"instock","14":"shipping-taxable","15":"product-type-simple"},"acf":[],"_links":{"self":[{"href":"https:\/\/olemosaic.com\/pt-pt\/wp-json\/wp\/v2\/product\/36931","targetHints":{"allow":["GET"]}}],"collection":[{"href":"https:\/\/olemosaic.com\/pt-pt\/wp-json\/wp\/v2\/product"}],"about":[{"href":"https:\/\/olemosaic.com\/pt-pt\/wp-json\/wp\/v2\/types\/product"}],"wp:featuredmedia":[{"embeddable":true,"href":"https:\/\/olemosaic.com\/pt-pt\/wp-json\/wp\/v2\/media\/11447"}],"wp:attachment":[{"href":"https:\/\/olemosaic.com\/pt-pt\/wp-json\/wp\/v2\/media?parent=36931"}],"wp:term":[{"taxonomy":"product_brand","embeddable":true,"href":"https:\/\/olemosaic.com\/pt-pt\/wp-json\/wp\/v2\/product_brand?post=36931"},{"taxonomy":"product_cat","embeddable":true,"href":"https:\/\/olemosaic.com\/pt-pt\/wp-json\/wp\/v2\/product_cat?post=36931"},{"taxonomy":"product_tag","embeddable":true,"href":"https:\/\/olemosaic.com\/pt-pt\/wp-json\/wp\/v2\/product_tag?post=36931"}],"curies":[{"name":"wp","href":"https:\/\/api.w.org\/{rel}","templated":true}]}}