{"id":36929,"date":"2025-02-20T23:36:25","date_gmt":"2025-02-20T22:36:25","guid":{"rendered":"http:\/\/olemosaic.com\/producto\/iman-de-metal-salamandra-mallorca-plata-8-cm-2\/"},"modified":"2025-07-25T18:51:52","modified_gmt":"2025-07-25T16:51:52","slug":"iman-de-metal-salamandra-maiorca-prata-8-cm-2","status":"publish","type":"product","link":"https:\/\/olemosaic.com\/pt-pt\/produto\/iman-de-metal-salamandra-maiorca-prata-8-cm-2\/","title":{"rendered":"\u00cdman de metal. Salamandra. Motivos florais. Maiorca. Prata. 8 cm."},"content":{"rendered":"<p>\u00cdman decorativo de Maiorca com um vibrante design de salamandras, perfeito para capturar la ess\u00eancia da fauna da ilha. Este \u00edman met\u00e1lico, de 8 cm, destaca-se pelo seu acabamento prateado que real\u00e7a a colorida representa\u00e7\u00e3o de diversas salamandras, adornadas com padr\u00f5es geom\u00e9tricos e flores. Cada detalhe est\u00e1 meticulosamente desenhado, apresentando criaturas que parecem ganhar vida sobre um fundo que simula um mosaico, evocando a rica tradi\u00e7\u00e3o art\u00edstica de Maiorca.<\/p>\n<p>A palavra &#8220;MALLORCA&#8221; exibe-se em letras chamativas na parte superior, tornando este \u00edman numa recorda\u00e7\u00e3o perfeita para quem visitou esta vibrante ilha. Este souvenir n\u00e3o \u00e9 apenas um objeto decorativo, mas um testemunho da biodiversidade e da beleza natural de Maiorca, ligado \u00e0 liga\u00e7\u00e3o cultural da ilha com os seus coloridos espa\u00e7os naturais e a sua fauna aut\u00f3ctone.<\/p>\n<p>Este \u00edman de salamandras \u00e9 uma excelente op\u00e7\u00e3o para turistas que procuram recorda\u00e7\u00f5es aut\u00eanticas e representativas que celebrem a sua visita. Na Ol\u00e9 Mosaic, somos especialistas na distribui\u00e7\u00e3o de souvenirs por grosso, oferecendo produtos que se destacam pela sua qualidade e relev\u00e2ncia cultural, como este \u00edman decorativo, ideal para lojas de presentes tur\u00edsticos. Como grossistas de souvenirs, garantimos que cada pe\u00e7a \u00e9 um aut\u00eantico tributo \u00e0 cultura balear.<\/p>\n","protected":false},"excerpt":{"rendered":"<p>\u00cdman decorativo de metal de 8 cm, com um design vibrante de salamandras inspirado na fauna de Maiorca. Este \u00edman, com acabamento prateado, apresenta uma colorida representa\u00e7\u00e3o de diversas salamandras adornadas com padr\u00f5es geom\u00e9tricos e flores, sobre um fundo com efeito de mosaico. A palavra &#8220;MALLORCA&#8221; est\u00e1 impressa em letras chamativas, tornando-o numa recorda\u00e7\u00e3o perfeita e um atrativo para qualquer amante da ilha.<\/p>\n","protected":false},"featured_media":13530,"template":"","meta":{"_acf_changed":false},"product_brand":[],"product_cat":[699],"product_tag":[516],"class_list":{"0":"post-36929","1":"product","2":"type-product","3":"status-publish","4":"has-post-thumbnail","6":"product_cat-imanes","7":"product_tag-animais","8":"pa_ciudad-mallorca","9":"pa_motivo-salamandras","10":"pa_pais-espana","12":"first","13":"instock","14":"shipping-taxable","15":"product-type-simple"},"acf":[],"_links":{"self":[{"href":"https:\/\/olemosaic.com\/pt-pt\/wp-json\/wp\/v2\/product\/36929","targetHints":{"allow":["GET"]}}],"collection":[{"href":"https:\/\/olemosaic.com\/pt-pt\/wp-json\/wp\/v2\/product"}],"about":[{"href":"https:\/\/olemosaic.com\/pt-pt\/wp-json\/wp\/v2\/types\/product"}],"wp:featuredmedia":[{"embeddable":true,"href":"https:\/\/olemosaic.com\/pt-pt\/wp-json\/wp\/v2\/media\/13530"}],"wp:attachment":[{"href":"https:\/\/olemosaic.com\/pt-pt\/wp-json\/wp\/v2\/media?parent=36929"}],"wp:term":[{"taxonomy":"product_brand","embeddable":true,"href":"https:\/\/olemosaic.com\/pt-pt\/wp-json\/wp\/v2\/product_brand?post=36929"},{"taxonomy":"product_cat","embeddable":true,"href":"https:\/\/olemosaic.com\/pt-pt\/wp-json\/wp\/v2\/product_cat?post=36929"},{"taxonomy":"product_tag","embeddable":true,"href":"https:\/\/olemosaic.com\/pt-pt\/wp-json\/wp\/v2\/product_tag?post=36929"}],"curies":[{"name":"wp","href":"https:\/\/api.w.org\/{rel}","templated":true}]}}