{"id":36928,"date":"2025-02-20T23:36:25","date_gmt":"2025-02-20T22:36:25","guid":{"rendered":"http:\/\/olemosaic.com\/producto\/iman-de-pvc-panoramica-malaga\/"},"modified":"2025-07-25T19:54:42","modified_gmt":"2025-07-25T17:54:42","slug":"iman-de-pvc-panoramica-malaga-pt-pt","status":"publish","type":"product","link":"https:\/\/olemosaic.com\/pt-pt\/produto\/iman-de-pvc-panoramica-malaga-pt-pt\/","title":{"rendered":"\u00cdman de PVC. Panor\u00e2mica. M\u00e1laga."},"content":{"rendered":"<p>\u00cdman decorativo de M\u00e1laga que simboliza a rica heran\u00e7a cultural desta vibrante cidade andaluza. Este \u00edman de PVC apresenta uma panor\u00e2mica colorida, onde se integram elementos ic\u00f3nicos de M\u00e1laga, criando uma representa\u00e7\u00e3o visual atraente e detalhada que captura a ess\u00eancia da sua cultura. Cada letra da palavra &#8220;M\u00c1LAGA&#8221; est\u00e1 adornada com imagens emblem\u00e1ticas, como a imponente pra\u00e7a de touros, um guitarrista que presta homenagem \u00e0 tradi\u00e7\u00e3o musical andaluza e uma paradis\u00edaca paisagem de praia que evidencia a beleza do litoral de M\u00e1laga.<\/p>\n<p>Os cores vibrantes e os detalhes art\u00edsticos fazem deste \u00edman um souvenir ideal para os viajantes que procuram levar um pedacinho de M\u00e1laga para casa. O seu acabamento de alta qualidade n\u00e3o s\u00f3 o torna um acess\u00f3rio decorativo perfeito para o frigor\u00edfico, mas tamb\u00e9m acrescenta um toque andaluz a qualquer espa\u00e7o do lar. Como pe\u00e7a representativa da cultura de M\u00e1laga, este \u00edman \u00e9 uma recorda\u00e7\u00e3o constante das tradi\u00e7\u00f5es e do ambiente festivo da cidade. Na Ol\u00e9 Mosaic sabemos que cada souvenir conta uma hist\u00f3ria, e este \u00edman de M\u00e1laga \u00e9 a forma perfeita de recordar e partilhar a beleza desta maravilhosa cidade andaluza. Ideal para lojas de presentes tur\u00edsticos, este artigo destaca-se como um imprescind\u00edvel entre os souvenirs andaluzes.<\/p>\n","protected":false},"excerpt":{"rendered":"<p>\u00cdman de PVC com una colorida panor\u00e2mica de M\u00e1laga, que representa elementos ic\u00f3nicos da cidade. Desenhado com letras que integram diversos motivos culturais, como a pra\u00e7a de touros, um guitarrista e uma bela paisagem de praia. Com um acabamento vibrante e detalhes art\u00edsticos, este \u00edman captura a ess\u00eancia de M\u00e1laga numa pe\u00e7a decorativa ideal para recorda\u00e7\u00f5es ou souvenirs. Perfeito para adicionar um toque andaluz a qualquer frigor\u00edfico ou espa\u00e7o do lar.<\/p>\n","protected":false},"featured_media":8826,"template":"","meta":{"_acf_changed":false},"product_brand":[],"product_cat":[699],"product_tag":[],"class_list":{"0":"post-36928","1":"product","2":"type-product","3":"status-publish","4":"has-post-thumbnail","6":"product_cat-imanes","7":"pa_ciudad-malaga","8":"pa_motivo-panoramas","9":"pa_pais-espana","11":"first","12":"instock","13":"shipping-taxable","14":"product-type-simple"},"acf":[],"_links":{"self":[{"href":"https:\/\/olemosaic.com\/pt-pt\/wp-json\/wp\/v2\/product\/36928","targetHints":{"allow":["GET"]}}],"collection":[{"href":"https:\/\/olemosaic.com\/pt-pt\/wp-json\/wp\/v2\/product"}],"about":[{"href":"https:\/\/olemosaic.com\/pt-pt\/wp-json\/wp\/v2\/types\/product"}],"wp:featuredmedia":[{"embeddable":true,"href":"https:\/\/olemosaic.com\/pt-pt\/wp-json\/wp\/v2\/media\/8826"}],"wp:attachment":[{"href":"https:\/\/olemosaic.com\/pt-pt\/wp-json\/wp\/v2\/media?parent=36928"}],"wp:term":[{"taxonomy":"product_brand","embeddable":true,"href":"https:\/\/olemosaic.com\/pt-pt\/wp-json\/wp\/v2\/product_brand?post=36928"},{"taxonomy":"product_cat","embeddable":true,"href":"https:\/\/olemosaic.com\/pt-pt\/wp-json\/wp\/v2\/product_cat?post=36928"},{"taxonomy":"product_tag","embeddable":true,"href":"https:\/\/olemosaic.com\/pt-pt\/wp-json\/wp\/v2\/product_tag?post=36928"}],"curies":[{"name":"wp","href":"https:\/\/api.w.org\/{rel}","templated":true}]}}