{"id":36927,"date":"2025-02-20T22:36:25","date_gmt":"2025-02-20T22:36:25","guid":{"rendered":"http:\/\/olemosaic.com\/producto\/iman-de-metal-gato-lanzarote-negro-8-cm\/"},"modified":"2025-07-25T19:10:43","modified_gmt":"2025-07-25T17:10:43","slug":"iman-de-metal-gato-lanzarote-preto-8-cm","status":"publish","type":"product","link":"https:\/\/olemosaic.com\/pt-pt\/produto\/iman-de-metal-gato-lanzarote-preto-8-cm\/","title":{"rendered":"\u00cdman de metal. Gato. Lanzarote. Preto. 8 cm."},"content":{"rendered":"<p>\u00cdman decorativo de Lanzarote. Este vibrante \u00edman met\u00e1lico de 8 cm apresenta um design encantador de um gato que captura a ess\u00eancia da arte de Lanzarote. Com um fundo preto que real\u00e7a a sua composi\u00e7\u00e3o, o \u00edman \u00e9 adornado com um elaborado mosaico de cores brilhantes que d\u00e1 vida \u00e0 figura do gato, tornando-o num aut\u00eantico s\u00edmbolo art\u00edstico e moderno da ilha. A representa\u00e7\u00e3o do gato, um animal que evoca a curiosidade e a independ\u00eancia, \u00e9 uma homenagem \u00e0 fauna local, enquanto o uso de tons verdes, vermelhos, azuis e amarelos adiciona um toque festivo e colorido que encantar\u00e1 quem o vir.<\/p>\n<p>O texto &#8220;Lanzarote&#8221; encontra-se em letras coloridas, refor\u00e7ando a sua liga\u00e7\u00e3o direta com a ilha can\u00e1ria e tornando-o numa recorda\u00e7\u00e3o perfeita para qualquer visitante. Este \u00edman n\u00e3o \u00e9 apenas um objeto decorativo funcional, mas tamb\u00e9m uma recorda\u00e7\u00e3o ideal que encapsula a beleza e a arte contempor\u00e2nea de Lanzarote, refletindo a sua cultura vibrante. Na Ol\u00e9 Mosaic, oferecemos esta e outras recorda\u00e7\u00f5es de Lanzarote por grosso, garantindo autenticidade e originalidade em cada pe\u00e7a. Este \u00edman \u00e9 uma excelente op\u00e7\u00e3o para lojas de presentes tur\u00edsticos que procuram produtos \u00fanicos e com significado cultural, perfeitos para recordar a experi\u00eancia can\u00e1ria.<\/p>\n","protected":false},"excerpt":{"rendered":"<p>\u00cdman met\u00e1lico de 8 cm com um design vibrante de um gato inspirado na arte de Lanzarote. A pe\u00e7a, sobre um fundo preto, destaca-se pelas suas cores vivas em forma de mosaico que configuram a figura do gato, conferindo um toque art\u00edstico e moderno. O \u00edman inclui a palavra &#8220;Lanzarote&#8221; em letras coloridas, tornando-o numa recorda\u00e7\u00e3o ideal para evocar a beleza desta ilha can\u00e1ria.<\/p>\n","protected":false},"featured_media":12847,"template":"","meta":{"_acf_changed":false},"product_brand":[],"product_cat":[699],"product_tag":[516],"class_list":{"0":"post-36927","1":"product","2":"type-product","3":"status-publish","4":"has-post-thumbnail","6":"product_cat-imanes","7":"product_tag-animais","8":"pa_ciudad-lanzarote","9":"pa_motivo-gatos","10":"pa_pais-espana","12":"first","13":"instock","14":"shipping-taxable","15":"product-type-simple"},"acf":[],"_links":{"self":[{"href":"https:\/\/olemosaic.com\/pt-pt\/wp-json\/wp\/v2\/product\/36927","targetHints":{"allow":["GET"]}}],"collection":[{"href":"https:\/\/olemosaic.com\/pt-pt\/wp-json\/wp\/v2\/product"}],"about":[{"href":"https:\/\/olemosaic.com\/pt-pt\/wp-json\/wp\/v2\/types\/product"}],"wp:featuredmedia":[{"embeddable":true,"href":"https:\/\/olemosaic.com\/pt-pt\/wp-json\/wp\/v2\/media\/12847"}],"wp:attachment":[{"href":"https:\/\/olemosaic.com\/pt-pt\/wp-json\/wp\/v2\/media?parent=36927"}],"wp:term":[{"taxonomy":"product_brand","embeddable":true,"href":"https:\/\/olemosaic.com\/pt-pt\/wp-json\/wp\/v2\/product_brand?post=36927"},{"taxonomy":"product_cat","embeddable":true,"href":"https:\/\/olemosaic.com\/pt-pt\/wp-json\/wp\/v2\/product_cat?post=36927"},{"taxonomy":"product_tag","embeddable":true,"href":"https:\/\/olemosaic.com\/pt-pt\/wp-json\/wp\/v2\/product_tag?post=36927"}],"curies":[{"name":"wp","href":"https:\/\/api.w.org\/{rel}","templated":true}]}}