{"id":36923,"date":"2025-02-20T23:36:25","date_gmt":"2025-02-20T22:36:25","guid":{"rendered":"http:\/\/olemosaic.com\/producto\/iman-de-ceramica-salamandra-y-flores-mallorca-blanco-3\/"},"modified":"2025-07-25T19:46:56","modified_gmt":"2025-07-25T17:46:56","slug":"iman-de-ceramica-salamandra-e-flores-maiorca-branco-3","status":"publish","type":"product","link":"https:\/\/olemosaic.com\/pt-pt\/produto\/iman-de-ceramica-salamandra-e-flores-maiorca-branco-3\/","title":{"rendered":"\u00cdman de cer\u00e2mica. Salamandra e flores. Azul e verde. Maiorca. Branco."},"content":{"rendered":"<p>\u00cdman decorativo de cer\u00e2mica de Maiorca, uma recorda\u00e7\u00e3o vibrante que encapsula a ess\u00eancia da ilha. Este magn\u00edfico \u00edman apresenta um design ilustrativo com uma colorida salamandra como figura central, adornada com um exuberante fundo floral. Os elegantes tons azuis e verdes da salamandra contrastam maravilhosamente com as elaboradas flores em tons amarelos e vermelhos, criando um efeito visual cativante. O fundo branco do \u00edman real\u00e7a estas cores vibrantes, enquanto os detalhes em forma de mosaico evocam a rica tradi\u00e7\u00e3o artesanal de Maiorca.<\/p>\n<p>Uma clara homenagem \u00e0 flora e fauna locais, este produto simboliza a beleza natural da ilha e o seu ambiente mediterr\u00e2nico. O texto &#8220;Maiorca&#8221; est\u00e1 impresso de forma discreta mas elegante, integrando-se na perfei\u00e7\u00e3o no design e conferindo um toque de autenticidade cultural. Este \u00edman n\u00e3o \u00e9 apenas uma excelente recorda\u00e7\u00e3o das f\u00e9rias em Maiorca, mas tamb\u00e9m uma pe\u00e7a decorativa que adicionar\u00e1 um ar de alegria a qualquer frigor\u00edfico ou superf\u00edcie met\u00e1lica.<\/p>\n<p>Na Ol\u00e9 Mosaic, especializamo-nos na distribui\u00e7\u00e3o de recorda\u00e7\u00f5es aut\u00eanticas por grosso, e este \u00edman de cer\u00e2mica \u00e9 uma op\u00e7\u00e3o ideal para qualquer loja de presentes tur\u00edsticos que procure oferecer aos seus clientes uma recorda\u00e7\u00e3o representativa e de qualidade. Com a sua combina\u00e7\u00e3o de cor, arte e cultura, este \u00edman de Maiorca \u00e9 a recorda\u00e7\u00e3o perfeita para aqueles que desejam levar um pedacinho da ilha para casa.<\/p>\n","protected":false},"excerpt":{"rendered":"<p>\u00cdman de cer\u00e2mica decorado com uma vibrante salamandra e flores, inspirado na beleza de Maiorca. Este \u00edman, sobre fundo branco, apresenta um design colorido que real\u00e7a a salamandra em tons azuis e verdes, juntamente com elaboradas flores amarelas e vermelhas, com um acabamento que lembra o mosaico. A palavra &#8220;Maiorca&#8221; est\u00e1 impressa, combinando est\u00e9tica e cultura numa pe\u00e7a \u00fanica que captar\u00e1 a aten\u00e7\u00e3o dos amantes da ilha.<\/p>\n","protected":false},"featured_media":8052,"template":"","meta":{"_acf_changed":false},"product_brand":[],"product_cat":[699],"product_tag":[516,515],"class_list":{"0":"post-36923","1":"product","2":"type-product","3":"status-publish","4":"has-post-thumbnail","6":"product_cat-imanes","7":"product_tag-animais","8":"product_tag-ceramica","9":"pa_ciudad-mallorca","10":"pa_motivo-salamandras","11":"pa_pais-espana","13":"first","14":"instock","15":"shipping-taxable","16":"product-type-simple"},"acf":[],"_links":{"self":[{"href":"https:\/\/olemosaic.com\/pt-pt\/wp-json\/wp\/v2\/product\/36923","targetHints":{"allow":["GET"]}}],"collection":[{"href":"https:\/\/olemosaic.com\/pt-pt\/wp-json\/wp\/v2\/product"}],"about":[{"href":"https:\/\/olemosaic.com\/pt-pt\/wp-json\/wp\/v2\/types\/product"}],"wp:featuredmedia":[{"embeddable":true,"href":"https:\/\/olemosaic.com\/pt-pt\/wp-json\/wp\/v2\/media\/8052"}],"wp:attachment":[{"href":"https:\/\/olemosaic.com\/pt-pt\/wp-json\/wp\/v2\/media?parent=36923"}],"wp:term":[{"taxonomy":"product_brand","embeddable":true,"href":"https:\/\/olemosaic.com\/pt-pt\/wp-json\/wp\/v2\/product_brand?post=36923"},{"taxonomy":"product_cat","embeddable":true,"href":"https:\/\/olemosaic.com\/pt-pt\/wp-json\/wp\/v2\/product_cat?post=36923"},{"taxonomy":"product_tag","embeddable":true,"href":"https:\/\/olemosaic.com\/pt-pt\/wp-json\/wp\/v2\/product_tag?post=36923"}],"curies":[{"name":"wp","href":"https:\/\/api.w.org\/{rel}","templated":true}]}}