{"id":36922,"date":"2025-02-20T22:36:24","date_gmt":"2025-02-20T22:36:24","guid":{"rendered":"http:\/\/olemosaic.com\/producto\/iman-de-metal-bulldog-plata-8-cm\/"},"modified":"2025-07-25T20:28:00","modified_gmt":"2025-07-25T18:28:00","slug":"iman-de-metal-bulldog-prata-8-cm","status":"publish","type":"product","link":"https:\/\/olemosaic.com\/pt-pt\/produto\/iman-de-metal-bulldog-prata-8-cm\/","title":{"rendered":"\u00cdman de metal. Bulldog. Prata. 8 cm."},"content":{"rendered":"<p>\u00cdman decorativo de bulldog inspirado na arte do mosaico. Este espetacular \u00edman met\u00e1lico de 8 cm apresenta um design vibrante que capta a ess\u00eancia da cultura contempor\u00e2nea atrav\u00e9s de uma representa\u00e7\u00e3o estilizada de um bulldog. Elaborado com um acabamento brilhante, o seu design \u00e9 composto por formas geom\u00e9tricas num festim de cores: vermelho, azul, amarelo e verde, criando um efeito visual alegre e din\u00e2mico que certamente atrair\u00e1 a aten\u00e7\u00e3o de qualquer pessoa. Este \u00edman n\u00e3o s\u00f3 \u00e9 funcional, decorando com estilo qualquer superf\u00edcie met\u00e1lica como frigor\u00edficos, quadros ou cacifos, como tamb\u00e9m \u00e9 um encantador souvenir, perfeito para quem procura uma recorda\u00e7\u00e3o aut\u00eantica da sua visita. Este bulldog, frequentemente associado a uma atitude corajosa e leal, simboliza a alegria e o esp\u00edrito amig\u00e1vel que caracteriza muitas regi\u00f5es de Espanha e Portugal.<\/p>\n<p>Na Ol\u00e9 Mosaic, orgulhamo-nos de oferecer souvenirs de alta qualidade que refletem a rica diversidade cultural da pen\u00ednsula ib\u00e9rica. Este \u00edman de bulldog \u00e9 uma excelente op\u00e7\u00e3o para lojas de presentes tur\u00edsticos, pois proporciona um toque alegre e distintivo que ressoar\u00e1 tanto com turistas como com locais. Como grossistas de souvenirs, garantimos que cada pe\u00e7a n\u00e3o \u00e9 apenas uma excelente recorda\u00e7\u00e3o, mas tamb\u00e9m um artigo de artesanato que destaca a tradi\u00e7\u00e3o moderna na cria\u00e7\u00e3o de souvenirs aut\u00eanticos.<\/p>\n","protected":false},"excerpt":{"rendered":"<p>\u00cdman met\u00e1lico com design de um bulldog em cores vibrantes, inspirado na arte do mosaico. Este \u00edman, de 8 cm, apresenta uma representa\u00e7\u00e3o estilizada do bulldog com formas geom\u00e9tricas em vermelho, azul, amarelo e verde, que criam um efeito visual alegre e din\u00e2mico. Ideal para decorar o seu frigor\u00edfico ou qualquer superf\u00edcie met\u00e1lica, este souvenir capta a ess\u00eancia colorida e divertida da cultura contempor\u00e2nea.<\/p>\n","protected":false},"featured_media":12854,"template":"","meta":{"_acf_changed":false},"product_brand":[],"product_cat":[699],"product_tag":[],"class_list":{"0":"post-36922","1":"product","2":"type-product","3":"status-publish","4":"has-post-thumbnail","6":"product_cat-imanes","7":"pa_motivo-bulldogs","9":"first","10":"instock","11":"shipping-taxable","12":"product-type-simple"},"acf":[],"_links":{"self":[{"href":"https:\/\/olemosaic.com\/pt-pt\/wp-json\/wp\/v2\/product\/36922","targetHints":{"allow":["GET"]}}],"collection":[{"href":"https:\/\/olemosaic.com\/pt-pt\/wp-json\/wp\/v2\/product"}],"about":[{"href":"https:\/\/olemosaic.com\/pt-pt\/wp-json\/wp\/v2\/types\/product"}],"wp:featuredmedia":[{"embeddable":true,"href":"https:\/\/olemosaic.com\/pt-pt\/wp-json\/wp\/v2\/media\/12854"}],"wp:attachment":[{"href":"https:\/\/olemosaic.com\/pt-pt\/wp-json\/wp\/v2\/media?parent=36922"}],"wp:term":[{"taxonomy":"product_brand","embeddable":true,"href":"https:\/\/olemosaic.com\/pt-pt\/wp-json\/wp\/v2\/product_brand?post=36922"},{"taxonomy":"product_cat","embeddable":true,"href":"https:\/\/olemosaic.com\/pt-pt\/wp-json\/wp\/v2\/product_cat?post=36922"},{"taxonomy":"product_tag","embeddable":true,"href":"https:\/\/olemosaic.com\/pt-pt\/wp-json\/wp\/v2\/product_tag?post=36922"}],"curies":[{"name":"wp","href":"https:\/\/api.w.org\/{rel}","templated":true}]}}