{"id":36919,"date":"2025-02-20T23:36:24","date_gmt":"2025-02-20T22:36:24","guid":{"rendered":"http:\/\/olemosaic.com\/producto\/iman-de-resina-panoramica-barcelona-9\/"},"modified":"2025-07-25T19:55:44","modified_gmt":"2025-07-25T17:55:44","slug":"iman-de-resina-panoramica-barcelona-9-pt-pt","status":"publish","type":"product","link":"https:\/\/olemosaic.com\/pt-pt\/produto\/iman-de-resina-panoramica-barcelona-9-pt-pt\/","title":{"rendered":"\u00cdman de resina. Panor\u00e2mica. Sagrada Fam\u00edlia, Casa Batll\u00f3 e Torre Agbar. Barcelona."},"content":{"rendered":"<p>\u00cdman panor\u00e2mico de resina de Barcelona. Este colorido \u00edman apresenta uma vibrante representa\u00e7\u00e3o de alguns dos monumentos mais ic\u00f3nicos da cidade, tornando-o uma recorda\u00e7\u00e3o imprescind\u00edvel para quem deseja capturar a ess\u00eancia de Barcelona. No design destaca-se a majestosa Sagrada Fam\u00edlia, com as suas detalhadas torres que parecem alcan\u00e7ar o c\u00e9u, juntamente com o evocador Hotel Casa Batll\u00f3, com a sua fachada ondulante e colorida, e a moderna Torre Agbar, que resplandece com as suas cores vivas. Este fascinante \u00edman de resina est\u00e1 decorado com um estilo original de mosaico que recorda a obra do famoso arquiteto Antoni Gaud\u00ed, integrando uma paleta de cores vibrantes que d\u00e1 vida \u00e0 singular arquitetura da cidade.<\/p>\n<p>A sua forma panor\u00e2mica n\u00e3o s\u00f3 o torna um objeto decorativo, mas tamb\u00e9m uma recorda\u00e7\u00e3o inesquec\u00edvel do esplendor arquitet\u00f3nico barcelon\u00eas. Ideal para turistas que procuram souvenirs que reflitam a cultura e a arte da regi\u00e3o, este \u00edman \u00e9 um excelente presente que evoca o esp\u00edrito criativo de Barcelona. Na Ol\u00e9 Mosaic, distribu\u00edmos souvenirs aut\u00eanticos e representativos, fazendo deste \u00edman de resina uma op\u00e7\u00e3o perfeita para lojas de presentes tur\u00edsticos que procuram produtos de qualidade e relev\u00e2ncia cultural. Como grossistas de souvenirs, garantimos a autenticidade e a beleza em cada pe\u00e7a, oferecendo recorda\u00e7\u00f5es que contam uma hist\u00f3ria.<\/p>\n","protected":false},"excerpt":{"rendered":"<p>\u00cdman com uma vibrante panor\u00e2mica de Barcelona, que representa alguns dos seus monumentos mais emblem\u00e1ticos. Este colorido \u00edman inclui a majestosa Sagrada Fam\u00edlia, o ic\u00f3nico Hotel Casa Batll\u00f3 e a Torre Agbar, tudo num design de mosaico que evoca o estilo de Gaud\u00ed. Repleto de detalhes e cores vivas, este souvenir \u00e9 perfeito para recordar a beleza arquitet\u00f3nica da cidade.<\/p>\n","protected":false},"featured_media":9344,"template":"","meta":{"_acf_changed":false},"product_brand":[],"product_cat":[699],"product_tag":[],"class_list":{"0":"post-36919","1":"product","2":"type-product","3":"status-publish","4":"has-post-thumbnail","6":"product_cat-imanes","7":"pa_ciudad-barcelona","8":"pa_motivo-panoramas","9":"pa_pais-espana","11":"first","12":"instock","13":"shipping-taxable","14":"product-type-simple"},"acf":[],"_links":{"self":[{"href":"https:\/\/olemosaic.com\/pt-pt\/wp-json\/wp\/v2\/product\/36919","targetHints":{"allow":["GET"]}}],"collection":[{"href":"https:\/\/olemosaic.com\/pt-pt\/wp-json\/wp\/v2\/product"}],"about":[{"href":"https:\/\/olemosaic.com\/pt-pt\/wp-json\/wp\/v2\/types\/product"}],"wp:featuredmedia":[{"embeddable":true,"href":"https:\/\/olemosaic.com\/pt-pt\/wp-json\/wp\/v2\/media\/9344"}],"wp:attachment":[{"href":"https:\/\/olemosaic.com\/pt-pt\/wp-json\/wp\/v2\/media?parent=36919"}],"wp:term":[{"taxonomy":"product_brand","embeddable":true,"href":"https:\/\/olemosaic.com\/pt-pt\/wp-json\/wp\/v2\/product_brand?post=36919"},{"taxonomy":"product_cat","embeddable":true,"href":"https:\/\/olemosaic.com\/pt-pt\/wp-json\/wp\/v2\/product_cat?post=36919"},{"taxonomy":"product_tag","embeddable":true,"href":"https:\/\/olemosaic.com\/pt-pt\/wp-json\/wp\/v2\/product_tag?post=36919"}],"curies":[{"name":"wp","href":"https:\/\/api.w.org\/{rel}","templated":true}]}}