{"id":36918,"date":"2025-02-20T23:36:24","date_gmt":"2025-02-20T22:36:24","guid":{"rendered":"http:\/\/olemosaic.com\/producto\/iman-de-resina-panoramica-barcelona-8\/"},"modified":"2025-07-25T19:36:25","modified_gmt":"2025-07-25T17:36:25","slug":"iman-de-resina-panoramica-barcelona-8-pt-pt","status":"publish","type":"product","link":"https:\/\/olemosaic.com\/pt-pt\/produto\/iman-de-resina-panoramica-barcelona-8-pt-pt\/","title":{"rendered":"\u00cdman de resina. Panor\u00e2mica. Arquitetura. Barcelona."},"content":{"rendered":"<p>\u00cdman panor\u00e2mico de resina de Barcelona<\/p>\n<p>Este \u00edman de resina \u00e9 uma recorda\u00e7\u00e3o vibrante que capta a ess\u00eancia de Barcelona, apresentando uma panor\u00e2mica dos seus monumentos mais emblem\u00e1ticos. O design destaca a majestosa Sagrada Fam\u00edlia com as suas torres distintivas, o colorido Parque G\u00fcell e v\u00e1rios edif\u00edcios emblem\u00e1ticos que refletem a rica heran\u00e7a arquitet\u00f3nica da cidade. A qualidade da resina permite um acabamento robusto e duradouro, enquanto as cores vivas utilizadas na representa\u00e7\u00e3o art\u00edstica conseguem real\u00e7ar cada detalhe, criando um impacto visual que atrai o olhar.<\/p>\n<p>Na base do \u00edman, encontra-se a palavra &#8220;Barcelona&#8221;, que n\u00e3o s\u00f3 refor\u00e7a a identidade da cidade, mas tamb\u00e9m confere um toque distintivo ao design. Este \u00edman \u00e9 uma excelente op\u00e7\u00e3o para turistas que procuram um souvenir aut\u00eantico e representativo da sua experi\u00eancia em Barcelona. A sua liga\u00e7\u00e3o cultural \u00e9 ineg\u00e1vel, uma vez que cada monumento evoca a hist\u00f3ria e o legado art\u00edstico da cidade, do arquiteto Antoni Gaud\u00ed e de outros grandes mestres do modernismo catal\u00e3o.<\/p>\n<p>Na Ol\u00e9 Mosaic, oferecemos uma vasta gama de produtos por grosso como este \u00edman, ideais para lojas de presentes tur\u00edsticos que procuram souvenirs \u00fanicos que capturem a magia de Espanha. Este \u00edman de Barcelona \u00e9, sem d\u00favida, uma escolha perfeita para quem deseja levar um pedacinho desta magn\u00edfica cidade para casa.<\/p>\n","protected":false},"excerpt":{"rendered":"<p>\u00cdman que capta a ess\u00eancia de Barcelona com uma vibrante panor\u00e2mica dos seus monumentos mais emblem\u00e1ticos. Este colorido \u00edman apresenta a Sagrada Fam\u00edlia, o Parque G\u00fcell e outros edif\u00edcios ic\u00f3nicos da cidade, tudo numa detalhada representa\u00e7\u00e3o art\u00edstica. Decorado com cores vivas e um acabamento resistente, inclui a palavra &#8220;Barcelona&#8221;, acrescentando um toque distintivo. Ideal para recordar ou partilhar a beleza arquitet\u00f3nica desta magn\u00edfica cidade.<\/p>\n","protected":false},"featured_media":6742,"template":"","meta":{"_acf_changed":false},"product_brand":[],"product_cat":[699],"product_tag":[],"class_list":{"0":"post-36918","1":"product","2":"type-product","3":"status-publish","4":"has-post-thumbnail","6":"product_cat-imanes","7":"pa_ciudad-barcelona","8":"pa_motivo-panoramas","9":"pa_pais-espana","11":"first","12":"instock","13":"shipping-taxable","14":"product-type-simple"},"acf":[],"_links":{"self":[{"href":"https:\/\/olemosaic.com\/pt-pt\/wp-json\/wp\/v2\/product\/36918","targetHints":{"allow":["GET"]}}],"collection":[{"href":"https:\/\/olemosaic.com\/pt-pt\/wp-json\/wp\/v2\/product"}],"about":[{"href":"https:\/\/olemosaic.com\/pt-pt\/wp-json\/wp\/v2\/types\/product"}],"wp:featuredmedia":[{"embeddable":true,"href":"https:\/\/olemosaic.com\/pt-pt\/wp-json\/wp\/v2\/media\/6742"}],"wp:attachment":[{"href":"https:\/\/olemosaic.com\/pt-pt\/wp-json\/wp\/v2\/media?parent=36918"}],"wp:term":[{"taxonomy":"product_brand","embeddable":true,"href":"https:\/\/olemosaic.com\/pt-pt\/wp-json\/wp\/v2\/product_brand?post=36918"},{"taxonomy":"product_cat","embeddable":true,"href":"https:\/\/olemosaic.com\/pt-pt\/wp-json\/wp\/v2\/product_cat?post=36918"},{"taxonomy":"product_tag","embeddable":true,"href":"https:\/\/olemosaic.com\/pt-pt\/wp-json\/wp\/v2\/product_tag?post=36918"}],"curies":[{"name":"wp","href":"https:\/\/api.w.org\/{rel}","templated":true}]}}