{"id":36912,"date":"2025-02-20T23:36:24","date_gmt":"2025-02-20T22:36:24","guid":{"rendered":"http:\/\/olemosaic.com\/producto\/iman-de-resina-panoramica-barcelona-65-cm-2\/"},"modified":"2025-07-25T18:52:36","modified_gmt":"2025-07-25T16:52:36","slug":"iman-de-resina-panoramica-mosaico-barcelona-6-5-cm","status":"publish","type":"product","link":"https:\/\/olemosaic.com\/pt-pt\/produto\/iman-de-resina-panoramica-mosaico-barcelona-6-5-cm\/","title":{"rendered":"\u00cdman de resina. Panor\u00e2mica. Mosaico. Barcelona. 6,5 cm."},"content":{"rendered":"<p>\u00cdman de resina panor\u00e2mico de Barcelona<\/p>\n<p>Este \u00edman de resina \u00e9 uma vibrante recorda\u00e7\u00e3o de Barcelona que captura a ess\u00eancia desta ic\u00f3nica cidade num atraente design de 6,5 cm de di\u00e2metro. Com um colorido mosaico que destaca a majestosa Sagrada Fam\u00edlia, um dos monumentos mais emblem\u00e1ticos da cidade, o \u00edman tamb\u00e9m apresenta a famosa escultura do drag\u00e3o do Parque G\u00fcell, uma obra-prima de Antoni Gaud\u00ed. Os detalhes art\u00edsticos est\u00e3o meticulosamente ilustrados, real\u00e7ando as cores vivas e as diversas formas que evocam o esp\u00edrito criativo e din\u00e2mico de Barcelona.<\/p>\n<p>O design n\u00e3o \u00e9 apenas visualmente impactante, mas tamb\u00e9m reflete a rica heran\u00e7a cultural da cidade, tornando-o um aut\u00eantico souvenir que captura a beleza e a inova\u00e7\u00e3o que caracterizam Barcelona. Este \u00edman n\u00e3o s\u00f3 adiciona um toque decorativo a qualquer espa\u00e7o, como tamb\u00e9m serve como um lembrete tang\u00edvel de uma viagem inesquec\u00edvel.<\/p>\n<p>Na Ol\u00e9 Mosaic, o seu distribuidor de recorda\u00e7\u00f5es aut\u00eanticas, oferecemos este \u00edman de Barcelona, ideal para lojas de presentes tur\u00edsticos que procuram produtos \u00fanicos e significativos. \u00c9 uma op\u00e7\u00e3o perfeita para aqueles que desejam levar um peda\u00e7o da cultura catal\u00e3 para casa, tornando-o um excelente souvenir da cidade condal.<\/p>\n","protected":false},"excerpt":{"rendered":"<p>\u00cdman com uma vibrante panor\u00e2mica de Barcelona, de 6,5 cm de di\u00e2metro. Esta atraente recorda\u00e7\u00e3o apresenta um colorido mosaico que destaca a Sagrada Fam\u00edlia e outros monumentos emblem\u00e1ticos da cidade, como a famosa escultura do drag\u00e3o no Park G\u00fcell. O design \u00e9 ilustrativo e detalhado, real\u00e7ando as cores vivas e as diversas formas que capturam o esp\u00edrito art\u00edstico de Barcelona, ideal para recordar uma viagem inesquec\u00edvel.<\/p>\n","protected":false},"featured_media":9325,"template":"","meta":{"_acf_changed":false},"product_brand":[],"product_cat":[699],"product_tag":[],"class_list":{"0":"post-36912","1":"product","2":"type-product","3":"status-publish","4":"has-post-thumbnail","6":"product_cat-imanes","7":"pa_ciudad-barcelona","8":"pa_motivo-panoramas","9":"pa_pais-espana","11":"first","12":"instock","13":"shipping-taxable","14":"product-type-simple"},"acf":[],"_links":{"self":[{"href":"https:\/\/olemosaic.com\/pt-pt\/wp-json\/wp\/v2\/product\/36912","targetHints":{"allow":["GET"]}}],"collection":[{"href":"https:\/\/olemosaic.com\/pt-pt\/wp-json\/wp\/v2\/product"}],"about":[{"href":"https:\/\/olemosaic.com\/pt-pt\/wp-json\/wp\/v2\/types\/product"}],"wp:featuredmedia":[{"embeddable":true,"href":"https:\/\/olemosaic.com\/pt-pt\/wp-json\/wp\/v2\/media\/9325"}],"wp:attachment":[{"href":"https:\/\/olemosaic.com\/pt-pt\/wp-json\/wp\/v2\/media?parent=36912"}],"wp:term":[{"taxonomy":"product_brand","embeddable":true,"href":"https:\/\/olemosaic.com\/pt-pt\/wp-json\/wp\/v2\/product_brand?post=36912"},{"taxonomy":"product_cat","embeddable":true,"href":"https:\/\/olemosaic.com\/pt-pt\/wp-json\/wp\/v2\/product_cat?post=36912"},{"taxonomy":"product_tag","embeddable":true,"href":"https:\/\/olemosaic.com\/pt-pt\/wp-json\/wp\/v2\/product_tag?post=36912"}],"curies":[{"name":"wp","href":"https:\/\/api.w.org\/{rel}","templated":true}]}}