{"id":36909,"date":"2025-02-20T23:36:23","date_gmt":"2025-02-20T22:36:23","guid":{"rendered":"http:\/\/olemosaic.com\/producto\/iman-de-resina-letrero-mallorca-11-cm\/"},"modified":"2025-07-25T19:26:19","modified_gmt":"2025-07-25T17:26:19","slug":"iman-de-resina-letreiro-maiorca-11-cm","status":"publish","type":"product","link":"https:\/\/olemosaic.com\/pt-pt\/produto\/iman-de-resina-letreiro-maiorca-11-cm\/","title":{"rendered":"\u00cdman de resina. Letreiro. Maiorca. 11 cm."},"content":{"rendered":"<p>\u00cdman de resina com forma de letreiro decorado com a palavra &#8220;MALLORCA&#8221;. Este atraente \u00edman, de 11 cm, captura a ess\u00eancia vibrante da ilha bale\u00e1rica com um design que evoca o famoso estilo de mosaico tradicional maiorquino. O seu fundo estilizado apresenta pe\u00e7as em tons cinzentos que adicionam um toque de eleg\u00e2ncia, enquanto as letras de &#8220;MALLORCA&#8221; se destacam numa explos\u00e3o de cores: vermelho, azul, verde e amarelo, criando um contraste que atrai o olhar e transmite a alegria da cultura maiorquina.<\/p>\n<p>Este \u00edman n\u00e3o \u00e9 apenas um objeto decorativo, mas tamb\u00e9m um s\u00edmbolo de recorda\u00e7\u00f5es inesquec\u00edveis vividas na bela Maiorca. O seu material de resina garante durabilidade e resist\u00eancia, o que o torna um souvenir ideal para quem deseja levar consigo um fragmento da ilha. Com os seus detalhes coloridos, \u00e9 perfeito para adornar o frigor\u00edfico ou qualquer superf\u00edcie met\u00e1lica, servindo como um lembrete constante dessa escapadela sonhada.<\/p>\n<p>Na Ol\u00e9 Mosaic, especializamo-nos na distribui\u00e7\u00e3o de souvenirs por grosso, oferecendo este \u00edman de resina como uma excelente op\u00e7\u00e3o para lojas de presentes tur\u00edsticos que procuram produtos aut\u00eanticos e representativos de Maiorca. Este \u00edman \u00e9, sem d\u00favida, uma forma encantadora de recordar a beleza e a cultura da ilha.<\/p>\n","protected":false},"excerpt":{"rendered":"<p>\u00cdman com forma de letreiro, decorado com a palavra &#8220;MALLORCA&#8221; em cores vibrantes. Com um design que evoca o estilo do mosaico tradicional, este \u00edman mede 11 cm e apresenta um fundo com pe\u00e7as em tons cinzentos e toques de colora\u00e7\u00e3o que contrastam com letras em vermelho, azul, verde e amarelo. \u00c9 ideal para quem deseja recordar a sua visita \u00e0 bela ilha de Maiorca.<\/p>\n","protected":false},"featured_media":9525,"template":"","meta":{"_acf_changed":false},"product_brand":[],"product_cat":[699],"product_tag":[],"class_list":{"0":"post-36909","1":"product","2":"type-product","3":"status-publish","4":"has-post-thumbnail","6":"product_cat-imanes","7":"pa_ciudad-mallorca","8":"pa_motivo-letreiros-de-cidades","9":"pa_pais-espana","11":"first","12":"instock","13":"shipping-taxable","14":"product-type-simple"},"acf":[],"_links":{"self":[{"href":"https:\/\/olemosaic.com\/pt-pt\/wp-json\/wp\/v2\/product\/36909","targetHints":{"allow":["GET"]}}],"collection":[{"href":"https:\/\/olemosaic.com\/pt-pt\/wp-json\/wp\/v2\/product"}],"about":[{"href":"https:\/\/olemosaic.com\/pt-pt\/wp-json\/wp\/v2\/types\/product"}],"wp:featuredmedia":[{"embeddable":true,"href":"https:\/\/olemosaic.com\/pt-pt\/wp-json\/wp\/v2\/media\/9525"}],"wp:attachment":[{"href":"https:\/\/olemosaic.com\/pt-pt\/wp-json\/wp\/v2\/media?parent=36909"}],"wp:term":[{"taxonomy":"product_brand","embeddable":true,"href":"https:\/\/olemosaic.com\/pt-pt\/wp-json\/wp\/v2\/product_brand?post=36909"},{"taxonomy":"product_cat","embeddable":true,"href":"https:\/\/olemosaic.com\/pt-pt\/wp-json\/wp\/v2\/product_cat?post=36909"},{"taxonomy":"product_tag","embeddable":true,"href":"https:\/\/olemosaic.com\/pt-pt\/wp-json\/wp\/v2\/product_tag?post=36909"}],"curies":[{"name":"wp","href":"https:\/\/api.w.org\/{rel}","templated":true}]}}