{"id":36908,"date":"2025-02-20T23:36:23","date_gmt":"2025-02-20T22:36:23","guid":{"rendered":"http:\/\/olemosaic.com\/producto\/iman-de-resina-mariposa-barcelona-10-cm\/"},"modified":"2025-07-25T20:36:08","modified_gmt":"2025-07-25T18:36:08","slug":"iman-de-resina-borboleta-barcelona-10-cm","status":"publish","type":"product","link":"https:\/\/olemosaic.com\/pt-pt\/produto\/iman-de-resina-borboleta-barcelona-10-cm\/","title":{"rendered":"\u00cdman de resina. Borboleta. Barcelona. 10 cm."},"content":{"rendered":"<p>\u00cdman de resina com forma de lagarto, que evoca a arte vibrante de Barcelona. Este \u00edman colorido de 10 cm capta a aten\u00e7\u00e3o com o seu design singular, que combina tons brilhantes de azul, vermelho, amarelo e preto, refletindo a rica heran\u00e7a modernista da cidade. A ilustra\u00e7\u00e3o delicada em cada parte do lagarto incorpora padr\u00f5es ornamentais que recordam os famosos mosaicos de Gaud\u00ed, tornando-o uma pe\u00e7a muito representativa do patrim\u00f3nio cultural catal\u00e3o. A palavra &#8220;Barcelona&#8221;, elegantemente integrada no design, adiciona um car\u00e1cter distintivo e pessoal ao objeto, tornando-o uma recorda\u00e7\u00e3o inigual\u00e1vel da cidade. Ideal para decorar qualquer superf\u00edcie met\u00e1lica, este \u00edman n\u00e3o s\u00f3 serve como um acess\u00f3rio pr\u00e1tico para o lar, mas tamb\u00e9m como um belo souvenir que captura a ess\u00eancia e o esp\u00edrito criativo da capital catal\u00e3. Na Ol\u00e9 Mosaic, especializados na distribui\u00e7\u00e3o de souvenirs por grosso, oferecemos este \u00edman de lagarto como uma excelente op\u00e7\u00e3o para lojas de presentes tur\u00edsticos que procuram produtos aut\u00eanticos e culturais. Este souvenir de Barcelona \u00e9 o presente perfeito para quem deseja levar consigo uma parte da rica tradi\u00e7\u00e3o art\u00edstica de Espanha.<\/p>\n","protected":false},"excerpt":{"rendered":"<p>\u00cdman com forma de borboleta que representa a ess\u00eancia vibrante de Barcelona. Este \u00edman, de 10 cm, destaca-se pelo seu design colorido que combina tons azuis, vermelhos e amarelos, evocando os mosaicos modernistas da cidade. A palavra &#8220;Barcelona&#8221; est\u00e1 elegantemente integrada no design, adicionando um toque distintivo. Ideal para decorar o frigor\u00edfico ou como recorda\u00e7\u00e3o, este \u00edman captura a beleza e a arte da capital catal\u00e3.<\/p>\n","protected":false},"featured_media":9339,"template":"","meta":{"_acf_changed":false},"product_brand":[],"product_cat":[699],"product_tag":[516],"class_list":{"0":"post-36908","1":"product","2":"type-product","3":"status-publish","4":"has-post-thumbnail","6":"product_cat-imanes","7":"product_tag-animais","8":"pa_ciudad-barcelona","9":"pa_motivo-borboletas","10":"pa_pais-espana","12":"first","13":"instock","14":"shipping-taxable","15":"product-type-simple"},"acf":[],"_links":{"self":[{"href":"https:\/\/olemosaic.com\/pt-pt\/wp-json\/wp\/v2\/product\/36908","targetHints":{"allow":["GET"]}}],"collection":[{"href":"https:\/\/olemosaic.com\/pt-pt\/wp-json\/wp\/v2\/product"}],"about":[{"href":"https:\/\/olemosaic.com\/pt-pt\/wp-json\/wp\/v2\/types\/product"}],"wp:featuredmedia":[{"embeddable":true,"href":"https:\/\/olemosaic.com\/pt-pt\/wp-json\/wp\/v2\/media\/9339"}],"wp:attachment":[{"href":"https:\/\/olemosaic.com\/pt-pt\/wp-json\/wp\/v2\/media?parent=36908"}],"wp:term":[{"taxonomy":"product_brand","embeddable":true,"href":"https:\/\/olemosaic.com\/pt-pt\/wp-json\/wp\/v2\/product_brand?post=36908"},{"taxonomy":"product_cat","embeddable":true,"href":"https:\/\/olemosaic.com\/pt-pt\/wp-json\/wp\/v2\/product_cat?post=36908"},{"taxonomy":"product_tag","embeddable":true,"href":"https:\/\/olemosaic.com\/pt-pt\/wp-json\/wp\/v2\/product_tag?post=36908"}],"curies":[{"name":"wp","href":"https:\/\/api.w.org\/{rel}","templated":true}]}}