{"id":36886,"date":"2025-02-20T23:36:22","date_gmt":"2025-02-20T22:36:22","guid":{"rendered":"http:\/\/olemosaic.com\/producto\/iman-de-resina-isla-mallorca\/"},"modified":"2025-07-26T00:02:25","modified_gmt":"2025-07-25T22:02:25","slug":"iman-de-resina-ilha-maiorca","status":"publish","type":"product","link":"https:\/\/olemosaic.com\/pt-pt\/produto\/iman-de-resina-ilha-maiorca\/","title":{"rendered":"\u00cdman de resina. Ilha. Maiorca."},"content":{"rendered":"<p>\u00cdman de resina da ilha de Maiorca, adornado com coloridas lagartixas e flores, ideal para os amantes da arte e da natureza. Esta encantadora recorda\u00e7\u00e3o apresenta a palavra &#8220;MALLORCA&#8221; em vibrantes tonalidades, real\u00e7ando tanto o car\u00e1ter arquitet\u00f3nico como o natural da ilha. A forma do \u00edman evoca a silhueta de Maiorca, enquanto os detalhes pintados \u00e0 m\u00e3o, com lagartixas em tons verde, azul e vermelho, conferem um toque art\u00edstico e exclusivo.<\/p>\n<p>Cada \u00edman n\u00e3o \u00e9 apenas um objeto decorativo, mas um s\u00edmbolo da rica biodiversidade de Maiorca, onde estas lagartixas s\u00e3o um emblema da fauna local. As flores que acompanham o design acrescentam um ar fresco e vibrante, recordando aos turistas as paisagens floridas desta bela ilha mediterr\u00e2nica.<\/p>\n<p>Este \u00edman \u00e9 uma excelente op\u00e7\u00e3o para quem procura recorda\u00e7\u00f5es de Maiorca aut\u00eanticas e significativas. Na Ol\u00e9 Mosaic, especializamo-nos na distribui\u00e7\u00e3o de recorda\u00e7\u00f5es por grosso que capturam a ess\u00eancia cultural e natural de lugares emblem\u00e1ticos. Este \u00edman de resina n\u00e3o \u00e9 apenas uma recorda\u00e7\u00e3o perfeita das f\u00e9rias, mas tamb\u00e9m um presente ideal para quem deseja levar um peda\u00e7o da ilha para o seu lar, tornando-se numa das recorda\u00e7\u00f5es de Maiorca mais atraentes do mercado.<\/p>\n","protected":false},"excerpt":{"rendered":"<p>\u00cdman com forma da ilha de Maiorca, decorado com coloridas lagartixas e flores. Esta atraente recorda\u00e7\u00e3o apresenta a palavra &#8220;MALLORCA&#8221; em tons vibrantes, real\u00e7ando o seu car\u00e1ter arquitet\u00f3nico e natural. Fabricado em resina, o seu design muito especial real\u00e7a a beleza da ilha, com detalhes pintados \u00e0 m\u00e3o que lhe conferem um toque art\u00edstico e exclusivo. Ideal para recordar os encantos de Maiorca em casa.<\/p>\n","protected":false},"featured_media":10428,"template":"","meta":{"_acf_changed":false},"product_brand":[],"product_cat":[699],"product_tag":[],"class_list":{"0":"post-36886","1":"product","2":"type-product","3":"status-publish","4":"has-post-thumbnail","6":"product_cat-imanes","7":"pa_ciudad-mallorca","8":"pa_motivo-ilhas","9":"pa_pais-espana","11":"first","12":"instock","13":"shipping-taxable","14":"product-type-simple"},"acf":[],"_links":{"self":[{"href":"https:\/\/olemosaic.com\/pt-pt\/wp-json\/wp\/v2\/product\/36886","targetHints":{"allow":["GET"]}}],"collection":[{"href":"https:\/\/olemosaic.com\/pt-pt\/wp-json\/wp\/v2\/product"}],"about":[{"href":"https:\/\/olemosaic.com\/pt-pt\/wp-json\/wp\/v2\/types\/product"}],"wp:featuredmedia":[{"embeddable":true,"href":"https:\/\/olemosaic.com\/pt-pt\/wp-json\/wp\/v2\/media\/10428"}],"wp:attachment":[{"href":"https:\/\/olemosaic.com\/pt-pt\/wp-json\/wp\/v2\/media?parent=36886"}],"wp:term":[{"taxonomy":"product_brand","embeddable":true,"href":"https:\/\/olemosaic.com\/pt-pt\/wp-json\/wp\/v2\/product_brand?post=36886"},{"taxonomy":"product_cat","embeddable":true,"href":"https:\/\/olemosaic.com\/pt-pt\/wp-json\/wp\/v2\/product_cat?post=36886"},{"taxonomy":"product_tag","embeddable":true,"href":"https:\/\/olemosaic.com\/pt-pt\/wp-json\/wp\/v2\/product_tag?post=36886"}],"curies":[{"name":"wp","href":"https:\/\/api.w.org\/{rel}","templated":true}]}}