{"id":36884,"date":"2025-02-20T23:36:21","date_gmt":"2025-02-20T22:36:21","guid":{"rendered":"http:\/\/olemosaic.com\/producto\/iman-de-resina-salamandra-y-flores-barcelona-75-cm\/"},"modified":"2025-07-25T19:54:58","modified_gmt":"2025-07-25T17:54:58","slug":"iman-de-resina-salamandra-e-flores-barcelona-7-5-cm","status":"publish","type":"product","link":"https:\/\/olemosaic.com\/pt-pt\/produto\/iman-de-resina-salamandra-e-flores-barcelona-7-5-cm\/","title":{"rendered":"\u00cdman de resina. Salamandra e flores. Barcelona. 7,5 cm."},"content":{"rendered":"<p>\u00cdman de resina de 7,5 cm com uma vibrante ilustra\u00e7\u00e3o de duas salamandras que capturam a ess\u00eancia art\u00edstica de Barcelona. Esta atraente recorda\u00e7\u00e3o, destacada pelas suas cores vivas, entre as quais sobressaem o vermelho, o azul e o verde, \u00e9 complementada por um espl\u00eandido fundo de mosaico floral em tons amarelos e f\u00facsias, evocando o famoso estilo trencad\u00eds que caracteriza a obra do renomeado arquiteto Antoni Gaud\u00ed. As salamandras, s\u00edmbolo da criatividade e da transforma\u00e7\u00e3o, est\u00e3o emolduradas num design que recorda as coloridas fachadas da cidade, tornando este \u00edman numa pe\u00e7a representativa da cultura local.<\/p>\n<p>Com o nome &#8220;Barcelona&#8221; em letras destacadas, este \u00edman \u00e9 uma op\u00e7\u00e3o perfeita para decorar qualquer espa\u00e7o, e tamb\u00e9m um lembrete constante da magia e da inspira\u00e7\u00e3o desta cidade. \u00c9 uma recorda\u00e7\u00e3o aut\u00eantica que encapsula a fus\u00e3o da natureza e da arquitetura caracter\u00edstica da regi\u00e3o.<\/p>\n<p>Na Ol\u00e9 Mosaic somos especialistas na distribui\u00e7\u00e3o de recorda\u00e7\u00f5es por grosso, oferecendo produtos que destacam a heran\u00e7a cultural de Espanha. Este \u00edman de salamandra \u00e9 uma excelente escolha para lojas de presentes tur\u00edsticos que procuram artigos \u00fanicos e com um forte valor representativo. Sem d\u00favida, \u00e9 um presente ideal para turistas que desejam levar um peda\u00e7o de Barcelona para casa.<\/p>\n","protected":false},"excerpt":{"rendered":"<p>\u00cdman de 7,5 cm, decorado com uma colorida ilustra\u00e7\u00e3o de duas salamandras sobre um fundo de mosaico floral, que representa a vibrante ess\u00eancia de Barcelona. Este atraente \u00edman destaca-se pelos seus motivos em tons vivos, como o vermelho, o azul e o verde, juntamente com flores em amarelo e f\u00facsia, evocando o famoso estilo trencad\u00eds. Com o texto &#8220;Barcelona&#8221; em letras destacadas, \u00e9 uma recorda\u00e7\u00e3o encantadora que captura a criatividade e a arte da cidade.<\/p>\n","protected":false},"featured_media":9318,"template":"","meta":{"_acf_changed":false},"product_brand":[],"product_cat":[699],"product_tag":[516],"class_list":{"0":"post-36884","1":"product","2":"type-product","3":"status-publish","4":"has-post-thumbnail","6":"product_cat-imanes","7":"product_tag-animais","8":"pa_ciudad-barcelona","9":"pa_motivo-salamandras","10":"pa_pais-espana","12":"first","13":"instock","14":"shipping-taxable","15":"product-type-simple"},"acf":[],"_links":{"self":[{"href":"https:\/\/olemosaic.com\/pt-pt\/wp-json\/wp\/v2\/product\/36884","targetHints":{"allow":["GET"]}}],"collection":[{"href":"https:\/\/olemosaic.com\/pt-pt\/wp-json\/wp\/v2\/product"}],"about":[{"href":"https:\/\/olemosaic.com\/pt-pt\/wp-json\/wp\/v2\/types\/product"}],"wp:featuredmedia":[{"embeddable":true,"href":"https:\/\/olemosaic.com\/pt-pt\/wp-json\/wp\/v2\/media\/9318"}],"wp:attachment":[{"href":"https:\/\/olemosaic.com\/pt-pt\/wp-json\/wp\/v2\/media?parent=36884"}],"wp:term":[{"taxonomy":"product_brand","embeddable":true,"href":"https:\/\/olemosaic.com\/pt-pt\/wp-json\/wp\/v2\/product_brand?post=36884"},{"taxonomy":"product_cat","embeddable":true,"href":"https:\/\/olemosaic.com\/pt-pt\/wp-json\/wp\/v2\/product_cat?post=36884"},{"taxonomy":"product_tag","embeddable":true,"href":"https:\/\/olemosaic.com\/pt-pt\/wp-json\/wp\/v2\/product_tag?post=36884"}],"curies":[{"name":"wp","href":"https:\/\/api.w.org\/{rel}","templated":true}]}}