{"id":36883,"date":"2025-02-20T23:36:21","date_gmt":"2025-02-20T22:36:21","guid":{"rendered":"http:\/\/olemosaic.com\/producto\/iman-de-resina-bailaora-madrid-75-cm\/"},"modified":"2025-07-25T18:55:08","modified_gmt":"2025-07-25T16:55:08","slug":"iman-de-resina-bailarina-madrid-7-5-cm","status":"publish","type":"product","link":"https:\/\/olemosaic.com\/pt-pt\/produto\/iman-de-resina-bailarina-madrid-7-5-cm\/","title":{"rendered":"\u00cdman de resina. Bailarina. Madrid. 7,5 cm."},"content":{"rendered":"<p>\u00cdman de resina de 7,5 cm inspirado no flamenco madrileno. Esta atraente recorda\u00e7\u00e3o apresenta duas bailarinas com vibrantes trajes de folhos, capturando a ess\u00eancia da dan\u00e7a espanhola mais emblem\u00e1tica. Cada figura \u00e9 elaborada com um design art\u00edstico que utiliza cores brilhantes como o vermelho, o azul e o amarelo, simbolizando a alegria e a paix\u00e3o que caracterizam o flamenco. As bailarinas, em posturas din\u00e2micas, refletem o movimento e a gra\u00e7a desta arte, enquanto o fundo de mosaico acrescenta um toque distintivo que evoca a arquitetura da capital espanhola.<\/p>\n<p>Este \u00edman n\u00e3o \u00e9 apenas um objeto decorativo, mas uma recorda\u00e7\u00e3o significativa que liga o turista \u00e0 rica cultura de Madrid. A tradi\u00e7\u00e3o flamenca, parte integrante da identidade espanhola, torna-se uma experi\u00eancia palp\u00e1vel atrav\u00e9s desta recorda\u00e7\u00e3o. Na Ol\u00e9 Mosaic oferecemos uma vasta gama de recorda\u00e7\u00f5es culturais de alta qualidade, ideais para aqueles que procuram um peda\u00e7o de Espanha. Este \u00edman de resina \u00e9 perfeito para lojas de presentes tur\u00edsticos que desejem oferecer aos seus clientes um pouco da vibrante vida madrilena, destacando a sua autenticidade e liga\u00e7\u00e3o cultural como uma recorda\u00e7\u00e3o representativa da cidade.<\/p>\n","protected":false},"excerpt":{"rendered":"<p>\u00cdman de 7,5 cm inspirado no flamenco madrileno, que representa duas bailarinas com os seus vibrantes trajes de folhos. O design, que utiliza cores vivas como o vermelho, o azul e o amarelo, real\u00e7a a alegria e a paix\u00e3o desta dan\u00e7a. As figuras, sobre um fundo de mosaico, capturam o movimento e a gra\u00e7a do flamenco, com um toque art\u00edstico que celebra a cultura espanhola. Perfeito para recordar a ess\u00eancia de Madrid.<\/p>\n","protected":false},"featured_media":13828,"template":"","meta":{"_acf_changed":false},"product_brand":[],"product_cat":[699],"product_tag":[],"class_list":{"0":"post-36883","1":"product","2":"type-product","3":"status-publish","4":"has-post-thumbnail","6":"product_cat-imanes","7":"pa_ciudad-madrid","8":"pa_motivo-dancarinos","9":"pa_pais-espana","11":"first","12":"instock","13":"shipping-taxable","14":"product-type-simple"},"acf":[],"_links":{"self":[{"href":"https:\/\/olemosaic.com\/pt-pt\/wp-json\/wp\/v2\/product\/36883","targetHints":{"allow":["GET"]}}],"collection":[{"href":"https:\/\/olemosaic.com\/pt-pt\/wp-json\/wp\/v2\/product"}],"about":[{"href":"https:\/\/olemosaic.com\/pt-pt\/wp-json\/wp\/v2\/types\/product"}],"wp:featuredmedia":[{"embeddable":true,"href":"https:\/\/olemosaic.com\/pt-pt\/wp-json\/wp\/v2\/media\/13828"}],"wp:attachment":[{"href":"https:\/\/olemosaic.com\/pt-pt\/wp-json\/wp\/v2\/media?parent=36883"}],"wp:term":[{"taxonomy":"product_brand","embeddable":true,"href":"https:\/\/olemosaic.com\/pt-pt\/wp-json\/wp\/v2\/product_brand?post=36883"},{"taxonomy":"product_cat","embeddable":true,"href":"https:\/\/olemosaic.com\/pt-pt\/wp-json\/wp\/v2\/product_cat?post=36883"},{"taxonomy":"product_tag","embeddable":true,"href":"https:\/\/olemosaic.com\/pt-pt\/wp-json\/wp\/v2\/product_tag?post=36883"}],"curies":[{"name":"wp","href":"https:\/\/api.w.org\/{rel}","templated":true}]}}