{"id":36880,"date":"2025-02-20T23:36:21","date_gmt":"2025-02-20T22:36:21","guid":{"rendered":"http:\/\/olemosaic.com\/producto\/iman-de-resina-panoramica-barcelona-6\/"},"modified":"2025-07-25T19:48:19","modified_gmt":"2025-07-25T17:48:19","slug":"iman-de-resina-panoramica-barcelona-6-pt-pt","status":"publish","type":"product","link":"https:\/\/olemosaic.com\/pt-pt\/produto\/iman-de-resina-panoramica-barcelona-6-pt-pt\/","title":{"rendered":"\u00cdman de resina. Panor\u00e2mica. Monumento a Colombo, Parque G\u00fcell e Casa Batll\u00f3. Barcelona."},"content":{"rendered":"<p>\u00cdman de resina com uma vibrante panor\u00e2mica de Barcelona. Este atraente \u00edman apresenta uma interpreta\u00e7\u00e3o art\u00edstica que captura a ess\u00eancia da ic\u00f3nica cidade atrav\u00e9s de um design de mosaico colorido e detalhado. Com elementos emblem\u00e1ticos como a emblem\u00e1tica coluna de Colombo, o famoso Park G\u00fcell e a arquitet\u00f3nica Casa Batll\u00f3, este souvenir \u00e9 uma homenagem \u00e0 rica cultura e estilo arquitet\u00f3nico de Barcelona. O uso de resina garante durabilidade, e os seus acabamentos brilhantes real\u00e7am cada cor, fazendo com que a cena ganhe vida ao ser fixada em qualquer superf\u00edcie met\u00e1lica.<\/p>\n<p>A palavra &#8220;Barcelona&#8221; destaca-se na parte superior, adicionando um toque distintivo e facilmente reconhec\u00edvel. Este \u00edman n\u00e3o \u00e9 apenas um souvenir visualmente atraente, mas tamb\u00e9m atua como um lembrete di\u00e1rio das mem\u00f3rias e experi\u00eancias vividas nesta fascinante metr\u00f3pole. Perfeito para turistas que procuram uma recorda\u00e7\u00e3o aut\u00eantica e representativa, este \u00edman encapsula a vibrante atmosfera de Barcelona.<\/p>\n<p>Na Ol\u00e9 Mosaic, distribu\u00edmos souvenirs de alta qualidade por grosso, promovendo produtos que real\u00e7am a rica heran\u00e7a cultural de Espanha. Este \u00edman \u00e9 uma excelente op\u00e7\u00e3o para aquelas lojas de presentes tur\u00edsticos que desejam oferecer aos seus clientes uma recorda\u00e7\u00e3o encantadora de Barcelona, tornando-o uma arte acess\u00edvel que todos querer\u00e3o levar para casa.<\/p>\n","protected":false},"excerpt":{"rendered":"<p>\u00cdman com uma vibrante panor\u00e2mica de Barcelona, que captura a ess\u00eancia da cidade atrav\u00e9s de um design art\u00edstico. O \u00edman apresenta elementos emblem\u00e1ticos como a coluna de Colombo, o colorido Parque G\u00fcell e a Casa Batll\u00f3, todos representados com um estilo mosaico cheio de cor. O texto &#8220;Barcelona&#8221; destaca-se na pe\u00e7a, tornando-a uma recorda\u00e7\u00e3o visual perfeita e atraente para os amantes desta ic\u00f3nica cidade.<\/p>\n","protected":false},"featured_media":9343,"template":"","meta":{"_acf_changed":false},"product_brand":[],"product_cat":[699],"product_tag":[],"class_list":{"0":"post-36880","1":"product","2":"type-product","3":"status-publish","4":"has-post-thumbnail","6":"product_cat-imanes","7":"pa_ciudad-barcelona","8":"pa_motivo-panoramas","9":"pa_pais-espana","11":"first","12":"instock","13":"shipping-taxable","14":"product-type-simple"},"acf":[],"_links":{"self":[{"href":"https:\/\/olemosaic.com\/pt-pt\/wp-json\/wp\/v2\/product\/36880","targetHints":{"allow":["GET"]}}],"collection":[{"href":"https:\/\/olemosaic.com\/pt-pt\/wp-json\/wp\/v2\/product"}],"about":[{"href":"https:\/\/olemosaic.com\/pt-pt\/wp-json\/wp\/v2\/types\/product"}],"wp:featuredmedia":[{"embeddable":true,"href":"https:\/\/olemosaic.com\/pt-pt\/wp-json\/wp\/v2\/media\/9343"}],"wp:attachment":[{"href":"https:\/\/olemosaic.com\/pt-pt\/wp-json\/wp\/v2\/media?parent=36880"}],"wp:term":[{"taxonomy":"product_brand","embeddable":true,"href":"https:\/\/olemosaic.com\/pt-pt\/wp-json\/wp\/v2\/product_brand?post=36880"},{"taxonomy":"product_cat","embeddable":true,"href":"https:\/\/olemosaic.com\/pt-pt\/wp-json\/wp\/v2\/product_cat?post=36880"},{"taxonomy":"product_tag","embeddable":true,"href":"https:\/\/olemosaic.com\/pt-pt\/wp-json\/wp\/v2\/product_tag?post=36880"}],"curies":[{"name":"wp","href":"https:\/\/api.w.org\/{rel}","templated":true}]}}