{"id":36876,"date":"2025-02-20T23:36:20","date_gmt":"2025-02-20T22:36:20","guid":{"rendered":"http:\/\/olemosaic.com\/producto\/iman-de-resina-isla-menorca\/"},"modified":"2025-07-25T19:11:17","modified_gmt":"2025-07-25T17:11:17","slug":"iman-de-resina-ilha-menorca","status":"publish","type":"product","link":"https:\/\/olemosaic.com\/pt-pt\/produto\/iman-de-resina-ilha-menorca\/","title":{"rendered":"\u00cdman de resina. Ilha. Menorca."},"content":{"rendered":"<p>\u00cdman de resina com forma de mapa de Menorca, um souvenir vibrante e colorido que capta a ess\u00eancia desta bela ilha balear. Este \u00edman destaca-se pela sua forma distintiva da ilha, decorado com chamativos motivos de lagartos em tons brilhantes e flores intrincadamente desenhadas que evocam a rica biodiversidade de Menorca. A palavra &#8220;Menorca&#8221; apresenta-se em letras vibrantes, acrescentando um toque alegre e din\u00e2mico que real\u00e7a a leveza e o encanto desta regi\u00e3o mediterr\u00e2nica. Com uma base em tons dourados que simula a areia das suas praias, cada \u00edman \u00e9 uma representa\u00e7\u00e3o meticulosa da paisagem natural e cultural menorquina.<\/p>\n<p>Este \u00edman n\u00e3o \u00e9 apenas um objeto decorativo, mas uma recorda\u00e7\u00e3o aut\u00eantica que celebra a liga\u00e7\u00e3o de Menorca com a sua rica heran\u00e7a cultural e o seu impressionante ambiente natural. Ideal para quem deseja levar um pedacinho da ilha, este souvenir \u00e9 perfeito para lojas de presentes tur\u00edsticos que procuram produtos que reflitam a autenticidade e beleza da sua regi\u00e3o. Na Ol\u00e9 Mosaic, somos distribuidores de souvenirs por grosso, e este \u00edman de resina \u00e9 uma excelente op\u00e7\u00e3o para atrair turistas que desejam comemorar as suas viagens com uma recorda\u00e7\u00e3o \u00fanica e representativa de Menorca.<\/p>\n","protected":false},"excerpt":{"rendered":"<p>\u00cdman com forma de mapa de Menorca, decorado com motivos chamativos de lagartos e flores. Este colorido souvenir apresenta a palavra &#8220;Menorca&#8221; impressa em letras vibrantes, que destacam a ess\u00eancia da ilha. Com uma base em tons dourados e elementos art\u00edsticos muito detalhados, cada \u00edman \u00e9 uma representa\u00e7\u00e3o \u00fanica da beleza natural e cultural de Menorca, ideal para recordar o seu encanto.<\/p>\n","protected":false},"featured_media":10429,"template":"","meta":{"_acf_changed":false},"product_brand":[],"product_cat":[699],"product_tag":[],"class_list":{"0":"post-36876","1":"product","2":"type-product","3":"status-publish","4":"has-post-thumbnail","6":"product_cat-imanes","7":"pa_ciudad-menorca","8":"pa_motivo-ilhas","9":"pa_pais-espana","11":"first","12":"instock","13":"shipping-taxable","14":"product-type-simple"},"acf":[],"_links":{"self":[{"href":"https:\/\/olemosaic.com\/pt-pt\/wp-json\/wp\/v2\/product\/36876","targetHints":{"allow":["GET"]}}],"collection":[{"href":"https:\/\/olemosaic.com\/pt-pt\/wp-json\/wp\/v2\/product"}],"about":[{"href":"https:\/\/olemosaic.com\/pt-pt\/wp-json\/wp\/v2\/types\/product"}],"wp:featuredmedia":[{"embeddable":true,"href":"https:\/\/olemosaic.com\/pt-pt\/wp-json\/wp\/v2\/media\/10429"}],"wp:attachment":[{"href":"https:\/\/olemosaic.com\/pt-pt\/wp-json\/wp\/v2\/media?parent=36876"}],"wp:term":[{"taxonomy":"product_brand","embeddable":true,"href":"https:\/\/olemosaic.com\/pt-pt\/wp-json\/wp\/v2\/product_brand?post=36876"},{"taxonomy":"product_cat","embeddable":true,"href":"https:\/\/olemosaic.com\/pt-pt\/wp-json\/wp\/v2\/product_cat?post=36876"},{"taxonomy":"product_tag","embeddable":true,"href":"https:\/\/olemosaic.com\/pt-pt\/wp-json\/wp\/v2\/product_tag?post=36876"}],"curies":[{"name":"wp","href":"https:\/\/api.w.org\/{rel}","templated":true}]}}