{"id":36873,"date":"2025-02-20T23:36:20","date_gmt":"2025-02-20T22:36:20","guid":{"rendered":"http:\/\/olemosaic.com\/producto\/iman-de-resina-panoramica-barcelona-5\/"},"modified":"2025-07-25T19:27:30","modified_gmt":"2025-07-25T17:27:30","slug":"iman-de-resina-panoramica-barcelona-5-pt-pt","status":"publish","type":"product","link":"https:\/\/olemosaic.com\/pt-pt\/produto\/iman-de-resina-panoramica-barcelona-5-pt-pt\/","title":{"rendered":"\u00cdman de resina. Panor\u00e2mica. Gaud\u00ed. Barcelona."},"content":{"rendered":"<p>\u00cdman de resina com uma colorida panor\u00e2mica de Barcelona. Este atraente \u00edman capta a ess\u00eancia vibrante da cidade mediterr\u00e2nica, destacando os seus emblem\u00e1ticos monumentos de maneira art\u00edstica e visualmente cativante. No design, apreciam-se representa\u00e7\u00f5es ic\u00f3nicas como a majestosa Sagrada Fam\u00edlia, o emblem\u00e1tico monumento a Colombo e os coloridos arcos dos edif\u00edcios de Gaud\u00ed, tudo num estilo de mosaico que reflete a rica heran\u00e7a art\u00edstica de Barcelona. A palavra &#8220;Barcelona&#8221; aparece proeminentemente na base, apresentada em cores vibrantes que evocam a energia e o misticismo da cidade.<\/p>\n<p>Este \u00edman n\u00e3o s\u00f3 funciona como um simples acess\u00f3rio para o lar, mas tamb\u00e9m \u00e9 um excelente souvenir que oferece um peda\u00e7o da hist\u00f3ria e da cultura de Barcelona. \u00c9 perfeito para os turistas que procuram uma recorda\u00e7\u00e3o representativa da sua visita, bem como um presente \u00fanico para amigos e familiares. A sua autenticidade e o compromisso com o artesanato garantem um produto de qualidade, ideal para quem procura souvenirs de Barcelona. Na Ol\u00e9 Mosaic, especializamo-nos na distribui\u00e7\u00e3o de souvenirs por grosso, e este \u00edman de resina \u00e9 uma escolha perfeita para lojas de presentes tur\u00edsticos que desejem oferecer pe\u00e7as que realcem a beleza e o patrim\u00f3nio cultural de Espanha.<\/p>\n","protected":false},"excerpt":{"rendered":"<p>\u00cdman com uma colorida panor\u00e2mica de Barcelona, que capta a ess\u00eancia dos seus monumentos mais emblem\u00e1ticos. Este atraente \u00edman inclui representa\u00e7\u00f5es da Sagrada Fam\u00edlia, o monumento a Colombo e os coloridos edif\u00edcios de Gaud\u00ed, tudo num design de mosaico cheio de detalhes. A palavra &#8220;Barcelona&#8221; destaca-se na base com cores vibrantes, oferecendo uma recorda\u00e7\u00e3o perfeita da cidade mediterr\u00e2nica. Ideal para os amantes da arquitetura e da arte.<\/p>\n","protected":false},"featured_media":9357,"template":"","meta":{"_acf_changed":false},"product_brand":[],"product_cat":[699],"product_tag":[],"class_list":{"0":"post-36873","1":"product","2":"type-product","3":"status-publish","4":"has-post-thumbnail","6":"product_cat-imanes","7":"pa_ciudad-barcelona","8":"pa_motivo-panoramas","9":"pa_pais-espana","11":"first","12":"instock","13":"shipping-taxable","14":"product-type-simple"},"acf":[],"_links":{"self":[{"href":"https:\/\/olemosaic.com\/pt-pt\/wp-json\/wp\/v2\/product\/36873","targetHints":{"allow":["GET"]}}],"collection":[{"href":"https:\/\/olemosaic.com\/pt-pt\/wp-json\/wp\/v2\/product"}],"about":[{"href":"https:\/\/olemosaic.com\/pt-pt\/wp-json\/wp\/v2\/types\/product"}],"wp:featuredmedia":[{"embeddable":true,"href":"https:\/\/olemosaic.com\/pt-pt\/wp-json\/wp\/v2\/media\/9357"}],"wp:attachment":[{"href":"https:\/\/olemosaic.com\/pt-pt\/wp-json\/wp\/v2\/media?parent=36873"}],"wp:term":[{"taxonomy":"product_brand","embeddable":true,"href":"https:\/\/olemosaic.com\/pt-pt\/wp-json\/wp\/v2\/product_brand?post=36873"},{"taxonomy":"product_cat","embeddable":true,"href":"https:\/\/olemosaic.com\/pt-pt\/wp-json\/wp\/v2\/product_cat?post=36873"},{"taxonomy":"product_tag","embeddable":true,"href":"https:\/\/olemosaic.com\/pt-pt\/wp-json\/wp\/v2\/product_tag?post=36873"}],"curies":[{"name":"wp","href":"https:\/\/api.w.org\/{rel}","templated":true}]}}