{"id":36856,"date":"2025-02-20T23:36:19","date_gmt":"2025-02-20T22:36:19","guid":{"rendered":"http:\/\/olemosaic.com\/producto\/iman-de-resina-punt-de-trobada-barcelona-6-cm\/"},"modified":"2025-07-25T19:08:29","modified_gmt":"2025-07-25T17:08:29","slug":"iman-de-resina-punt-de-trobada-barcelona-6-cm-pt-pt","status":"publish","type":"product","link":"https:\/\/olemosaic.com\/pt-pt\/produto\/iman-de-resina-punt-de-trobada-barcelona-6-cm-pt-pt\/","title":{"rendered":"\u00cdman de resina. Punt de trobada. Barcelona. 6 cm."},"content":{"rendered":"<p>\u00cdman de resina &#8220;Punt de Trobada&#8221; de Barcelona. Este vibrante \u00edman, de 6 cm, \u00e9 uma representa\u00e7\u00e3o \u00fanica do emblem\u00e1tico mosaico que adorna as pra\u00e7as da cidade, capturando a ess\u00eancia do modernismo catal\u00e3o. Com um design que exibe uma explos\u00e3o de cores \u2014 vermelhos, amarelos, azuis e verdes \u2014, este \u00edman n\u00e3o \u00e9 apenas funcional, mas tamb\u00e9m um elemento decorativo atraente. A palavra &#8220;Barcelona&#8221; apresenta-se de forma din\u00e2mica no centro, real\u00e7ando o seu car\u00e1cter distintivo e festivo. O mosaico, inspirado na obra do famoso artista Antoni Gaud\u00ed, simboliza a criatividade e a vida art\u00edstica que florescem nesta cidade. Os detalhes que configuram o espa\u00e7o em branco parecem dan\u00e7ar ao seu redor, evocando a energia e o dinamismo das ruas de Barcelona, tornando-o um excelente souvenir. Perfeito para levar uma recorda\u00e7\u00e3o preciosa desta vibrante metr\u00f3pole, este \u00edman \u00e9 uma op\u00e7\u00e3o ideal para turistas que desejem levar para casa um peda\u00e7o da rica cultura catal\u00e3. Na Ol\u00e9 Mosaic, como distribuidores de souvenirs de qualidade, oferecemos produtos aut\u00eanticos que refletem a ess\u00eancia de cada regi\u00e3o, e este \u00edman de resina \u00e9 uma escolha de destaque para qualquer loja de presentes tur\u00edsticos.<\/p>\n","protected":false},"excerpt":{"rendered":"<p>\u00cdman de 6 cm, inspirado no famoso &#8220;Punt de Trobada&#8221; de Barcelona. Este atraente \u00edman apresenta um design vibrante de mosaico, com cores como vermelho, amarelo, azul e verde, que evocam o estilo modernista catal\u00e3o. Com a palavra &#8220;Barcelona&#8221; decorativamente impressa num estilo din\u00e2mico, este objeto n\u00e3o \u00e9 apenas funcional, mas tamb\u00e9m uma pe\u00e7a decorativa que captura a ess\u00eancia art\u00edstica e cultural da cidade. Ideal para levar uma recorda\u00e7\u00e3o \u00fanica de Barcelona para casa.<\/p>\n","protected":false},"featured_media":9314,"template":"","meta":{"_acf_changed":false},"product_brand":[],"product_cat":[699],"product_tag":[],"class_list":{"0":"post-36856","1":"product","2":"type-product","3":"status-publish","4":"has-post-thumbnail","6":"product_cat-imanes","7":"pa_ciudad-barcelona","8":"pa_motivo-punt-de-trobada","9":"pa_pais-espana","11":"first","12":"instock","13":"shipping-taxable","14":"product-type-simple"},"acf":[],"_links":{"self":[{"href":"https:\/\/olemosaic.com\/pt-pt\/wp-json\/wp\/v2\/product\/36856","targetHints":{"allow":["GET"]}}],"collection":[{"href":"https:\/\/olemosaic.com\/pt-pt\/wp-json\/wp\/v2\/product"}],"about":[{"href":"https:\/\/olemosaic.com\/pt-pt\/wp-json\/wp\/v2\/types\/product"}],"wp:featuredmedia":[{"embeddable":true,"href":"https:\/\/olemosaic.com\/pt-pt\/wp-json\/wp\/v2\/media\/9314"}],"wp:attachment":[{"href":"https:\/\/olemosaic.com\/pt-pt\/wp-json\/wp\/v2\/media?parent=36856"}],"wp:term":[{"taxonomy":"product_brand","embeddable":true,"href":"https:\/\/olemosaic.com\/pt-pt\/wp-json\/wp\/v2\/product_brand?post=36856"},{"taxonomy":"product_cat","embeddable":true,"href":"https:\/\/olemosaic.com\/pt-pt\/wp-json\/wp\/v2\/product_cat?post=36856"},{"taxonomy":"product_tag","embeddable":true,"href":"https:\/\/olemosaic.com\/pt-pt\/wp-json\/wp\/v2\/product_tag?post=36856"}],"curies":[{"name":"wp","href":"https:\/\/api.w.org\/{rel}","templated":true}]}}