{"id":36855,"date":"2025-02-20T23:36:19","date_gmt":"2025-02-20T22:36:19","guid":{"rendered":"http:\/\/olemosaic.com\/producto\/iman-de-resina-letrero-barcelona-11-cm-2\/"},"modified":"2025-07-25T19:54:48","modified_gmt":"2025-07-25T17:54:48","slug":"iman-de-resina-letreiro-barcelona-11-cm-2","status":"publish","type":"product","link":"https:\/\/olemosaic.com\/pt-pt\/produto\/iman-de-resina-letreiro-barcelona-11-cm-2\/","title":{"rendered":"\u00cdman de resina. Letreiro. Mosaico. Gaud\u00ed. Barcelona. 11 cm."},"content":{"rendered":"<p>\u00cdman de resina &#8220;Barcelona&#8221; de 11 cm de comprimento. Esta vibrante e colorida representa\u00e7\u00e3o da ic\u00f3nica est\u00e9tica da capital catal\u00e3 \u00e9 perfeita para quem deseja levar um peda\u00e7o desta fascinante cidade. O \u00edman destaca-se pelo seu design de mosaico, que presta homenagem \u00e0 famosa obra de Antoni Gaud\u00ed, conhecido pelas suas cores exuberantes e formas org\u00e2nicas que adornam a sua arquitetura. O fundo apresenta um padr\u00e3o geom\u00e9trico em tons cinzentos que real\u00e7a a tipografia chamativa da palavra &#8220;Barcelona&#8221;, pintada numa paleta de cores prim\u00e1rias \u2013 vermelho, azul, amarelo e verde \u2013 que evocam a energia e a vitalidade da cidade.<\/p>\n<p>A qualidade da resina garante a durabilidade do produto, permitindo que este \u00edman sirva tanto como recorda\u00e7\u00e3o de uma visita memor\u00e1vel como elemento decorativo atraente para qualquer espa\u00e7o, seja um frigor\u00edfico ou um escrit\u00f3rio. Este souvenir t\u00edpico de Barcelona \u00e9 perfeito para turistas que desejem capturar a ess\u00eancia da cidade e partilh\u00e1-la com amigos e familiares. Na Ol\u00e9 Mosaic, como grossistas de souvenirs de Barcelona, garantimos produtos aut\u00eanticos que representam a rica cultura e o patrim\u00f3nio da regi\u00e3o, tornando este \u00edman um presente ideal para lojas de presentes tur\u00edsticos que procuram artigos de qualidade e relev\u00e2ncia cultural.<\/p>\n","protected":false},"excerpt":{"rendered":"<p>\u00cdman com o letreiro &#8220;Barcelona&#8221;, de 11 cm de comprimento, que apresenta um design vibrante e colorido. Este \u00edman reproduz a ic\u00f3nica est\u00e9tica do mosaico, com a sua rica paleta de cores que real\u00e7a o encanto da cidade. Sobre um fundo de formas geom\u00e9tricas em tons cinzentos e com uma tipografia chamativa em cores prim\u00e1rias, \u00e9 uma recorda\u00e7\u00e3o ideal da sua visita \u00e0 capital catal\u00e3 ou um adorno perfeito para qualquer espa\u00e7o.<\/p>\n","protected":false},"featured_media":9322,"template":"","meta":{"_acf_changed":false},"product_brand":[],"product_cat":[699],"product_tag":[],"class_list":{"0":"post-36855","1":"product","2":"type-product","3":"status-publish","4":"has-post-thumbnail","6":"product_cat-imanes","7":"pa_ciudad-barcelona","8":"pa_motivo-letreiros-de-cidades","9":"pa_pais-espana","11":"first","12":"instock","13":"shipping-taxable","14":"product-type-simple"},"acf":[],"_links":{"self":[{"href":"https:\/\/olemosaic.com\/pt-pt\/wp-json\/wp\/v2\/product\/36855","targetHints":{"allow":["GET"]}}],"collection":[{"href":"https:\/\/olemosaic.com\/pt-pt\/wp-json\/wp\/v2\/product"}],"about":[{"href":"https:\/\/olemosaic.com\/pt-pt\/wp-json\/wp\/v2\/types\/product"}],"wp:featuredmedia":[{"embeddable":true,"href":"https:\/\/olemosaic.com\/pt-pt\/wp-json\/wp\/v2\/media\/9322"}],"wp:attachment":[{"href":"https:\/\/olemosaic.com\/pt-pt\/wp-json\/wp\/v2\/media?parent=36855"}],"wp:term":[{"taxonomy":"product_brand","embeddable":true,"href":"https:\/\/olemosaic.com\/pt-pt\/wp-json\/wp\/v2\/product_brand?post=36855"},{"taxonomy":"product_cat","embeddable":true,"href":"https:\/\/olemosaic.com\/pt-pt\/wp-json\/wp\/v2\/product_cat?post=36855"},{"taxonomy":"product_tag","embeddable":true,"href":"https:\/\/olemosaic.com\/pt-pt\/wp-json\/wp\/v2\/product_tag?post=36855"}],"curies":[{"name":"wp","href":"https:\/\/api.w.org\/{rel}","templated":true}]}}