{"id":36852,"date":"2025-02-20T22:36:19","date_gmt":"2025-02-20T22:36:19","guid":{"rendered":"http:\/\/olemosaic.com\/producto\/iman-de-pvc-salamandra-fucsia\/"},"modified":"2025-07-25T18:41:44","modified_gmt":"2025-07-25T16:41:44","slug":"iman-de-pvc-salamandra-fucsia-pt-pt","status":"publish","type":"product","link":"https:\/\/olemosaic.com\/pt-pt\/produto\/iman-de-pvc-salamandra-fucsia-pt-pt\/","title":{"rendered":"\u00cdman de PVC. Salamandra. F\u00facsia."},"content":{"rendered":"<p>\u00cdman de PVC com forma de salamandra. Este fascinante \u00edman capta a ess\u00eancia do Mediterr\u00e2neo com um design geom\u00e9trico vibrante que real\u00e7a a fauna caracter\u00edstica da regi\u00e3o. Decorada com cores f\u00facsia, vermelho e detalhes em azul, a salamandra \u00e9 uma representa\u00e7\u00e3o art\u00edstica que funde modernidade e tradi\u00e7\u00e3o. O seu acabamento brilhante, al\u00e9m de conferir um toque distintivo, torna-o um elemento decorativo atraente para qualquer superf\u00edcie met\u00e1lica. As formas estilizadas e os contrastes de cor evocam o calor do clima espanhol e o colorido da sua biodiversidade, tornando este \u00edman numa aut\u00eantica recorda\u00e7\u00e3o que transporta um peda\u00e7o da encantadora paisagem mediterr\u00e2nica. Al\u00e9m de ser uma op\u00e7\u00e3o ideal para rememorar a beleza das regi\u00f5es quentes, este \u00edman \u00e9 um excelente presente para quem deseja levar para casa uma recorda\u00e7\u00e3o aut\u00eantica da sua visita a Espanha. Na Ol\u00e9 Mosaic, especializamo-nos na distribui\u00e7\u00e3o de souvenirs por grosso, oferecendo \u00edmanes que n\u00e3o s\u00f3 s\u00e3o funcionais, mas que tamb\u00e9m captam a rica cultura e o patrim\u00f3nio espanhol. Este \u00edman de salamandra \u00e9 uma excelente escolha para lojas de presentes tur\u00edsticos que procuram produtos \u00fanicos e de qualidade.<\/p>\n","protected":false},"excerpt":{"rendered":"<p>\u00cdman de PVC com forma de salamandra, decorado com vibrantes cores f\u00facsia, vermelho e detalhes em azul. Este original \u00edman apresenta um design geom\u00e9trico que evoca a rica fauna da regi\u00e3o. O seu acabamento brilhante e as formas estilizadas tornam-no um elemento decorativo atraente. Ideal para recordar o calor e o colorido do ambiente mediterr\u00e2nico, este \u00edman \u00e9 um excelente presente ou recorda\u00e7\u00e3o para levar a ess\u00eancia de Espanha para qualquer casa.<\/p>\n","protected":false},"featured_media":7906,"template":"","meta":{"_acf_changed":false},"product_brand":[],"product_cat":[699],"product_tag":[516],"class_list":{"0":"post-36852","1":"product","2":"type-product","3":"status-publish","4":"has-post-thumbnail","6":"product_cat-imanes","7":"product_tag-animais","8":"pa_motivo-salamandras","10":"first","11":"instock","12":"shipping-taxable","13":"product-type-simple"},"acf":[],"_links":{"self":[{"href":"https:\/\/olemosaic.com\/pt-pt\/wp-json\/wp\/v2\/product\/36852","targetHints":{"allow":["GET"]}}],"collection":[{"href":"https:\/\/olemosaic.com\/pt-pt\/wp-json\/wp\/v2\/product"}],"about":[{"href":"https:\/\/olemosaic.com\/pt-pt\/wp-json\/wp\/v2\/types\/product"}],"wp:featuredmedia":[{"embeddable":true,"href":"https:\/\/olemosaic.com\/pt-pt\/wp-json\/wp\/v2\/media\/7906"}],"wp:attachment":[{"href":"https:\/\/olemosaic.com\/pt-pt\/wp-json\/wp\/v2\/media?parent=36852"}],"wp:term":[{"taxonomy":"product_brand","embeddable":true,"href":"https:\/\/olemosaic.com\/pt-pt\/wp-json\/wp\/v2\/product_brand?post=36852"},{"taxonomy":"product_cat","embeddable":true,"href":"https:\/\/olemosaic.com\/pt-pt\/wp-json\/wp\/v2\/product_cat?post=36852"},{"taxonomy":"product_tag","embeddable":true,"href":"https:\/\/olemosaic.com\/pt-pt\/wp-json\/wp\/v2\/product_tag?post=36852"}],"curies":[{"name":"wp","href":"https:\/\/api.w.org\/{rel}","templated":true}]}}