{"id":36851,"date":"2025-02-20T22:36:19","date_gmt":"2025-02-20T22:36:19","guid":{"rendered":"http:\/\/olemosaic.com\/producto\/iman-de-pvc-salamandra-barcelona\/"},"modified":"2025-07-25T19:31:05","modified_gmt":"2025-07-25T17:31:05","slug":"iman-de-pvc-salamandra-barcelona-pt-pt","status":"publish","type":"product","link":"https:\/\/olemosaic.com\/pt-pt\/produto\/iman-de-pvc-salamandra-barcelona-pt-pt\/","title":{"rendered":"\u00cdman de PVC. Salamandra. Barcelona."},"content":{"rendered":"<p>\u00cdman de PVC com forma de salamandra vibrante, uma homenagem ao ic\u00f3nico mosaico de Barcelona. Este colorido \u00edman destaca-se pelo seu intrincado design, onde os tons verdes, azuis e vermelhos se combinam para replicar a est\u00e9tica \u00fanica das obras de Antoni Gaud\u00ed, conhecido pelo seu uso de mosaicos cer\u00e2micos. A representa\u00e7\u00e3o da salamandra, um s\u00edmbolo emblem\u00e1tico do Park G\u00fcell, \u00e9 enriquecida com a palavra &#8220;Barcelona&#8221;, que se estende sobre o corpo do animal, captando instantaneamente a ess\u00eancia l\u00fadica desta cidade mediterr\u00e2nica.<\/p>\n<p>Feito de PVC, este \u00edman n\u00e3o \u00e9 apenas resistente, mas tamb\u00e9m leve, o que o torna um souvenir ideal para levar para casa como recorda\u00e7\u00e3o de uma visita inesquec\u00edvel. O seu design art\u00edstico e colorido n\u00e3o s\u00f3 alegra qualquer superf\u00edcie met\u00e1lica, como tamb\u00e9m evoca o calor e o dinamismo da cultura barcelonesa. Os turistas que procuram souvenirs aut\u00eanticos encontrar\u00e3o neste \u00edman uma excelente forma de preservar as suas mem\u00f3rias de Barcelona, tornando-o um presente perfeito que reflete a fus\u00e3o de arte e natureza.<\/p>\n<p>Na Ol\u00e9 Mosaic, somos distribuidores por grosso de souvenirs de qualidade, e este \u00edman de salamandra \u00e9 um exemplo perfeito da autenticidade que oferecemos. Um produto que encantar\u00e1 as lojas de presentes tur\u00edsticos, representando fielmente a vibrante tradi\u00e7\u00e3o art\u00edstica da cidade.<\/p>\n","protected":false},"excerpt":{"rendered":"<p>\u00cdman de PVC com forma de salamandra, que representa o vibrante mosaico de Barcelona. Este colorido \u00edman destaca-se pelos seus tons verdes, azuis e vermelhos, que evocam o estilo art\u00edstico de Gaud\u00ed. Decorado com a palavra &#8220;Barcelona&#8221;, \u00e9 uma recorda\u00e7\u00e3o perfeita que capta a ess\u00eancia da cidade e acrescenta um toque alegre a qualquer superf\u00edcie met\u00e1lica. Ideal para quem deseja levar um peda\u00e7o desta ic\u00f3nica metr\u00f3pole consigo.<\/p>\n","protected":false},"featured_media":11325,"template":"","meta":{"_acf_changed":false},"product_brand":[],"product_cat":[699],"product_tag":[516],"class_list":{"0":"post-36851","1":"product","2":"type-product","3":"status-publish","4":"has-post-thumbnail","6":"product_cat-imanes","7":"product_tag-animais","8":"pa_ciudad-barcelona","9":"pa_motivo-salamandras","10":"pa_pais-espana","12":"first","13":"instock","14":"shipping-taxable","15":"product-type-simple"},"acf":[],"_links":{"self":[{"href":"https:\/\/olemosaic.com\/pt-pt\/wp-json\/wp\/v2\/product\/36851","targetHints":{"allow":["GET"]}}],"collection":[{"href":"https:\/\/olemosaic.com\/pt-pt\/wp-json\/wp\/v2\/product"}],"about":[{"href":"https:\/\/olemosaic.com\/pt-pt\/wp-json\/wp\/v2\/types\/product"}],"wp:featuredmedia":[{"embeddable":true,"href":"https:\/\/olemosaic.com\/pt-pt\/wp-json\/wp\/v2\/media\/11325"}],"wp:attachment":[{"href":"https:\/\/olemosaic.com\/pt-pt\/wp-json\/wp\/v2\/media?parent=36851"}],"wp:term":[{"taxonomy":"product_brand","embeddable":true,"href":"https:\/\/olemosaic.com\/pt-pt\/wp-json\/wp\/v2\/product_brand?post=36851"},{"taxonomy":"product_cat","embeddable":true,"href":"https:\/\/olemosaic.com\/pt-pt\/wp-json\/wp\/v2\/product_cat?post=36851"},{"taxonomy":"product_tag","embeddable":true,"href":"https:\/\/olemosaic.com\/pt-pt\/wp-json\/wp\/v2\/product_tag?post=36851"}],"curies":[{"name":"wp","href":"https:\/\/api.w.org\/{rel}","templated":true}]}}