{"id":36846,"date":"2025-02-20T23:36:17","date_gmt":"2025-02-20T22:36:17","guid":{"rendered":"http:\/\/olemosaic.com\/producto\/iman-de-metal-panoramica-barcelona-plata-8-cm-8\/"},"modified":"2025-07-25T20:26:21","modified_gmt":"2025-07-25T18:26:21","slug":"iman-de-metal-panoramica-barcelona-prata-8-cm-8","status":"publish","type":"product","link":"https:\/\/olemosaic.com\/pt-pt\/produto\/iman-de-metal-panoramica-barcelona-prata-8-cm-8\/","title":{"rendered":"\u00cdman de metal. Panor\u00e2mica. Park G\u00fcell. Barcelona. Prata. 8 cm."},"content":{"rendered":"<p>\u00cdman met\u00e1lico vibrante de Barcelona<\/p>\n<p>Este \u00edman met\u00e1lico de 8 cm \u00e9 uma aut\u00eantica obra de arte que captura a ess\u00eancia de Barcelona de forma colorida e atraente. Desenhado com um estilo mosaico, apresenta uma vibrante panor\u00e2mica que inclui o ic\u00f3nico drag\u00e3o do Park G\u00fcell, um s\u00edmbolo emblem\u00e1tico do g\u00e9nio arquitet\u00f3nico de Antoni Gaud\u00ed. Ao seu lado, erguem-se os majestosos edif\u00edcios da Sagrada Fam\u00edlia e Casa Batll\u00f3, que representam a fus\u00e3o \u00fanica entre a natureza e a arquitetura modernista, caracter\u00edsticas inconfund\u00edveis da cidade condal.<\/p>\n<p>A inscri\u00e7\u00e3o &#8220;I \u2665 BARCELO&#8221; destaca-se num design que evoca nostalgia, fazendo deste \u00edman n\u00e3o apenas um artigo decorativo, mas tamb\u00e9m uma recorda\u00e7\u00e3o emotiva de uma visita inesquec\u00edvel. A paleta brilhante e os intrincados detalhes do mosaico tornam-no um objeto visualmente impactante, ideal para quem procura levar um peda\u00e7o de Barcelona.<\/p>\n<p>Este \u00edman n\u00e3o \u00e9 apenas perfeito para adornar frigor\u00edficos, mas tamb\u00e9m como um souvenir representativo que celebra a rica cultura e arquitetura de Barcelona. Na Ol\u00e9 Mosaic, somos distribuidores de souvenirs de qualidade, e este \u00edman de Barcelona \u00e9 uma excelente op\u00e7\u00e3o para lojas de presentes tur\u00edsticos que desejem oferecer artigos aut\u00eanticos e significativos. Aproveite esta oportunidade para enriquecer o seu cat\u00e1logo com este \u00edman de cole\u00e7\u00e3o, que est\u00e1 destinado a captar a aten\u00e7\u00e3o de turistas e amantes da capital catal\u00e3.<\/p>\n","protected":false},"excerpt":{"rendered":"<p>\u00cdman met\u00e1lico com uma vibrante panor\u00e2mica de Barcelona, de 8 cm. Este atraente \u00edman apresenta um design colorido com o famoso drag\u00e3o do Park G\u00fcell e os emblem\u00e1ticos edif\u00edcios de Gaud\u00ed, como a Sagrada Fam\u00edlia e a Casa Batll\u00f3, tudo num estilo mosaico. A inscri\u00e7\u00e3o &#8220;I \u2665 BARCELO&#8221; acrescenta um toque distintivo e nost\u00e1lgico, capturando a ess\u00eancia da cidade com a sua paleta de cores brilhantes e o seu formato retangular. Ideal para recordar ou oferecer um peda\u00e7o de Barcelona.<\/p>\n","protected":false},"featured_media":11429,"template":"","meta":{"_acf_changed":false},"product_brand":[],"product_cat":[699],"product_tag":[],"class_list":{"0":"post-36846","1":"product","2":"type-product","3":"status-publish","4":"has-post-thumbnail","6":"product_cat-imanes","7":"pa_ciudad-barcelona","8":"pa_motivo-panoramas","9":"pa_pais-espana","11":"first","12":"instock","13":"shipping-taxable","14":"product-type-simple"},"acf":[],"_links":{"self":[{"href":"https:\/\/olemosaic.com\/pt-pt\/wp-json\/wp\/v2\/product\/36846","targetHints":{"allow":["GET"]}}],"collection":[{"href":"https:\/\/olemosaic.com\/pt-pt\/wp-json\/wp\/v2\/product"}],"about":[{"href":"https:\/\/olemosaic.com\/pt-pt\/wp-json\/wp\/v2\/types\/product"}],"wp:featuredmedia":[{"embeddable":true,"href":"https:\/\/olemosaic.com\/pt-pt\/wp-json\/wp\/v2\/media\/11429"}],"wp:attachment":[{"href":"https:\/\/olemosaic.com\/pt-pt\/wp-json\/wp\/v2\/media?parent=36846"}],"wp:term":[{"taxonomy":"product_brand","embeddable":true,"href":"https:\/\/olemosaic.com\/pt-pt\/wp-json\/wp\/v2\/product_brand?post=36846"},{"taxonomy":"product_cat","embeddable":true,"href":"https:\/\/olemosaic.com\/pt-pt\/wp-json\/wp\/v2\/product_cat?post=36846"},{"taxonomy":"product_tag","embeddable":true,"href":"https:\/\/olemosaic.com\/pt-pt\/wp-json\/wp\/v2\/product_tag?post=36846"}],"curies":[{"name":"wp","href":"https:\/\/api.w.org\/{rel}","templated":true}]}}