{"id":36845,"date":"2025-02-20T22:36:17","date_gmt":"2025-02-20T22:36:17","guid":{"rendered":"http:\/\/olemosaic.com\/producto\/iman-de-metal-bailaora-valencia-negro-8-cm\/"},"modified":"2025-07-25T18:45:20","modified_gmt":"2025-07-25T16:45:20","slug":"iman-de-metal-bailarina-valencia-preto-8-cm","status":"publish","type":"product","link":"https:\/\/olemosaic.com\/pt-pt\/produto\/iman-de-metal-bailarina-valencia-preto-8-cm\/","title":{"rendered":"\u00cdman de metal. Bailarina. Val\u00eancia. Preto. 8 cm."},"content":{"rendered":"<p>\u00cdman de metal que representa uma bailarina de flamenco, uma del\u00edcia visual inspirada no vibrante folclore valenciano. Este colorido \u00edman, de 8 cm, captura a energia e a eleg\u00e2ncia da dan\u00e7a espanhola atrav\u00e9s de um design estilizado que real\u00e7a a figura da bailarina, vestida com um exuberante vestido que se desdobra numa dan\u00e7a cheia de vida e cor. Os detalhes em mosaico que adornam a pe\u00e7a evocam a rica tradi\u00e7\u00e3o cultural espanhola, aludindo \u00e0 fus\u00e3o de arte e folclore t\u00e3o caracter\u00edstica da regi\u00e3o.<\/p>\n<p>A bailarina, com o seu penteado tradicional e uma flor vermelha que acrescenta um toque de autenticidade, destaca-se sobre um fundo preto que intensifica a vivacidade das cores do seu vestu\u00e1rio. Al\u00e9m disso, o texto &#8220;VALENCIA&#8221;, apresentado em letras brilhantes, completa de forma equilibrada o conjunto, tornando este \u00edman num atraente souvenir que n\u00e3o s\u00f3 adorna, mas tamb\u00e9m evoca recorda\u00e7\u00f5es das festas e tradi\u00e7\u00f5es valencianas.<\/p>\n<p>Perfeito como recorda\u00e7\u00e3o representativa da cidade, este \u00edman de bailarina \u00e9 uma op\u00e7\u00e3o ideal para turistas que procuram souvenirs aut\u00eanticos e significativos. Na Ol\u00e9 Mosaic, como grossistas de souvenirs de Espanha, oferecemos produtos que encapsulam a riqueza cultural e art\u00edstica das regi\u00f5es, ideais para lojas de presentes que desejem oferecer produtos com ess\u00eancia e tradi\u00e7\u00e3o. Adicione este \u00edman \u00e0 sua sele\u00e7\u00e3o e ofere\u00e7a aos seus clientes uma pe\u00e7a \u00fanica que celebra o esp\u00edrito de Val\u00eancia.<\/p>\n","protected":false},"excerpt":{"rendered":"<p>\u00cdman met\u00e1lico que representa uma bailarina com um vibrante vestido de flamenco, inspirada no folclore valenciano. Este colorido \u00edman, de 8 cm, apresenta um design estilizado com detalhes de mosaico que evocam a energia e a eleg\u00e2ncia da dan\u00e7a espanhola. A bailarina, adornada com um penteado tradicional e uma flor vermelha, destaca-se sobre um fundo preto, enquanto a palavra &#8220;VALENCIA&#8221; em letras brilhantes completa a pe\u00e7a, tornando este \u00edman num souvenir atraente e alegre.<\/p>\n","protected":false},"featured_media":9995,"template":"","meta":{"_acf_changed":false},"product_brand":[],"product_cat":[699],"product_tag":[],"class_list":{"0":"post-36845","1":"product","2":"type-product","3":"status-publish","4":"has-post-thumbnail","6":"product_cat-imanes","7":"pa_ciudad-valencia","8":"pa_motivo-dancarinos","9":"pa_pais-espana","11":"first","12":"instock","13":"shipping-taxable","14":"product-type-simple"},"acf":[],"_links":{"self":[{"href":"https:\/\/olemosaic.com\/pt-pt\/wp-json\/wp\/v2\/product\/36845","targetHints":{"allow":["GET"]}}],"collection":[{"href":"https:\/\/olemosaic.com\/pt-pt\/wp-json\/wp\/v2\/product"}],"about":[{"href":"https:\/\/olemosaic.com\/pt-pt\/wp-json\/wp\/v2\/types\/product"}],"wp:featuredmedia":[{"embeddable":true,"href":"https:\/\/olemosaic.com\/pt-pt\/wp-json\/wp\/v2\/media\/9995"}],"wp:attachment":[{"href":"https:\/\/olemosaic.com\/pt-pt\/wp-json\/wp\/v2\/media?parent=36845"}],"wp:term":[{"taxonomy":"product_brand","embeddable":true,"href":"https:\/\/olemosaic.com\/pt-pt\/wp-json\/wp\/v2\/product_brand?post=36845"},{"taxonomy":"product_cat","embeddable":true,"href":"https:\/\/olemosaic.com\/pt-pt\/wp-json\/wp\/v2\/product_cat?post=36845"},{"taxonomy":"product_tag","embeddable":true,"href":"https:\/\/olemosaic.com\/pt-pt\/wp-json\/wp\/v2\/product_tag?post=36845"}],"curies":[{"name":"wp","href":"https:\/\/api.w.org\/{rel}","templated":true}]}}