{"id":36843,"date":"2025-02-20T22:36:17","date_gmt":"2025-02-20T22:36:17","guid":{"rendered":"http:\/\/olemosaic.com\/producto\/iman-de-metal-panoramica-segovia-negro-8-cm\/"},"modified":"2025-07-25T18:51:56","modified_gmt":"2025-07-25T16:51:56","slug":"iman-de-metal-panoramica-segovia-preto-8-cm","status":"publish","type":"product","link":"https:\/\/olemosaic.com\/pt-pt\/produto\/iman-de-metal-panoramica-segovia-preto-8-cm\/","title":{"rendered":"\u00cdman de metal. Panor\u00e2mica. Seg\u00f3via. Preto. 8 cm."},"content":{"rendered":"<p>\u00cdman met\u00e1lico panor\u00e2mico de Seg\u00f3via, uma pe\u00e7a perfeita para levar uma recorda\u00e7\u00e3o da majestade desta bela cidade espanhola. Com dimens\u00f5es de 8 cm, este \u00edman apresenta um design colorido que evoca a beleza do ic\u00f3nico Aqueduto de Seg\u00f3via, reconhecido como um dos exemplos mais impressionantes da engenharia romana. Com um estilo que lembra os mosaicos tradicionais, a ilustra\u00e7\u00e3o destaca os arcos do aqueduto em tons quentes, rodeado por uma paisagem vibrante e cheia de vida que representa a arquitetura hist\u00f3rica da cidade. A parte inferior do \u00edman emoldura caracter\u00edsticas arquitet\u00f3nicas ic\u00f3nicas, criando um apelo visual que real\u00e7a cada detalhe.<\/p>\n<p>O fundo preto utilizado no design proporciona um contraste perfeito, real\u00e7ando as cores do aqueduto e dos edif\u00edcios que o rodeiam. Este \u00edman n\u00e3o \u00e9 apenas um produto bonito, mas tamb\u00e9m uma representa\u00e7\u00e3o do patrim\u00f3nio cultural de Seg\u00f3via, uma cidade famosa pela sua hist\u00f3ria e pelo seu impressionante legado arquitet\u00f3nico. Como souvenir t\u00edpico da regi\u00e3o, este \u00edman met\u00e1lico \u00e9 ideal para turistas que procuram capturar a ess\u00eancia de Seg\u00f3via, tornando-se uma recorda\u00e7\u00e3o tang\u00edvel que relembra a sua visita. Na Ol\u00e9 Mosaic, oferecemos este \u00edman e outros souvenirs de Seg\u00f3via por grosso, garantindo autenticidade e qualidade em cada produto.<\/p>\n","protected":false},"excerpt":{"rendered":"<p>\u00cdman met\u00e1lico com uma atraente panor\u00e2mica de Seg\u00f3via, de 8 cm. Este \u00edman representa o ic\u00f3nico Aqueduto de Seg\u00f3via num design colorido que lembra os mosaicos, com detalhes que destacam a sua majestade. A parte inferior mostra elementos arquitet\u00f3nicos da cidade, emoldurados por um fundo preto que real\u00e7a os tons vibrantes dos edif\u00edcios e do aqueduto. Um souvenir perfeito para recordar a beleza hist\u00f3rica de Seg\u00f3via.<\/p>\n","protected":false},"featured_media":7400,"template":"","meta":{"_acf_changed":false},"product_brand":[],"product_cat":[699],"product_tag":[],"class_list":{"0":"post-36843","1":"product","2":"type-product","3":"status-publish","4":"has-post-thumbnail","6":"product_cat-imanes","7":"pa_ciudad-segovia","8":"pa_motivo-panoramas","9":"pa_pais-espana","11":"first","12":"instock","13":"shipping-taxable","14":"product-type-simple"},"acf":[],"_links":{"self":[{"href":"https:\/\/olemosaic.com\/pt-pt\/wp-json\/wp\/v2\/product\/36843","targetHints":{"allow":["GET"]}}],"collection":[{"href":"https:\/\/olemosaic.com\/pt-pt\/wp-json\/wp\/v2\/product"}],"about":[{"href":"https:\/\/olemosaic.com\/pt-pt\/wp-json\/wp\/v2\/types\/product"}],"wp:featuredmedia":[{"embeddable":true,"href":"https:\/\/olemosaic.com\/pt-pt\/wp-json\/wp\/v2\/media\/7400"}],"wp:attachment":[{"href":"https:\/\/olemosaic.com\/pt-pt\/wp-json\/wp\/v2\/media?parent=36843"}],"wp:term":[{"taxonomy":"product_brand","embeddable":true,"href":"https:\/\/olemosaic.com\/pt-pt\/wp-json\/wp\/v2\/product_brand?post=36843"},{"taxonomy":"product_cat","embeddable":true,"href":"https:\/\/olemosaic.com\/pt-pt\/wp-json\/wp\/v2\/product_cat?post=36843"},{"taxonomy":"product_tag","embeddable":true,"href":"https:\/\/olemosaic.com\/pt-pt\/wp-json\/wp\/v2\/product_tag?post=36843"}],"curies":[{"name":"wp","href":"https:\/\/api.w.org\/{rel}","templated":true}]}}