{"id":36841,"date":"2025-02-20T22:36:17","date_gmt":"2025-02-20T22:36:17","guid":{"rendered":"http:\/\/olemosaic.com\/producto\/iman-de-metal-panoramica-madrid\/"},"modified":"2025-07-25T19:49:35","modified_gmt":"2025-07-25T17:49:35","slug":"iman-de-metal-panoramica-madrid-pt-pt","status":"publish","type":"product","link":"https:\/\/olemosaic.com\/pt-pt\/produto\/iman-de-metal-panoramica-madrid-pt-pt\/","title":{"rendered":"\u00cdman de metal. Panor\u00e2mica. Madrid."},"content":{"rendered":"<p>\u00cdman met\u00e1lico panor\u00e2mico de Madrid. Este vibrante \u00edman capta a ess\u00eancia da capital espanhola atrav\u00e9s de uma impressionante ilustra\u00e7\u00e3o que destaca os seus monumentos mais emblem\u00e1ticos. Sobre um fundo preto que real\u00e7a a colorida panor\u00e2mica, o \u00edman apresenta locais ic\u00f3nicos como a majestosa Porta de Alcal\u00e1, a espl\u00eandida fonte de Cibeles e a animada Plaza de Carmen, entre outros. Cada detalhe \u00e9 cuidadosamente desenhado para oferecer uma representa\u00e7\u00e3o v\u00edvida da vida e da arquitetura madrilenas, o que torna este souvenir uma pe\u00e7a aut\u00eantica e memor\u00e1vel. A palavra \u201cMADRID\u201d, escrita em letras brancas modernas, acrescenta um toque contempor\u00e2neo que complementa perfeitamente a est\u00e9tica geral do \u00edman.<\/p>\n<p>Este \u00edman met\u00e1lico \u00e9 uma excelente forma de levar um peda\u00e7o de Madrid para casa, ideal como presente ou recorda\u00e7\u00e3o pessoal. O seu design n\u00e3o s\u00f3 \u00e9 decorativo, como tamb\u00e9m celebra a rica hist\u00f3ria e cultura da cidade, tornando-o o souvenir perfeito para quem procura uma recorda\u00e7\u00e3o representativa da sua visita. Na Ol\u00e9 Mosaic, orgulhamo-nos de ser distribuidores grossistas de souvenirs aut\u00eanticos, e este \u00edman panor\u00e2mico de Madrid \u00e9 uma op\u00e7\u00e3o ideal para lojas de presentes tur\u00edsticos que desejam oferecer produtos que encapsulem a beleza e singularidade da capital espanhola.<\/p>\n","protected":false},"excerpt":{"rendered":"<p>\u00cdman de metal com uma colorida panor\u00e2mica de Madrid que capta os monumentos mais emblem\u00e1ticos da cidade. Apresenta ilustra\u00e7\u00f5es vibrantes de locais ic\u00f3nicos como a Porta de Alcal\u00e1, Cibeles e a Plaza de Carmen, tudo emoldurado num fundo preto que real\u00e7a as cores. A palavra \u00abMADRID\u00bb aparece em letras brancas, acrescentando um toque moderno. Ideal para recordar a beleza da capital espanhola em qualquer momento.<\/p>\n","protected":false},"featured_media":7804,"template":"","meta":{"_acf_changed":false},"product_brand":[],"product_cat":[699],"product_tag":[],"class_list":{"0":"post-36841","1":"product","2":"type-product","3":"status-publish","4":"has-post-thumbnail","6":"product_cat-imanes","7":"pa_ciudad-madrid","8":"pa_motivo-panoramas","9":"pa_pais-espana","11":"first","12":"instock","13":"shipping-taxable","14":"product-type-simple"},"acf":[],"_links":{"self":[{"href":"https:\/\/olemosaic.com\/pt-pt\/wp-json\/wp\/v2\/product\/36841","targetHints":{"allow":["GET"]}}],"collection":[{"href":"https:\/\/olemosaic.com\/pt-pt\/wp-json\/wp\/v2\/product"}],"about":[{"href":"https:\/\/olemosaic.com\/pt-pt\/wp-json\/wp\/v2\/types\/product"}],"wp:featuredmedia":[{"embeddable":true,"href":"https:\/\/olemosaic.com\/pt-pt\/wp-json\/wp\/v2\/media\/7804"}],"wp:attachment":[{"href":"https:\/\/olemosaic.com\/pt-pt\/wp-json\/wp\/v2\/media?parent=36841"}],"wp:term":[{"taxonomy":"product_brand","embeddable":true,"href":"https:\/\/olemosaic.com\/pt-pt\/wp-json\/wp\/v2\/product_brand?post=36841"},{"taxonomy":"product_cat","embeddable":true,"href":"https:\/\/olemosaic.com\/pt-pt\/wp-json\/wp\/v2\/product_cat?post=36841"},{"taxonomy":"product_tag","embeddable":true,"href":"https:\/\/olemosaic.com\/pt-pt\/wp-json\/wp\/v2\/product_tag?post=36841"}],"curies":[{"name":"wp","href":"https:\/\/api.w.org\/{rel}","templated":true}]}}