{"id":36840,"date":"2025-02-20T23:36:17","date_gmt":"2025-02-20T22:36:17","guid":{"rendered":"http:\/\/olemosaic.com\/producto\/iman-de-metal-panoramica-lisboa-8-cm-6\/"},"modified":"2025-07-25T19:43:02","modified_gmt":"2025-07-25T17:43:02","slug":"iman-de-metal-panoramica-lisboa-8-cm-6-pt-pt","status":"publish","type":"product","link":"https:\/\/olemosaic.com\/pt-pt\/produto\/iman-de-metal-panoramica-lisboa-8-cm-6-pt-pt\/","title":{"rendered":"\u00cdman de metal. Panor\u00e2mica. Azul e amarelo. Lisboa. 8 cm."},"content":{"rendered":"<p>\u00cdman de metal panor\u00e2mico de Lisboa<\/p>\n<p>Este cativante \u00edman de metal de 8 cm \u00e9 uma vibrante representa\u00e7\u00e3o da beleza e do encanto de Lisboa. Com um design colorido e cativante, apresenta uma panor\u00e2mica que capta os caracter\u00edsticos telhados vermelhos e as pitorescas casas que adornam a capital portuguesa, formando um mosaico visual que convida a recordar cada canto desta hist\u00f3rica cidade. Ao fundo, ergue-se a c\u00fapula de uma igreja, s\u00edmbolo emblem\u00e1tico que real\u00e7a a rica heran\u00e7a arquitet\u00f3nica de Lisboa.<\/p>\n<p>O quadro geom\u00e9trico que rodeia a imagem, em tons azuis e amarelos, evoca os tradicionais azulejos portugueses, acrescentando um toque aut\u00eantico a esta recorda\u00e7\u00e3o. Cada elemento foi cuidadosamente desenhado para captar a ess\u00eancia da arquitetura lisboeta e o seu ambiente colorido. Este \u00edman n\u00e3o \u00e9 apenas um objeto decorativo, mas tamb\u00e9m uma excelente recorda\u00e7\u00e3o que permite reviver a experi\u00eancia de explorar as suas colinas e ruas empedradas.<\/p>\n<p>Na Ol\u00e9 Mosaic, somos distribuidores de souvenirs de alta qualidade, e este \u00edman de Lisboa \u00e9 uma escolha perfeita para lojas de presentes tur\u00edsticos que procuram oferecer produtos aut\u00eanticos e representativos. O seu design atraente torna-o uma op\u00e7\u00e3o ideal para turistas que desejam levar um pedacinho de Lisboa, garantindo que cada vez que se olhe para este \u00edman, colocado sobre qualquer superf\u00edcie met\u00e1lica, se despertem mem\u00f3rias de uma das cidades mais encantadoras da Europa.<\/p>\n","protected":false},"excerpt":{"rendered":"<p>\u00cdman met\u00e1lico com uma vibrante panor\u00e2mica de Lisboa, de 8 cm. Este atraente \u00edman apresenta um design colorido que mostra os caracter\u00edsticos telhados vermelhos e as pitorescas casas da cidade, com a c\u00fapula da igreja ao fundo. A composi\u00e7\u00e3o inclui uma moldura de padr\u00f5es geom\u00e9tricos em tons azuis e amarelos, que captam a ess\u00eancia da arquitetura lisboeta. Ideal para recordar a beleza de Lisboa em qualquer superf\u00edcie met\u00e1lica.<\/p>\n","protected":false},"featured_media":11200,"template":"","meta":{"_acf_changed":false},"product_brand":[],"product_cat":[699],"product_tag":[],"class_list":{"0":"post-36840","1":"product","2":"type-product","3":"status-publish","4":"has-post-thumbnail","6":"product_cat-imanes","7":"pa_ciudad-lisboa","8":"pa_motivo-panoramas","9":"pa_pais-portugal","11":"first","12":"instock","13":"shipping-taxable","14":"product-type-simple"},"acf":[],"_links":{"self":[{"href":"https:\/\/olemosaic.com\/pt-pt\/wp-json\/wp\/v2\/product\/36840","targetHints":{"allow":["GET"]}}],"collection":[{"href":"https:\/\/olemosaic.com\/pt-pt\/wp-json\/wp\/v2\/product"}],"about":[{"href":"https:\/\/olemosaic.com\/pt-pt\/wp-json\/wp\/v2\/types\/product"}],"wp:featuredmedia":[{"embeddable":true,"href":"https:\/\/olemosaic.com\/pt-pt\/wp-json\/wp\/v2\/media\/11200"}],"wp:attachment":[{"href":"https:\/\/olemosaic.com\/pt-pt\/wp-json\/wp\/v2\/media?parent=36840"}],"wp:term":[{"taxonomy":"product_brand","embeddable":true,"href":"https:\/\/olemosaic.com\/pt-pt\/wp-json\/wp\/v2\/product_brand?post=36840"},{"taxonomy":"product_cat","embeddable":true,"href":"https:\/\/olemosaic.com\/pt-pt\/wp-json\/wp\/v2\/product_cat?post=36840"},{"taxonomy":"product_tag","embeddable":true,"href":"https:\/\/olemosaic.com\/pt-pt\/wp-json\/wp\/v2\/product_tag?post=36840"}],"curies":[{"name":"wp","href":"https:\/\/api.w.org\/{rel}","templated":true}]}}