{"id":36816,"date":"2025-02-20T23:36:16","date_gmt":"2025-02-20T22:36:16","guid":{"rendered":"http:\/\/olemosaic.com\/producto\/iman-de-metal-panoramica-barcelona-negro-8-cm-8\/"},"modified":"2025-07-25T20:12:21","modified_gmt":"2025-07-25T18:12:21","slug":"iman-de-metal-panoramica-mosaico-barcelona-preto-8-cm-8","status":"publish","type":"product","link":"https:\/\/olemosaic.com\/pt-pt\/produto\/iman-de-metal-panoramica-mosaico-barcelona-preto-8-cm-8\/","title":{"rendered":"\u00cdman de metal. Panor\u00e2mica. Mosaico. Barcelona. Preto. 8 cm."},"content":{"rendered":"<p>\u00cdman de metal panor\u00e2mico de Barcelona. Este atraente \u00edman, de 8 cm, apresenta uma representa\u00e7\u00e3o vibrante da emblem\u00e1tica arquitetura barcelonesa, com a majestosa Sagrada Fam\u00edlia e o famoso Monumento a Colombo como protagonistas, rodeados de palmeiras e um fundo que evoca o caracter\u00edstico estilo trencad\u00eds. O design, cheio de cor, combina a ess\u00eancia moderna de Barcelona com elementos tradicionais, o que o torna uma recorda\u00e7\u00e3o perfeita da cidade. O texto &#8220;I \u2665 Barcelona&#8221; sobressai em letras brilhantes, conferindo um toque divertido e contempor\u00e2neo que encanta os visitantes.<\/p>\n<p>Feito de metal, este \u00edman n\u00e3o \u00e9 apenas um objeto decorativo, mas tamb\u00e9m uma recorda\u00e7\u00e3o funcional que pode adornar frigor\u00edficos, quadros ou qualquer superf\u00edcie magn\u00e9tica. O seu estilo fresco e intemporal torna-o uma excelente op\u00e7\u00e3o para quem procura lembran\u00e7as de qualidade que representem o esp\u00edrito vibrante de Barcelona. Na Ol\u00e9 Mosaic, somos distribuidores de lembran\u00e7as por grosso, oferecendo artigos aut\u00eanticos que captam a ess\u00eancia de locais ic\u00f3nicos. Este \u00edman de Barcelona \u00e9 ideal para lojas de presentes tur\u00edsticos, pois oferece aos clientes um pedacinho da cidade para levar para casa.<\/p>\n","protected":false},"excerpt":{"rendered":"<p>\u00cdman met\u00e1lico com uma vibrante panor\u00e2mica de Barcelona, de 8 cm. Este atraente \u00edman apresenta um design colorido que destaca a emblem\u00e1tica arquitetura da cidade, incluindo a Sagrada Fam\u00edlia e o famoso Monumento a Colombo, rodeados de palmeiras e um fundo que evoca o estilo do trencad\u00eds. O texto &#8220;I \u2665 Barcelona&#8221; em letras brilhantes adiciona um toque divertido, tornando-o uma recorda\u00e7\u00e3o perfeita desta ic\u00f3nica cidade.<\/p>\n","protected":false},"featured_media":11416,"template":"","meta":{"_acf_changed":false},"product_brand":[],"product_cat":[699],"product_tag":[],"class_list":{"0":"post-36816","1":"product","2":"type-product","3":"status-publish","4":"has-post-thumbnail","6":"product_cat-imanes","7":"pa_ciudad-barcelona","8":"pa_motivo-panoramas","9":"pa_pais-espana","11":"first","12":"instock","13":"shipping-taxable","14":"product-type-simple"},"acf":[],"_links":{"self":[{"href":"https:\/\/olemosaic.com\/pt-pt\/wp-json\/wp\/v2\/product\/36816","targetHints":{"allow":["GET"]}}],"collection":[{"href":"https:\/\/olemosaic.com\/pt-pt\/wp-json\/wp\/v2\/product"}],"about":[{"href":"https:\/\/olemosaic.com\/pt-pt\/wp-json\/wp\/v2\/types\/product"}],"wp:featuredmedia":[{"embeddable":true,"href":"https:\/\/olemosaic.com\/pt-pt\/wp-json\/wp\/v2\/media\/11416"}],"wp:attachment":[{"href":"https:\/\/olemosaic.com\/pt-pt\/wp-json\/wp\/v2\/media?parent=36816"}],"wp:term":[{"taxonomy":"product_brand","embeddable":true,"href":"https:\/\/olemosaic.com\/pt-pt\/wp-json\/wp\/v2\/product_brand?post=36816"},{"taxonomy":"product_cat","embeddable":true,"href":"https:\/\/olemosaic.com\/pt-pt\/wp-json\/wp\/v2\/product_cat?post=36816"},{"taxonomy":"product_tag","embeddable":true,"href":"https:\/\/olemosaic.com\/pt-pt\/wp-json\/wp\/v2\/product_tag?post=36816"}],"curies":[{"name":"wp","href":"https:\/\/api.w.org\/{rel}","templated":true}]}}