{"id":36815,"date":"2025-02-20T22:36:16","date_gmt":"2025-02-20T22:36:16","guid":{"rendered":"http:\/\/olemosaic.com\/producto\/iman-de-metal-panoramica-barcelona-azul-11-cm\/"},"modified":"2025-07-25T20:34:17","modified_gmt":"2025-07-25T18:34:17","slug":"iman-de-metal-panoramica-barcelona-azul-11-cm-pt-pt","status":"publish","type":"product","link":"https:\/\/olemosaic.com\/pt-pt\/produto\/iman-de-metal-panoramica-barcelona-azul-11-cm-pt-pt\/","title":{"rendered":"\u00cdman de metal. Panor\u00e2mica. Barcelona. Azul. 11 cm."},"content":{"rendered":"<p>\u00cdman panor\u00e2mico de metal de Barcelona, uma pe\u00e7a vibrante que capta a ess\u00eancia da cidade condal num formato compacto e atraente. Com dimens\u00f5es de 11 cm, este \u00edman apresenta uma ilustra\u00e7\u00e3o colorida que destaca tr\u00eas dos \u00edcones mais emblem\u00e1ticos de Barcelona: a majestosa Sagrada Fam\u00edlia, o colorido Park G\u00fcell e a ic\u00f3nica coluna de Colombo. O fundo, em tonalidades azuis e com detalhes de mosaicos, evoca o estilo art\u00edstico de Antoni Gaud\u00ed, encapsulando a magia e a alegria da cidade.<\/p>\n<p>A palavra &#8220;Barcelona&#8221; aparece em letras chamativas, adicionando um toque din\u00e2mico ao design que sobressai em qualquer superf\u00edcie met\u00e1lica. Este \u00edman n\u00e3o \u00e9 apenas um objeto funcional, mas uma aut\u00eantica lembran\u00e7a que permite aos turistas levar consigo uma recorda\u00e7\u00e3o significativa da sua visita a um dos destinos mais visitados de Espanha. \u00c9 perfeito para quem procura lembran\u00e7as de Barcelona \u00fanicas e representativas do legado cultural e arquitet\u00f3nico da regi\u00e3o.<\/p>\n<p>Na Ol\u00e9 Mosaic, somos distribuidores de lembran\u00e7as por grosso e este \u00edman de Barcelona \u00e9 uma excelente op\u00e7\u00e3o para lojas de presentes tur\u00edsticos que desejam oferecer produtos aut\u00eanticos e de alta qualidade. O seu design atraente e a sua liga\u00e7\u00e3o cultural tornam-no um presente ideal para quem desejar recordar as suas experi\u00eancias nesta vibrante cidade.<\/p>\n","protected":false},"excerpt":{"rendered":"<p>\u00cdman met\u00e1lico com uma vibrante panor\u00e2mica de Barcelona, onde se destacam a famosa Sagrada Fam\u00edlia, o Parque G\u00fcell e a coluna de Colombo. Com um design colorido em tons azuis e detalhes de mosaico, este \u00edman de 11 cm capta a ess\u00eancia da cidade. A palavra &#8220;Barcelona&#8221; apresenta-se em letras chamativas, complementando a alegre e caracter\u00edstica cena de um dos destinos mais emblem\u00e1ticos de Espanha. Ideal para recordar a sua visita.<\/p>\n","protected":false},"featured_media":8793,"template":"","meta":{"_acf_changed":false},"product_brand":[],"product_cat":[699],"product_tag":[],"class_list":{"0":"post-36815","1":"product","2":"type-product","3":"status-publish","4":"has-post-thumbnail","6":"product_cat-imanes","7":"pa_ciudad-barcelona","8":"pa_motivo-panoramas","9":"pa_pais-espana","11":"first","12":"instock","13":"shipping-taxable","14":"product-type-simple"},"acf":[],"_links":{"self":[{"href":"https:\/\/olemosaic.com\/pt-pt\/wp-json\/wp\/v2\/product\/36815","targetHints":{"allow":["GET"]}}],"collection":[{"href":"https:\/\/olemosaic.com\/pt-pt\/wp-json\/wp\/v2\/product"}],"about":[{"href":"https:\/\/olemosaic.com\/pt-pt\/wp-json\/wp\/v2\/types\/product"}],"wp:featuredmedia":[{"embeddable":true,"href":"https:\/\/olemosaic.com\/pt-pt\/wp-json\/wp\/v2\/media\/8793"}],"wp:attachment":[{"href":"https:\/\/olemosaic.com\/pt-pt\/wp-json\/wp\/v2\/media?parent=36815"}],"wp:term":[{"taxonomy":"product_brand","embeddable":true,"href":"https:\/\/olemosaic.com\/pt-pt\/wp-json\/wp\/v2\/product_brand?post=36815"},{"taxonomy":"product_cat","embeddable":true,"href":"https:\/\/olemosaic.com\/pt-pt\/wp-json\/wp\/v2\/product_cat?post=36815"},{"taxonomy":"product_tag","embeddable":true,"href":"https:\/\/olemosaic.com\/pt-pt\/wp-json\/wp\/v2\/product_tag?post=36815"}],"curies":[{"name":"wp","href":"https:\/\/api.w.org\/{rel}","templated":true}]}}