{"id":36814,"date":"2025-02-20T23:36:16","date_gmt":"2025-02-20T22:36:16","guid":{"rendered":"http:\/\/olemosaic.com\/producto\/iman-de-metal-panoramica-barcelona-plata-8-cm-6\/"},"modified":"2025-07-25T23:04:06","modified_gmt":"2025-07-25T21:04:06","slug":"iman-de-metal-panoramica-gaudi-barcelona-prata-8-cm-6","status":"publish","type":"product","link":"https:\/\/olemosaic.com\/pt-pt\/produto\/iman-de-metal-panoramica-gaudi-barcelona-prata-8-cm-6\/","title":{"rendered":"\u00cdman de metal. Panor\u00e2mica. Gaud\u00ed. Barcelona. Prata. 8 cm."},"content":{"rendered":"<p>\u00cdman de metal panor\u00e2mico de Barcelona com um design vibrante que celebra a emblem\u00e1tica arquitetura da capital catal\u00e3. Com um tamanho de 8 cm, este atraente \u00edman \u00e9 uma representa\u00e7\u00e3o visual cativante que destaca as ic\u00f3nicas torres da Sagrada Fam\u00edlia junto ao famoso drag\u00e3o do Park G\u00fcell, tudo isto elaborado num estilo que evoca o caracter\u00edstico trencad\u00eds da regi\u00e3o. Os detalhes art\u00edsticos que adornam le produto incluem uma explos\u00e3o de cores vivas que capturam a ess\u00eancia vibrante de Barcelona, tornando-o uma recorda\u00e7\u00e3o ideal para quem deseja levar um fragmento da cidade para casa.<\/p>\n<p>Este \u00edman n\u00e3o s\u00f3 \u00e9 funcional, como tamb\u00e9m serve como um lembrete constante da rica heran\u00e7a cultural de Barcelona. O seu design art\u00edstico reflete a singularidade da arquitetura modernista de Antoni Gaud\u00ed, que tornou a cidade num destino tur\u00edstico mundialmente reconhecido. A Ol\u00e9 Mosaic, como distribuidor de lembran\u00e7as, oferece este \u00edman panor\u00e2mico de Barcelona como uma op\u00e7\u00e3o perfeita para lojas de presentes tur\u00edsticos que procuram produtos aut\u00eanticos e representativos da cultura espanhola. Este \u00edman de metal \u00e9 a escolha ideal para turistas que procuram recorda\u00e7\u00f5es emblem\u00e1ticas que encapsulem a beleza e a hist\u00f3ria de Barcelona.<\/p>\n","protected":false},"excerpt":{"rendered":"<p>\u00cdman met\u00e1lico com uma vistosa panor\u00e2mica de Barcelona, de 8 cm. Este \u00edman apresenta um design vibrante que destaca a emblem\u00e1tica arquitetura da cidade, incluindo as torres da Sagrada Fam\u00edlia e o famoso drag\u00e3o do Park G\u00fcell, tudo isto com um estilo que evoca o trencad\u00eds, t\u00e3o caracter\u00edstico da regi\u00e3o. Com cores vivas e detalhes art\u00edsticos, \u00e9 uma recorda\u00e7\u00e3o perfeita que capta a ess\u00eancia da capital catal\u00e3.<\/p>\n","protected":false},"featured_media":11407,"template":"","meta":{"_acf_changed":false},"product_brand":[],"product_cat":[699],"product_tag":[],"class_list":{"0":"post-36814","1":"product","2":"type-product","3":"status-publish","4":"has-post-thumbnail","6":"product_cat-imanes","7":"pa_ciudad-barcelona","8":"pa_motivo-panoramas","9":"pa_pais-espana","11":"first","12":"instock","13":"shipping-taxable","14":"product-type-simple"},"acf":[],"_links":{"self":[{"href":"https:\/\/olemosaic.com\/pt-pt\/wp-json\/wp\/v2\/product\/36814","targetHints":{"allow":["GET"]}}],"collection":[{"href":"https:\/\/olemosaic.com\/pt-pt\/wp-json\/wp\/v2\/product"}],"about":[{"href":"https:\/\/olemosaic.com\/pt-pt\/wp-json\/wp\/v2\/types\/product"}],"wp:featuredmedia":[{"embeddable":true,"href":"https:\/\/olemosaic.com\/pt-pt\/wp-json\/wp\/v2\/media\/11407"}],"wp:attachment":[{"href":"https:\/\/olemosaic.com\/pt-pt\/wp-json\/wp\/v2\/media?parent=36814"}],"wp:term":[{"taxonomy":"product_brand","embeddable":true,"href":"https:\/\/olemosaic.com\/pt-pt\/wp-json\/wp\/v2\/product_brand?post=36814"},{"taxonomy":"product_cat","embeddable":true,"href":"https:\/\/olemosaic.com\/pt-pt\/wp-json\/wp\/v2\/product_cat?post=36814"},{"taxonomy":"product_tag","embeddable":true,"href":"https:\/\/olemosaic.com\/pt-pt\/wp-json\/wp\/v2\/product_tag?post=36814"}],"curies":[{"name":"wp","href":"https:\/\/api.w.org\/{rel}","templated":true}]}}