{"id":36810,"date":"2025-02-20T23:36:15","date_gmt":"2025-02-20T22:36:15","guid":{"rendered":"http:\/\/olemosaic.com\/producto\/iman-de-metal-panoramica-valencia-8-cm-2\/"},"modified":"2025-07-25T23:40:50","modified_gmt":"2025-07-25T21:40:50","slug":"iman-de-metal-panoramica-valencia-8-cm-2-pt-pt","status":"publish","type":"product","link":"https:\/\/olemosaic.com\/pt-pt\/produto\/iman-de-metal-panoramica-valencia-8-cm-2-pt-pt\/","title":{"rendered":"\u00cdman de metal. Panor\u00e2mica. Catedral de Val\u00eancia. 8 cm."},"content":{"rendered":"<p>\u00cdman de metal panor\u00e2mico de 8 cm de Val\u00eancia, uma celebra\u00e7\u00e3o visual da espetacular arquitetura desta vibrante cidade. Este \u00edman destaca a emblem\u00e1tica Cidade das Artes e das Ci\u00eancias, uma obra-prima da arte moderna, e a impressionante silhueta da Catedral de Val\u00eancia, um s\u00edmbolo do rico patrim\u00f3nio hist\u00f3rico da cidade. Com um atraente estilo de mosaico, cada detalhe sobressai sobre um fundo azul brilhante, combinado com uma variada paleta de cores que capturam a ess\u00eancia l\u00fadica e festiva de Val\u00eancia. O uso de tonalidades vivas n\u00e3o s\u00f3 embeleza o design, como tamb\u00e9m evoca a alegria e diversidade cultural da regi\u00e3o.<\/p>\n<p>Este \u00edman n\u00e3o \u00e9 apenas uma excelente op\u00e7\u00e3o decorativa, mas tamb\u00e9m uma recorda\u00e7\u00e3o representativa que honra a heran\u00e7a arquitet\u00f3nica e art\u00edstica de Val\u00eancia. \u00c9 uma pe\u00e7a ideal para turistas que procuram levar um pedacinho da cidade sob a forma de uma recorda\u00e7\u00e3o aut\u00eantica e \u00fatil. Na Ol\u00e9 Mosaic, especializamo-nos na distribui\u00e7\u00e3o de souvenirs de qualidade por grosso, garantindo que cada \u00edman que oferecemos seja um reflexo fiel do encanto local. Este \u00edman panor\u00e2mico de Val\u00eancia \u00e9 perfeito para as lojas de presentes tur\u00edsticos que desejem oferecer produtos que capturem a ess\u00eancia dos souvenirs da cidade.<\/p>\n","protected":false},"excerpt":{"rendered":"<p>\u00cdman met\u00e1lico de 8 cm com uma colorida panor\u00e2mica de Val\u00eancia que real\u00e7a a beleza arquitet\u00f3nica da cidade. Este \u00edman mostra uma vibrante representa\u00e7\u00e3o da Cidade das Artes e das Ci\u00eancias juntamente com a imponente silhueta da Catedral de Val\u00eancia, tudo num atraente estilo mosaico. Com um fundo azul brilhante e detalhes em tons variados, \u00e9 a recorda\u00e7\u00e3o ideal para evocar a ess\u00eancia de Val\u00eancia e decorar qualquer superf\u00edcie met\u00e1lica.<\/p>\n","protected":false},"featured_media":10458,"template":"","meta":{"_acf_changed":false},"product_brand":[],"product_cat":[699],"product_tag":[],"class_list":{"0":"post-36810","1":"product","2":"type-product","3":"status-publish","4":"has-post-thumbnail","6":"product_cat-imanes","7":"pa_ciudad-valencia","8":"pa_motivo-panoramas","9":"pa_pais-espana","11":"first","12":"instock","13":"shipping-taxable","14":"product-type-simple"},"acf":[],"_links":{"self":[{"href":"https:\/\/olemosaic.com\/pt-pt\/wp-json\/wp\/v2\/product\/36810","targetHints":{"allow":["GET"]}}],"collection":[{"href":"https:\/\/olemosaic.com\/pt-pt\/wp-json\/wp\/v2\/product"}],"about":[{"href":"https:\/\/olemosaic.com\/pt-pt\/wp-json\/wp\/v2\/types\/product"}],"wp:featuredmedia":[{"embeddable":true,"href":"https:\/\/olemosaic.com\/pt-pt\/wp-json\/wp\/v2\/media\/10458"}],"wp:attachment":[{"href":"https:\/\/olemosaic.com\/pt-pt\/wp-json\/wp\/v2\/media?parent=36810"}],"wp:term":[{"taxonomy":"product_brand","embeddable":true,"href":"https:\/\/olemosaic.com\/pt-pt\/wp-json\/wp\/v2\/product_brand?post=36810"},{"taxonomy":"product_cat","embeddable":true,"href":"https:\/\/olemosaic.com\/pt-pt\/wp-json\/wp\/v2\/product_cat?post=36810"},{"taxonomy":"product_tag","embeddable":true,"href":"https:\/\/olemosaic.com\/pt-pt\/wp-json\/wp\/v2\/product_tag?post=36810"}],"curies":[{"name":"wp","href":"https:\/\/api.w.org\/{rel}","templated":true}]}}