{"id":36809,"date":"2025-02-20T22:36:15","date_gmt":"2025-02-20T22:36:15","guid":{"rendered":"http:\/\/olemosaic.com\/producto\/iman-de-metal-salamandra-gran-canaria-plata-8-cm\/"},"modified":"2025-07-25T19:16:51","modified_gmt":"2025-07-25T17:16:51","slug":"iman-de-metal-salamandra-gran-canaria-prata-8-cm","status":"publish","type":"product","link":"https:\/\/olemosaic.com\/pt-pt\/produto\/iman-de-metal-salamandra-gran-canaria-prata-8-cm\/","title":{"rendered":"\u00cdman de metal. Salamandra. Gran Canaria. Prata. 8 cm."},"content":{"rendered":"<p>\u00cdman met\u00e1lico com forma de salamandra, inspirado na exuberante natureza de Gran Canaria. Este atraente \u00edman, de 8 cm, combina um design vibrante em mosaico que capta a aten\u00e7\u00e3o com a sua rica paleta de cores: azul, verde, vermelho e amarelo, que contrastam maravilhosamente sobre um fundo branco texturizado. A representa\u00e7\u00e3o da salamandra evoca a biodiversidade \u00fanica das Ilhas Can\u00e1rias, onde estes simp\u00e1ticos r\u00e9pteis s\u00e3o uma parte essencial do ecossistema local. Na parte superior, a inscri\u00e7\u00e3o \u00abGran Canaria\u00bb, em letras chamativas, completa o design, tornando este \u00edman num verdadeiro emblema da regi\u00e3o. Este souvenir n\u00e3o \u00e9 apenas uma recorda\u00e7\u00e3o visual, mas tamb\u00e9m uma pe\u00e7a que reflete a hist\u00f3ria natural e cultural de Gran Canaria, ideal para quem procura levar um peda\u00e7o desta bela ilha. Na Ol\u00e9 Mosaic, distribuidores de souvenirs, este \u00edman de salamandra \u00e9 uma op\u00e7\u00e3o excelente para lojas de presentes tur\u00edsticos que apreciam a autenticidade e a representa\u00e7\u00e3o cultural nos seus produtos. Atrair\u00e1 tanto colecionadores como turistas que desejem recordar a sua visita a este para\u00edso natural.<\/p>\n","protected":false},"excerpt":{"rendered":"<p>\u00cdman met\u00e1lico com forma de salamandra, inspirado na riqueza natural de Gran Canaria. Este colorido design de 8 cm apresenta um vibrante motivo de mosaico, com uma paleta de cores azul, verde, vermelho e amarelo que se destacam sobre um fundo branco texturizado. A palavra &#8220;Gran Canaria&#8221; est\u00e1 impressa na parte superior, complementando o apelo visual deste souvenir, ideal para colecionadores e amantes da fauna can\u00e1ria.<\/p>\n","protected":false},"featured_media":12876,"template":"","meta":{"_acf_changed":false},"product_brand":[],"product_cat":[699],"product_tag":[516],"class_list":{"0":"post-36809","1":"product","2":"type-product","3":"status-publish","4":"has-post-thumbnail","6":"product_cat-imanes","7":"product_tag-animais","8":"pa_ciudad-gran-canaria","9":"pa_motivo-salamandras","10":"pa_pais-espana","12":"first","13":"instock","14":"shipping-taxable","15":"product-type-simple"},"acf":[],"_links":{"self":[{"href":"https:\/\/olemosaic.com\/pt-pt\/wp-json\/wp\/v2\/product\/36809","targetHints":{"allow":["GET"]}}],"collection":[{"href":"https:\/\/olemosaic.com\/pt-pt\/wp-json\/wp\/v2\/product"}],"about":[{"href":"https:\/\/olemosaic.com\/pt-pt\/wp-json\/wp\/v2\/types\/product"}],"wp:featuredmedia":[{"embeddable":true,"href":"https:\/\/olemosaic.com\/pt-pt\/wp-json\/wp\/v2\/media\/12876"}],"wp:attachment":[{"href":"https:\/\/olemosaic.com\/pt-pt\/wp-json\/wp\/v2\/media?parent=36809"}],"wp:term":[{"taxonomy":"product_brand","embeddable":true,"href":"https:\/\/olemosaic.com\/pt-pt\/wp-json\/wp\/v2\/product_brand?post=36809"},{"taxonomy":"product_cat","embeddable":true,"href":"https:\/\/olemosaic.com\/pt-pt\/wp-json\/wp\/v2\/product_cat?post=36809"},{"taxonomy":"product_tag","embeddable":true,"href":"https:\/\/olemosaic.com\/pt-pt\/wp-json\/wp\/v2\/product_tag?post=36809"}],"curies":[{"name":"wp","href":"https:\/\/api.w.org\/{rel}","templated":true}]}}