{"id":36808,"date":"2025-02-20T23:36:15","date_gmt":"2025-02-20T22:36:15","guid":{"rendered":"http:\/\/olemosaic.com\/producto\/iman-de-metal-salamandra-barcelona-plata-8-cm-2\/"},"modified":"2025-07-25T19:42:14","modified_gmt":"2025-07-25T17:42:14","slug":"iman-de-metal-salamandra-barcelona-prata-8-cm-2","status":"publish","type":"product","link":"https:\/\/olemosaic.com\/pt-pt\/produto\/iman-de-metal-salamandra-barcelona-prata-8-cm-2\/","title":{"rendered":"\u00cdman de metal. Salamandra. Mosaico. Barcelona. Prata. 8 cm."},"content":{"rendered":"<p>\u00cdman met\u00e1lico com forma de salamandra inspirado na arte do mosaico de Barcelona. Este vibrante \u00edman de 8 cm capta a ess\u00eancia art\u00edstica da cidade atrav\u00e9s da emblem\u00e1tica figura de uma salamandra, magistralmente elaborada num mosaico de tons azuis, verdes e alaranjados. O fundo branco, que simula a textura t\u00edpica das tesselas, real\u00e7a a diversidade crom\u00e1tica e o car\u00e1cter \u00fanico desta obra criativa. Na parte superior, a palavra &#8220;Barcelona&#8221; destaca-se, tornando este \u00edman numa recorda\u00e7\u00e3o ideal para quem deseja levar um pedacinho da rica cultura catal\u00e3.<\/p>\n<p>A salamandra \u00e9 um s\u00edmbolo associado ao famoso arquiteto Antoni Gaud\u00ed, cuja obra se integra perfeitamente na paisagem urbana de Barcelona. Este \u00edman n\u00e3o s\u00f3 representa a est\u00e9tica do modernismo catal\u00e3o, como tamb\u00e9m evoca a liga\u00e7\u00e3o entre a natureza e a arte que caracteriza a cidade. Como um aut\u00eantico souvenir de Barcelona, esta pe\u00e7a combina funcionalidade e est\u00e9tica, sendo perfeita para decorar qualquer espa\u00e7o.<\/p>\n<p>Na Ol\u00e9 Mosaic, somos especialistas na distribui\u00e7\u00e3o de souvenirs por grosso, e este \u00edman de salamandra \u00e9 uma op\u00e7\u00e3o excecional para lojas de presentes tur\u00edsticos que procuram atrair visitantes interessados em recorda\u00e7\u00f5es catal\u00e3s aut\u00eanticas. Com o seu design atraente e a sua relev\u00e2ncia cultural, este \u00edman met\u00e1lico \u00e9 um excelente representante do legado art\u00edstico de Barcelona.<\/p>\n","protected":false},"excerpt":{"rendered":"<p>\u00cdman met\u00e1lico com forma de salamandra, inspirado na arte do mosaico de Barcelona. Com um tamanho de 8 cm, este vibrante \u00edman mostra uma salamandra colorida em tons azuis, verdes e alaranjados, sobre um fundo branco com um design texturizado que imita as tesselas do mosaico. A palavra &#8220;Barcelona&#8221; destaca-se na parte superior, o que torna este artigo na recorda\u00e7\u00e3o perfeita da riqueza cultural e art\u00edstica da cidade.<\/p>\n","protected":false},"featured_media":12870,"template":"","meta":{"_acf_changed":false},"product_brand":[],"product_cat":[699],"product_tag":[516],"class_list":{"0":"post-36808","1":"product","2":"type-product","3":"status-publish","4":"has-post-thumbnail","6":"product_cat-imanes","7":"product_tag-animais","8":"pa_ciudad-barcelona","9":"pa_motivo-salamandras","10":"pa_pais-espana","12":"first","13":"instock","14":"shipping-taxable","15":"product-type-simple"},"acf":[],"_links":{"self":[{"href":"https:\/\/olemosaic.com\/pt-pt\/wp-json\/wp\/v2\/product\/36808","targetHints":{"allow":["GET"]}}],"collection":[{"href":"https:\/\/olemosaic.com\/pt-pt\/wp-json\/wp\/v2\/product"}],"about":[{"href":"https:\/\/olemosaic.com\/pt-pt\/wp-json\/wp\/v2\/types\/product"}],"wp:featuredmedia":[{"embeddable":true,"href":"https:\/\/olemosaic.com\/pt-pt\/wp-json\/wp\/v2\/media\/12870"}],"wp:attachment":[{"href":"https:\/\/olemosaic.com\/pt-pt\/wp-json\/wp\/v2\/media?parent=36808"}],"wp:term":[{"taxonomy":"product_brand","embeddable":true,"href":"https:\/\/olemosaic.com\/pt-pt\/wp-json\/wp\/v2\/product_brand?post=36808"},{"taxonomy":"product_cat","embeddable":true,"href":"https:\/\/olemosaic.com\/pt-pt\/wp-json\/wp\/v2\/product_cat?post=36808"},{"taxonomy":"product_tag","embeddable":true,"href":"https:\/\/olemosaic.com\/pt-pt\/wp-json\/wp\/v2\/product_tag?post=36808"}],"curies":[{"name":"wp","href":"https:\/\/api.w.org\/{rel}","templated":true}]}}