{"id":36806,"date":"2025-02-20T23:36:14","date_gmt":"2025-02-20T22:36:14","guid":{"rendered":"http:\/\/olemosaic.com\/producto\/iman-de-metal-tranvia-lisboa-8-cm-3\/"},"modified":"2025-07-25T18:47:14","modified_gmt":"2025-07-25T16:47:14","slug":"iman-de-metal-eletrico-lisboa-8-cm-3","status":"publish","type":"product","link":"https:\/\/olemosaic.com\/pt-pt\/produto\/iman-de-metal-eletrico-lisboa-8-cm-3\/","title":{"rendered":"\u00cdman de metal. El\u00e9trico. Tram 28. Lisboa. 8 cm."},"content":{"rendered":"<p>\u00cdman met\u00e1lico do famoso el\u00e9trico de Lisboa, o ic\u00f3nico Tram 28. Com um tamanho de 8 cm, este \u00edman destaca-se pelo seu design vibrante que capta a ess\u00eancia do transporte tradicional da cidade. A carro\u00e7aria amarela do el\u00e9trico, emblem\u00e1tica e reconhec\u00edvel, est\u00e1 meticulosamente ilustrada no centro, rodeada por um elegante fundo decorado com azulejos t\u00edpicos portugueses. O design inclui a palavra &#8220;LISBOA&#8221; na parte superior, que complementa a est\u00e9tica colorida e cultural da capital portuguesa. Este \u00edman n\u00e3o \u00e9 apenas uma excelente op\u00e7\u00e3o decorativa para a casa, mas tamb\u00e9m uma recorda\u00e7\u00e3o evocativa que transporta os visitantes para as ruas estreitas e colinas de Lisboa, onde o Tram 28 \u00e9 muito mais do que um meio de transporte, \u00e9 parte do dia a dia lisboeta. Ideal para quem procura souvenirs de qualidade que representem a autenticidade de Lisboa, este \u00edman \u00e9 uma excelente adi\u00e7\u00e3o para lojas de presentes tur\u00edsticos. Na Ol\u00e9 Mosaic, como grossistas de souvenirs, oferecemos este encantador \u00edman que celebra a rica cultura e tradi\u00e7\u00e3o da cidade, perfeito para aqueles que desejam levar um pedacinho de Lisboa.<\/p>\n","protected":false},"excerpt":{"rendered":"<p>\u00cdman de metal de 8 cm com um encantador el\u00e9trico de Lisboa, o ic\u00f3nico Tram 28. Com um design colorido, real\u00e7a a tradicional carro\u00e7aria amarela do el\u00e9trico, rodeada por um elegante fundo com azulejos t\u00edpicos portugueses. A palavra &#8220;LISBOA&#8221; coroa a parte superior, completando a est\u00e9tica vibrante e cultural da cidade. Ideal para recordar a beleza e o esp\u00edrito de Lisboa em qualquer lugar.<\/p>\n","protected":false},"featured_media":11204,"template":"","meta":{"_acf_changed":false},"product_brand":[],"product_cat":[699],"product_tag":[],"class_list":{"0":"post-36806","1":"product","2":"type-product","3":"status-publish","4":"has-post-thumbnail","6":"product_cat-imanes","7":"pa_ciudad-lisboa","8":"pa_motivo-eletricos","9":"pa_pais-portugal","11":"first","12":"instock","13":"shipping-taxable","14":"product-type-simple"},"acf":[],"_links":{"self":[{"href":"https:\/\/olemosaic.com\/pt-pt\/wp-json\/wp\/v2\/product\/36806","targetHints":{"allow":["GET"]}}],"collection":[{"href":"https:\/\/olemosaic.com\/pt-pt\/wp-json\/wp\/v2\/product"}],"about":[{"href":"https:\/\/olemosaic.com\/pt-pt\/wp-json\/wp\/v2\/types\/product"}],"wp:featuredmedia":[{"embeddable":true,"href":"https:\/\/olemosaic.com\/pt-pt\/wp-json\/wp\/v2\/media\/11204"}],"wp:attachment":[{"href":"https:\/\/olemosaic.com\/pt-pt\/wp-json\/wp\/v2\/media?parent=36806"}],"wp:term":[{"taxonomy":"product_brand","embeddable":true,"href":"https:\/\/olemosaic.com\/pt-pt\/wp-json\/wp\/v2\/product_brand?post=36806"},{"taxonomy":"product_cat","embeddable":true,"href":"https:\/\/olemosaic.com\/pt-pt\/wp-json\/wp\/v2\/product_cat?post=36806"},{"taxonomy":"product_tag","embeddable":true,"href":"https:\/\/olemosaic.com\/pt-pt\/wp-json\/wp\/v2\/product_tag?post=36806"}],"curies":[{"name":"wp","href":"https:\/\/api.w.org\/{rel}","templated":true}]}}