{"id":36804,"date":"2025-02-20T23:36:14","date_gmt":"2025-02-20T22:36:14","guid":{"rendered":"http:\/\/olemosaic.com\/producto\/iman-de-metal-salamandra-mallorca-8-cm-2\/"},"modified":"2025-07-25T20:13:37","modified_gmt":"2025-07-25T18:13:37","slug":"iman-de-metal-salamandra-maiorca-8-cm-2","status":"publish","type":"product","link":"https:\/\/olemosaic.com\/pt-pt\/produto\/iman-de-metal-salamandra-maiorca-8-cm-2\/","title":{"rendered":"\u00cdman de metal. Salamandra. Ilha. Maiorca. 8 cm."},"content":{"rendered":"<p>\u00cdman de metal decorativo de Maiorca<\/p>\n<p>Este \u00edman de metal decorativo, de 8 cm, \u00e9 uma vibrante homenagem \u00e0 fauna \u00fanica de Maiorca. O seu design, com uma representa\u00e7\u00e3o colorida de salamandras, evoca a vida selvagem da ilha. A pe\u00e7a apresenta um fundo de mosaico em tons azuis, que recorda a arte tradicional maiorquina, criando um contraste perfeito com as salamandras. Cada uma delas brilha com uma paleta de cores que vai do vermelho intenso ao verde brilhante, complementada com folhas verdes que conferem frescura \u00e0 cena. Na parte superior, a palavra &#8220;MALLORCA&#8221; destaca-se em letras chamativas, acentuando o seu car\u00e1ter como souvenir representativo e aut\u00eantico da regi\u00e3o.<\/p>\n<p>Este \u00edman n\u00e3o \u00e9 apenas uma recorda\u00e7\u00e3o est\u00e9tica, mas tamb\u00e9m um s\u00edmbolo cultural que real\u00e7a a diversidade biol\u00f3gica de Maiorca, um destino tur\u00edstico famoso pela sua beleza natural. O seu design atrativo torna-o uma excelente op\u00e7\u00e3o para turistas que procuram levar um peda\u00e7o da ilha para casa. Na Ol\u00e9 Mosaic, somos especialistas na distribui\u00e7\u00e3o de souvenirs por grosso, e este \u00edman de salamandras \u00e9 uma pe\u00e7a que encapsula a ess\u00eancia balear, ideal para lojas de presentes tur\u00edsticos que desejem oferecer produtos aut\u00eanticos e atrativos.<\/p>\n","protected":false},"excerpt":{"rendered":"<p>\u00cdman decorativo de metal de 8 cm, inspirado na fauna de Maiorca, com um design que representa salamandras. Este \u00edman vibrante apresenta um fundo de mosaico que evoca a arte da ilha, com salamandras numa variedade de cores brilhantes, complementadas com detalhes de folhas verdes. A palavra &#8220;MALLORCA&#8221; est\u00e1 impressa na parte superior, real\u00e7ando o seu apelo como recorda\u00e7\u00e3o t\u00edpica da regi\u00e3o.<\/p>\n","protected":false},"featured_media":13531,"template":"","meta":{"_acf_changed":false},"product_brand":[],"product_cat":[699],"product_tag":[516],"class_list":{"0":"post-36804","1":"product","2":"type-product","3":"status-publish","4":"has-post-thumbnail","6":"product_cat-imanes","7":"product_tag-animais","8":"pa_ciudad-mallorca","9":"pa_motivo-salamandras","10":"pa_pais-espana","12":"first","13":"instock","14":"shipping-taxable","15":"product-type-simple"},"acf":[],"_links":{"self":[{"href":"https:\/\/olemosaic.com\/pt-pt\/wp-json\/wp\/v2\/product\/36804","targetHints":{"allow":["GET"]}}],"collection":[{"href":"https:\/\/olemosaic.com\/pt-pt\/wp-json\/wp\/v2\/product"}],"about":[{"href":"https:\/\/olemosaic.com\/pt-pt\/wp-json\/wp\/v2\/types\/product"}],"wp:featuredmedia":[{"embeddable":true,"href":"https:\/\/olemosaic.com\/pt-pt\/wp-json\/wp\/v2\/media\/13531"}],"wp:attachment":[{"href":"https:\/\/olemosaic.com\/pt-pt\/wp-json\/wp\/v2\/media?parent=36804"}],"wp:term":[{"taxonomy":"product_brand","embeddable":true,"href":"https:\/\/olemosaic.com\/pt-pt\/wp-json\/wp\/v2\/product_brand?post=36804"},{"taxonomy":"product_cat","embeddable":true,"href":"https:\/\/olemosaic.com\/pt-pt\/wp-json\/wp\/v2\/product_cat?post=36804"},{"taxonomy":"product_tag","embeddable":true,"href":"https:\/\/olemosaic.com\/pt-pt\/wp-json\/wp\/v2\/product_tag?post=36804"}],"curies":[{"name":"wp","href":"https:\/\/api.w.org\/{rel}","templated":true}]}}