{"id":36802,"date":"2025-02-20T23:36:14","date_gmt":"2025-02-20T22:36:14","guid":{"rendered":"http:\/\/olemosaic.com\/producto\/iman-de-metal-salamandra-tenerife-8-cm-2\/"},"modified":"2025-07-25T19:11:06","modified_gmt":"2025-07-25T17:11:06","slug":"iman-de-metal-salamandra-tenerife-8-cm-2-pt-pt","status":"publish","type":"product","link":"https:\/\/olemosaic.com\/pt-pt\/produto\/iman-de-metal-salamandra-tenerife-8-cm-2-pt-pt\/","title":{"rendered":"\u00cdman de metal. Salamandra. Tenerife. Can\u00e1rias. 8 cm."},"content":{"rendered":"<p>\u00cdman decorativo de metal de 8 cm inspirado na fauna de Tenerife. Este atraente \u00edman apresenta um vibrante design de salamandras, que simbolizam a rica biodiversidade da ilha. O fundo azul claro real\u00e7a as cores intensas das salamandras, elaboradas com uma t\u00e9cnica de trencad\u00eds com mosaicos em tons verdes, amarelos e vermelhos, capturando a ess\u00eancia viva da natureza tinerfe\u00f1a. A palavra &#8220;TENERIFE&#8221; situa-se na parte superior, destacando-se em cores chamativas, o que acrescenta um toque alegre e festivo ao design. Este \u00edman \u00e9 muito mais do que uma simples recorda\u00e7\u00e3o: \u00e9 uma representa\u00e7\u00e3o art\u00edstica da fauna local e um tributo \u00e0 beleza natural de Tenerife. Perfeito para os turistas que procuram levar um peda\u00e7o da ilha para casa, este \u00edman torna-se um souvenir ideal que reflete a cultura e a diversidade da regi\u00e3o. Na Ol\u00e9 Mosaic, estamos comprometidos com a autenticidade e a mestria em cada produto que oferecemos. Este \u00edman de salamandra \u00e9 uma excelente op\u00e7\u00e3o para lojas de presentes tur\u00edsticos que desejem oferecer souvenirs \u00fanicos e representativos de Tenerife. Como distribuidores de \u00edmanes por grosso, garantimos a qualidade e o valor cultural em cada artigo.<\/p>\n","protected":false},"excerpt":{"rendered":"<p>\u00cdman met\u00e1lico de 8 cm, decorado com um colorido design de salamandras, que representam a fauna de Tenerife. O fundo azul claro real\u00e7a os vibrantes detalhes das salamandras, elaboradas com uma t\u00e9cnica de trencad\u00eds em tons verdes, amarelos e vermelhos. Na parte superior, a palavra &#8220;TENERIFE&#8221; destaca-se em cores chamativas, tornando este \u00edman num souvenir atraente e representativo da diversidade natural da ilha.<\/p>\n","protected":false},"featured_media":12904,"template":"","meta":{"_acf_changed":false},"product_brand":[],"product_cat":[699],"product_tag":[516],"class_list":{"0":"post-36802","1":"product","2":"type-product","3":"status-publish","4":"has-post-thumbnail","6":"product_cat-imanes","7":"product_tag-animais","8":"pa_ciudad-tenerife","9":"pa_motivo-salamandras","10":"pa_pais-espana","12":"first","13":"instock","14":"shipping-taxable","15":"product-type-simple"},"acf":[],"_links":{"self":[{"href":"https:\/\/olemosaic.com\/pt-pt\/wp-json\/wp\/v2\/product\/36802","targetHints":{"allow":["GET"]}}],"collection":[{"href":"https:\/\/olemosaic.com\/pt-pt\/wp-json\/wp\/v2\/product"}],"about":[{"href":"https:\/\/olemosaic.com\/pt-pt\/wp-json\/wp\/v2\/types\/product"}],"wp:featuredmedia":[{"embeddable":true,"href":"https:\/\/olemosaic.com\/pt-pt\/wp-json\/wp\/v2\/media\/12904"}],"wp:attachment":[{"href":"https:\/\/olemosaic.com\/pt-pt\/wp-json\/wp\/v2\/media?parent=36802"}],"wp:term":[{"taxonomy":"product_brand","embeddable":true,"href":"https:\/\/olemosaic.com\/pt-pt\/wp-json\/wp\/v2\/product_brand?post=36802"},{"taxonomy":"product_cat","embeddable":true,"href":"https:\/\/olemosaic.com\/pt-pt\/wp-json\/wp\/v2\/product_cat?post=36802"},{"taxonomy":"product_tag","embeddable":true,"href":"https:\/\/olemosaic.com\/pt-pt\/wp-json\/wp\/v2\/product_tag?post=36802"}],"curies":[{"name":"wp","href":"https:\/\/api.w.org\/{rel}","templated":true}]}}