{"id":36800,"date":"2025-02-20T22:36:13","date_gmt":"2025-02-20T22:36:13","guid":{"rendered":"http:\/\/olemosaic.com\/producto\/iman-de-metal-caballito-de-mar-azul-11-cm\/"},"modified":"2025-07-25T20:06:24","modified_gmt":"2025-07-25T18:06:24","slug":"iman-de-metal-cavalo-marinho-azul-11-cm","status":"publish","type":"product","link":"https:\/\/olemosaic.com\/pt-pt\/produto\/iman-de-metal-cavalo-marinho-azul-11-cm\/","title":{"rendered":"\u00cdman de metal. Cavalo-marinho. Azul. 11 cm."},"content":{"rendered":"<p>\u00cdman met\u00e1lico decorado com um design atraente de cavalos-marinhos sobre um fundo azul vibrante. Este souvenir \u00e9 una representa\u00e7\u00e3o perfeita da beleza do fundo marinho. Com um tamanho de 11 cm, este \u00edman destaca-se pelo seu acabamento que simula um mosaico, utilizando cores brilhantes como vermelhos, verdes e amarelos, combinados harmoniosamente com imagens de corais e elementos marinos, evocando \u00e1guas cristalinas e ecossistemas vibrantes. A ilustra\u00e7\u00e3o apresenta quatro cavalos-marinhos em diferentes posturas, cada um com detalhes meticulosamente elaborados que real\u00e7am a sua singularidade, rodeados de plantas aqu\u00e1ticas e conchas, o que acrescenta um toque de autenticidade e liga\u00e7\u00e3o ao ambiente marinho. Este \u00edman n\u00e3o \u00e9 apenas um acess\u00f3rio para adornar qualquer superf\u00edcie magn\u00e9tica, mas tamb\u00e9m uma recorda\u00e7\u00e3o das maravilhas naturais das costas mediterr\u00e2nicas, ideal para quem procura levar um peda\u00e7o desta riqueza cultural e natural. Na Ol\u00e9 Mosaic, oferecemos este \u00edman como uma excelente op\u00e7\u00e3o para lojas de souvenirs que desejem apresentar produtos aut\u00eanticos e representativos da flora e fauna da regi\u00e3o, tornando-o um artigo atraente para turistas em busca de recorda\u00e7\u00f5es de qualidade.<\/p>\n","protected":false},"excerpt":{"rendered":"<p>\u00cdman met\u00e1lico decorado com um design chamativo de cavalos-marinhos sobre um fundo azul vibrante. Com um tamanho de 11 cm, apresenta um acabamento que simula um mosaico em cores brilhantes, incluindo vermelhos, verdes e amarelos, rodeado de corais e elementos marinhos. Este \u00edman, ideal para recordar a beleza do fundo marinho, \u00e9 perfeito para adornar qualquer superf\u00edcie magn\u00e9tica com um toque natural.<\/p>\n","protected":false},"featured_media":8956,"template":"","meta":{"_acf_changed":false},"product_brand":[],"product_cat":[699],"product_tag":[516],"class_list":{"0":"post-36800","1":"product","2":"type-product","3":"status-publish","4":"has-post-thumbnail","6":"product_cat-imanes","7":"product_tag-animais","8":"pa_motivo-cavalos-marinhos","10":"first","11":"instock","12":"shipping-taxable","13":"product-type-simple"},"acf":[],"_links":{"self":[{"href":"https:\/\/olemosaic.com\/pt-pt\/wp-json\/wp\/v2\/product\/36800","targetHints":{"allow":["GET"]}}],"collection":[{"href":"https:\/\/olemosaic.com\/pt-pt\/wp-json\/wp\/v2\/product"}],"about":[{"href":"https:\/\/olemosaic.com\/pt-pt\/wp-json\/wp\/v2\/types\/product"}],"wp:featuredmedia":[{"embeddable":true,"href":"https:\/\/olemosaic.com\/pt-pt\/wp-json\/wp\/v2\/media\/8956"}],"wp:attachment":[{"href":"https:\/\/olemosaic.com\/pt-pt\/wp-json\/wp\/v2\/media?parent=36800"}],"wp:term":[{"taxonomy":"product_brand","embeddable":true,"href":"https:\/\/olemosaic.com\/pt-pt\/wp-json\/wp\/v2\/product_brand?post=36800"},{"taxonomy":"product_cat","embeddable":true,"href":"https:\/\/olemosaic.com\/pt-pt\/wp-json\/wp\/v2\/product_cat?post=36800"},{"taxonomy":"product_tag","embeddable":true,"href":"https:\/\/olemosaic.com\/pt-pt\/wp-json\/wp\/v2\/product_tag?post=36800"}],"curies":[{"name":"wp","href":"https:\/\/api.w.org\/{rel}","templated":true}]}}