{"id":36776,"date":"2025-02-20T23:36:11","date_gmt":"2025-02-20T22:36:11","guid":{"rendered":"http:\/\/olemosaic.com\/producto\/iman-de-metal-toro-madrid-negro-8-cm-3\/"},"modified":"2025-07-25T19:03:59","modified_gmt":"2025-07-25T17:03:59","slug":"iman-de-metal-touro-madrid-preto-8-cm-3","status":"publish","type":"product","link":"https:\/\/olemosaic.com\/pt-pt\/produto\/iman-de-metal-touro-madrid-preto-8-cm-3\/","title":{"rendered":"\u00cdman de metal. Touro. Madrid. Espanha. Preto. 8 cm."},"content":{"rendered":"<p>\u00cdman de metal com touros coloridos de Madrid. Este vibrante \u00edman de 8 cm \u00e9 uma aut\u00eantica declara\u00e7\u00e3o da cultura espanhola e um s\u00edmbolo emblem\u00e1tico do folclore madrileno. O seu design em mosaico apresenta dois touros com tons que variam do azul intenso e verde ao vermelho quente, real\u00e7ados sobre um fundo preto que real\u00e7a a sua espetacularidade visual. A palavra &#8220;MADRID&#8221; \u00e9 impressa elegantemente na parte superior, capturando a ess\u00eancia da capital espanhola num relance.<\/p>\n<p>A representa\u00e7\u00e3o dos touros n\u00e3o \u00e9 apenas um motivo decorativo, mas um profundo s\u00edmbolo do car\u00e1ter vital e apaixonado de Madrid, onde as festas taurom\u00e1quicas fazem parte da tradi\u00e7\u00e3o cultural e festiva. A t\u00e9cnica de mosaico utilizada neste \u00edman real\u00e7a a riqueza art\u00edstica que caracteriza as recorda\u00e7\u00f5es da regi\u00e3o, tornando-o uma recorda\u00e7\u00e3o perfeita para quem deseja levar um pedacinho da cidade para casa.<\/p>\n<p>Na Ol\u00e9 Mosaic, o nosso compromisso \u00e9 oferecer recorda\u00e7\u00f5es aut\u00eanticas que reflitam a diversidade cultural de Espanha. Este \u00edman \u00e9 uma op\u00e7\u00e3o ideal para lojas de presentes tur\u00edsticos, pois combina arte, cultura e funcionalidade, tornando-se um atrativo inelud\u00edvel para os visitantes que procuram uma recorda\u00e7\u00e3o representativa. Como grossistas de recorda\u00e7\u00f5es, garantimos a qualidade e a autenticidade em cada uma das nossas pe\u00e7as.<\/p>\n","protected":false},"excerpt":{"rendered":"<p>\u00cdman met\u00e1lico com um design colorido de dois touros, s\u00edmbolos do folclore espanhol, que representam a vitalidade de Madrid. Com um acabamento brilhante e uma t\u00e9cnica de mosaico, este \u00edman de 8 cm apresenta vibrantes tons azuis, vermelhos e verdes sobre um fundo preto que real\u00e7a a sua beleza. A palavra &#8220;MADRID&#8221; \u00e9 impressa na parte superior, capturando a ess\u00eancia da cidade e tornando-o uma recorda\u00e7\u00e3o perfeita para rememorar a sua visita.<\/p>\n","protected":false},"featured_media":8957,"template":"","meta":{"_acf_changed":false},"product_brand":[],"product_cat":[699],"product_tag":[516],"class_list":{"0":"post-36776","1":"product","2":"type-product","3":"status-publish","4":"has-post-thumbnail","6":"product_cat-imanes","7":"product_tag-animais","8":"pa_ciudad-madrid","9":"pa_motivo-touros","10":"pa_pais-espana","12":"first","13":"instock","14":"shipping-taxable","15":"product-type-simple"},"acf":[],"_links":{"self":[{"href":"https:\/\/olemosaic.com\/pt-pt\/wp-json\/wp\/v2\/product\/36776","targetHints":{"allow":["GET"]}}],"collection":[{"href":"https:\/\/olemosaic.com\/pt-pt\/wp-json\/wp\/v2\/product"}],"about":[{"href":"https:\/\/olemosaic.com\/pt-pt\/wp-json\/wp\/v2\/types\/product"}],"wp:featuredmedia":[{"embeddable":true,"href":"https:\/\/olemosaic.com\/pt-pt\/wp-json\/wp\/v2\/media\/8957"}],"wp:attachment":[{"href":"https:\/\/olemosaic.com\/pt-pt\/wp-json\/wp\/v2\/media?parent=36776"}],"wp:term":[{"taxonomy":"product_brand","embeddable":true,"href":"https:\/\/olemosaic.com\/pt-pt\/wp-json\/wp\/v2\/product_brand?post=36776"},{"taxonomy":"product_cat","embeddable":true,"href":"https:\/\/olemosaic.com\/pt-pt\/wp-json\/wp\/v2\/product_cat?post=36776"},{"taxonomy":"product_tag","embeddable":true,"href":"https:\/\/olemosaic.com\/pt-pt\/wp-json\/wp\/v2\/product_tag?post=36776"}],"curies":[{"name":"wp","href":"https:\/\/api.w.org\/{rel}","templated":true}]}}