{"id":36775,"date":"2025-02-20T23:36:11","date_gmt":"2025-02-20T22:36:11","guid":{"rendered":"http:\/\/olemosaic.com\/producto\/iman-de-metal-toro-marbella-negro-8-cm-2\/"},"modified":"2025-07-25T19:23:59","modified_gmt":"2025-07-25T17:23:59","slug":"iman-de-metal-touro-marbella-preto-8-cm-2","status":"publish","type":"product","link":"https:\/\/olemosaic.com\/pt-pt\/produto\/iman-de-metal-touro-marbella-preto-8-cm-2\/","title":{"rendered":"\u00cdman de metal. Touro. Marbella. Espanha. Preto. 8 cm."},"content":{"rendered":"<p>\u00cdman met\u00e1lico de touro de Marbella. Este vibrante \u00edman de design \u00e9 uma aut\u00eantica homenagem \u00e0 cultura espanhola, pois capta a ess\u00eancia do touro, um s\u00edmbolo ic\u00f3nico da tradi\u00e7\u00e3o e das festas andaluzas. Com dimens\u00f5es de 8 cm, este \u00edman destaca-se pelo seu impressionante mosaico de cores brilhantes que evocam o calor e a vitalidade de Marbella. O fundo preto real\u00e7a a figura din\u00e2mica do touro, criada a partir de tesselas de mosaico em tons variados que v\u00e3o do vermelho intenso ao azul profundo, o que produz um efeito visual atraente e contempor\u00e2neo.<\/p>\n<p>O nome &#8220;MARBELLA&#8221; aparece em letras chamativas junto \u00e0 imagem, o que torna este \u00edman numa recorda\u00e7\u00e3o distintiva que representa n\u00e3o s\u00f3 a cidade, mas tamb\u00e9m a sua rica heran\u00e7a cultural. Esta recorda\u00e7\u00e3o \u00e9 ideal para decorar qualquer superf\u00edcie, desde frigor\u00edficos a quadros, e \u00e9 uma excelente op\u00e7\u00e3o para turistas que procuram levar um peda\u00e7o da Andaluzia para casa. Na Ol\u00e9 Mosaic, o nosso compromisso \u00e9 oferecer recorda\u00e7\u00f5es aut\u00eanticas que liguem os clientes \u00e0 ess\u00eancia de cada regi\u00e3o. Este \u00edman representa uma oportunidade perfeita para lojas de presentes tur\u00edsticos que procurem produtos de qualidade, relevantes e visualmente atraentes.<\/p>\n","protected":false},"excerpt":{"rendered":"<p>\u00cdman met\u00e1lico com um design vibrante de um touro, que representa a ess\u00eancia de Marbella. Com dimens\u00f5es de 8 cm, este \u00edman destaca-se pelo seu mosaico colorido, que combina tons variados e cria um efeito visual atraente. O fundo preto real\u00e7a a imagem do touro, s\u00edmbolo da cultura espanhola, enquanto o texto &#8220;MARBELLA&#8221;, em letras chamativas, acrescenta um toque distintivo. Ideal para decorar qualquer superf\u00edcie e evocar a beleza da costa andaluza.<\/p>\n","protected":false},"featured_media":10007,"template":"","meta":{"_acf_changed":false},"product_brand":[],"product_cat":[699],"product_tag":[516],"class_list":{"0":"post-36775","1":"product","2":"type-product","3":"status-publish","4":"has-post-thumbnail","6":"product_cat-imanes","7":"product_tag-animais","8":"pa_ciudad-marbella","9":"pa_motivo-touros","10":"pa_pais-espana","12":"first","13":"instock","14":"shipping-taxable","15":"product-type-simple"},"acf":[],"_links":{"self":[{"href":"https:\/\/olemosaic.com\/pt-pt\/wp-json\/wp\/v2\/product\/36775","targetHints":{"allow":["GET"]}}],"collection":[{"href":"https:\/\/olemosaic.com\/pt-pt\/wp-json\/wp\/v2\/product"}],"about":[{"href":"https:\/\/olemosaic.com\/pt-pt\/wp-json\/wp\/v2\/types\/product"}],"wp:featuredmedia":[{"embeddable":true,"href":"https:\/\/olemosaic.com\/pt-pt\/wp-json\/wp\/v2\/media\/10007"}],"wp:attachment":[{"href":"https:\/\/olemosaic.com\/pt-pt\/wp-json\/wp\/v2\/media?parent=36775"}],"wp:term":[{"taxonomy":"product_brand","embeddable":true,"href":"https:\/\/olemosaic.com\/pt-pt\/wp-json\/wp\/v2\/product_brand?post=36775"},{"taxonomy":"product_cat","embeddable":true,"href":"https:\/\/olemosaic.com\/pt-pt\/wp-json\/wp\/v2\/product_cat?post=36775"},{"taxonomy":"product_tag","embeddable":true,"href":"https:\/\/olemosaic.com\/pt-pt\/wp-json\/wp\/v2\/product_tag?post=36775"}],"curies":[{"name":"wp","href":"https:\/\/api.w.org\/{rel}","templated":true}]}}