{"id":36772,"date":"2025-02-20T22:36:11","date_gmt":"2025-02-20T22:36:11","guid":{"rendered":"http:\/\/olemosaic.com\/producto\/iman-de-metal-salamandra-tenerife-8-cm\/"},"modified":"2025-07-25T20:22:58","modified_gmt":"2025-07-25T18:22:58","slug":"iman-de-metal-salamandra-tenerife-8-cm-pt-pt","status":"publish","type":"product","link":"https:\/\/olemosaic.com\/pt-pt\/produto\/iman-de-metal-salamandra-tenerife-8-cm-pt-pt\/","title":{"rendered":"\u00cdman de metal. Salamandra. Tenerife. 8 cm."},"content":{"rendered":"<p>\u00cdman de metal de Tenerife, inspirado na colorida fauna local, que apresenta uma vibrante salamandra. Este \u00edman, de 8 cm, destaca-se pelo seu design brilhante e cheio de vida, emulando o estilo de mosaico tradicional. A salamandra, adornada numa cativante mistura de tons azuis, verdes e vermelhos, sobressai sobre um fundo azul claro, o que o torna um artigo visualmente atraente. A palavra &#8220;Tenerife&#8221;, escrita com letras coloridas e chamativas, complementa o design, captando a ess\u00eancia da ilha.<\/p>\n<p>Este \u00edman n\u00e3o \u00e9 apenas uma recorda\u00e7\u00e3o encantadora, mas tamb\u00e9m um s\u00edmbolo da rica biodiversidade de Tenerife, famosa pela sua paisagem vulc\u00e2nica e fauna \u00fanica. A salamandra \u00e9 um representante emblem\u00e1tico do patrim\u00f3nio natural das Ilhas Can\u00e1rias, o que o torna um souvenir culturalmente significativo. Ideal para turistas que procuram levar um peda\u00e7o deste para\u00edso, o \u00edman \u00e9 um excelente presente que evocar\u00e1 os momentos inesquec\u00edveis da sua visita.<\/p>\n<p>Na Ol\u00e9 Mosaic, especializamo-nos na distribui\u00e7\u00e3o de souvenirs por grosso, como este maravilhoso \u00edman de salamandra que simboliza a autenticidade e a beleza de Tenerife. Perfeito para lojas de presentes tur\u00edsticos, este \u00edman de metal \u00e9 uma op\u00e7\u00e3o ideal para quem procura oferecer aos seus clientes recorda\u00e7\u00f5es representativas e de qualidade que celebrem a cultura can\u00e1ria.<\/p>\n","protected":false},"excerpt":{"rendered":"<p>\u00cdman met\u00e1lico de 8 cm inspirado na fauna de Tenerife, que representa uma colorida salamandra. Este \u00edman, com um design vibrante que imita o estilo mosaico, destaca-se pelas suas cores brilhantes, incluindo tons de azul, verde e vermelho. O fundo, em azul claro, real\u00e7a a figura da salamandra, enquanto o texto &#8220;Tenerife&#8221; acrescenta um toque distintivo, captando a ess\u00eancia cultural e natural da ilha. Ideal para recordar uma viagem a este belo destino.<\/p>\n","protected":false},"featured_media":12874,"template":"","meta":{"_acf_changed":false},"product_brand":[],"product_cat":[699],"product_tag":[516],"class_list":{"0":"post-36772","1":"product","2":"type-product","3":"status-publish","4":"has-post-thumbnail","6":"product_cat-imanes","7":"product_tag-animais","8":"pa_ciudad-tenerife","9":"pa_motivo-salamandras","10":"pa_pais-espana","12":"first","13":"instock","14":"shipping-taxable","15":"product-type-simple"},"acf":[],"_links":{"self":[{"href":"https:\/\/olemosaic.com\/pt-pt\/wp-json\/wp\/v2\/product\/36772","targetHints":{"allow":["GET"]}}],"collection":[{"href":"https:\/\/olemosaic.com\/pt-pt\/wp-json\/wp\/v2\/product"}],"about":[{"href":"https:\/\/olemosaic.com\/pt-pt\/wp-json\/wp\/v2\/types\/product"}],"wp:featuredmedia":[{"embeddable":true,"href":"https:\/\/olemosaic.com\/pt-pt\/wp-json\/wp\/v2\/media\/12874"}],"wp:attachment":[{"href":"https:\/\/olemosaic.com\/pt-pt\/wp-json\/wp\/v2\/media?parent=36772"}],"wp:term":[{"taxonomy":"product_brand","embeddable":true,"href":"https:\/\/olemosaic.com\/pt-pt\/wp-json\/wp\/v2\/product_brand?post=36772"},{"taxonomy":"product_cat","embeddable":true,"href":"https:\/\/olemosaic.com\/pt-pt\/wp-json\/wp\/v2\/product_cat?post=36772"},{"taxonomy":"product_tag","embeddable":true,"href":"https:\/\/olemosaic.com\/pt-pt\/wp-json\/wp\/v2\/product_tag?post=36772"}],"curies":[{"name":"wp","href":"https:\/\/api.w.org\/{rel}","templated":true}]}}