{"id":36769,"date":"2025-02-20T23:36:10","date_gmt":"2025-02-20T22:36:10","guid":{"rendered":"http:\/\/olemosaic.com\/producto\/iman-de-metal-salamandra-barcelona-8-cm-2\/"},"modified":"2025-07-25T20:36:19","modified_gmt":"2025-07-25T18:36:19","slug":"iman-de-metal-salamandra-mosaico-barcelona-8-cm","status":"publish","type":"product","link":"https:\/\/olemosaic.com\/pt-pt\/produto\/iman-de-metal-salamandra-mosaico-barcelona-8-cm\/","title":{"rendered":"\u00cdman de metal. Salamandra. Mosaico. Barcelona. 8 cm."},"content":{"rendered":"<p>\u00cdman met\u00e1lico de salamandras de Barcelona, uma pe\u00e7a vibrante que capta a ess\u00eancia da rica heran\u00e7a cultural desta cidade mediterr\u00e2nica. Este \u00edman, de 8 cm, apresenta um entrela\u00e7ado de coloridas salamandras, inspiradas no famoso mosaico de Antoni Gaud\u00ed que adorna a arquitetura barcelonesa. As salamandras, representadas em tons de vermelho, verde e azul, destacam-se sobre um fundo azul que evoca os azulejos brilhantes t\u00e3o caracter\u00edsticos da cidade. Com o seu design festivo e apelativo, o \u00edman apresenta o nome &#8220;Barcelona&#8221; impresso em letras grandes e coloridas, tornando-o uma recorda\u00e7\u00e3o memor\u00e1vel e f\u00e1cil de identificar.<\/p>\n<p>Este \u00edman de salamandra \u00e9 mais do que um simples acess\u00f3rio decorativo; simboliza a arte inovadora de Gaud\u00ed e a sua influ\u00eancia duradoura na paisagem cultural de Barcelona. \u00c9 um artigo ideal para turistas que procuram souvenirs aut\u00eanticos e significativos para levar para casa, representando n\u00e3o s\u00f3 a cidade, mas tamb\u00e9m a sua maravilhosa tradi\u00e7\u00e3o art\u00edstica. Na Ol\u00e9 Mosaic, somos distribuidores de souvenirs de alta qualidade, especializados em produtos que refletem a diversidade e o patrim\u00f3nio de Espanha. Este \u00edman \u00e9 uma op\u00e7\u00e3o perfeita para lojas de presentes tur\u00edsticos que desejam oferecer uma representa\u00e7\u00e3o aut\u00eantica e colorida de Barcelona aos seus clientes.<\/p>\n","protected":false},"excerpt":{"rendered":"<p>\u00cdman met\u00e1lico de 8 cm com uma vibrante representa\u00e7\u00e3o de salamandras, inspirado na famosa obra de mosaico de Antoni Gaud\u00ed em Barcelona. Este \u00edman, decorado com um fundo azul que evoca os coloridos azulejos de Barcelona, apresenta salamandras em tons de vermelho, verde e azul, real\u00e7ando o seu design peculiar. Com o nome &#8220;Barcelona&#8221; impresso em letras apelativas, \u00e9 uma recorda\u00e7\u00e3o l\u00fadica da rica heran\u00e7a cultural da cidade.<\/p>\n","protected":false},"featured_media":12901,"template":"","meta":{"_acf_changed":false},"product_brand":[],"product_cat":[699],"product_tag":[516],"class_list":{"0":"post-36769","1":"product","2":"type-product","3":"status-publish","4":"has-post-thumbnail","6":"product_cat-imanes","7":"product_tag-animais","8":"pa_ciudad-barcelona","9":"pa_motivo-salamandras","10":"pa_pais-espana","12":"first","13":"instock","14":"shipping-taxable","15":"product-type-simple"},"acf":[],"_links":{"self":[{"href":"https:\/\/olemosaic.com\/pt-pt\/wp-json\/wp\/v2\/product\/36769","targetHints":{"allow":["GET"]}}],"collection":[{"href":"https:\/\/olemosaic.com\/pt-pt\/wp-json\/wp\/v2\/product"}],"about":[{"href":"https:\/\/olemosaic.com\/pt-pt\/wp-json\/wp\/v2\/types\/product"}],"wp:featuredmedia":[{"embeddable":true,"href":"https:\/\/olemosaic.com\/pt-pt\/wp-json\/wp\/v2\/media\/12901"}],"wp:attachment":[{"href":"https:\/\/olemosaic.com\/pt-pt\/wp-json\/wp\/v2\/media?parent=36769"}],"wp:term":[{"taxonomy":"product_brand","embeddable":true,"href":"https:\/\/olemosaic.com\/pt-pt\/wp-json\/wp\/v2\/product_brand?post=36769"},{"taxonomy":"product_cat","embeddable":true,"href":"https:\/\/olemosaic.com\/pt-pt\/wp-json\/wp\/v2\/product_cat?post=36769"},{"taxonomy":"product_tag","embeddable":true,"href":"https:\/\/olemosaic.com\/pt-pt\/wp-json\/wp\/v2\/product_tag?post=36769"}],"curies":[{"name":"wp","href":"https:\/\/api.w.org\/{rel}","templated":true}]}}