{"id":36766,"date":"2025-02-20T22:36:10","date_gmt":"2025-02-20T22:36:10","guid":{"rendered":"http:\/\/olemosaic.com\/producto\/iman-de-metal-salamandra-alicante-negro-8-cm\/"},"modified":"2025-07-25T18:51:59","modified_gmt":"2025-07-25T16:51:59","slug":"iman-de-metal-salamandra-alicante-preto-8-cm","status":"publish","type":"product","link":"https:\/\/olemosaic.com\/pt-pt\/produto\/iman-de-metal-salamandra-alicante-preto-8-cm\/","title":{"rendered":"\u00cdman de metal. Salamandra. Alicante. Preto. 8 cm."},"content":{"rendered":"<p>\u00cdman met\u00e1lico de salamandra de Alicante<\/p>\n<p>Capte a ess\u00eancia da Costa Blanca com este atraente \u00edman met\u00e1lico de 8 cm, que representa uma colorida salamandra, s\u00edmbolo da rica fauna de Alicante. O vibrante design, em mosaico, exibe uma explos\u00e3o de azuis, verdes, laranjas e amarelos sobre um chamativo fundo preto que real\u00e7a a sua beleza. A salamandra, emblem\u00e1tica representante da biodiversidade local, mostra-se majestosa, enquanto o nome &#8220;ALICANTE&#8221; se destaca em letras claras, conferindo um toque de autenticidade que cativa os visitantes desta bela regi\u00e3o.<\/p>\n<p>Este \u00edman n\u00e3o \u00e9 apenas uma pe\u00e7a decorativa, mas uma recorda\u00e7\u00e3o significativa que permite levar um peda\u00e7o de Alicante para casa. Perfeito para adornar qualquer superf\u00edcie met\u00e1lica, desde frigor\u00edficos a quadros, este souvenir de Alicante \u00e9 ideal para turistas que procuram uma forma carinhosa de recordar a sua visita. Na Ol\u00e9 Mosaic, especializados na distribui\u00e7\u00e3o grossista de souvenirs, este \u00edman \u00e9 uma excelente adi\u00e7\u00e3o para lojas de presentes tur\u00edsticos que desejem oferecer produtos aut\u00eanticos e culturais. Com este \u00edman de salamandra, cada cliente pode desfrutar de uma colorida e \u00fanica representa\u00e7\u00e3o de Alicante, refor\u00e7ando a sua liga\u00e7\u00e3o com esta encantadora cidade espanhola.<\/p>\n","protected":false},"excerpt":{"rendered":"<p>\u00cdman met\u00e1lico de 8 cm com uma salamandra colorida, inspirada na fauna de Alicante. Este vibrante design mostra uma salamandra em mosaico, com tons azuis, verdes, laranjas e amarelos, sobre um fundo preto. O nome &#8220;ALICANTE&#8221; aparece em letras destacadas, acrescentando um toque de autenticidade local. Perfeito para levar um pedacinho de Alicante para casa e decorar qualquer superf\u00edcie met\u00e1lica.<\/p>\n","protected":false},"featured_media":12893,"template":"","meta":{"_acf_changed":false},"product_brand":[],"product_cat":[699],"product_tag":[516],"class_list":{"0":"post-36766","1":"product","2":"type-product","3":"status-publish","4":"has-post-thumbnail","6":"product_cat-imanes","7":"product_tag-animais","8":"pa_ciudad-alicante","9":"pa_motivo-salamandras","10":"pa_pais-espana","12":"first","13":"instock","14":"shipping-taxable","15":"product-type-simple"},"acf":[],"_links":{"self":[{"href":"https:\/\/olemosaic.com\/pt-pt\/wp-json\/wp\/v2\/product\/36766","targetHints":{"allow":["GET"]}}],"collection":[{"href":"https:\/\/olemosaic.com\/pt-pt\/wp-json\/wp\/v2\/product"}],"about":[{"href":"https:\/\/olemosaic.com\/pt-pt\/wp-json\/wp\/v2\/types\/product"}],"wp:featuredmedia":[{"embeddable":true,"href":"https:\/\/olemosaic.com\/pt-pt\/wp-json\/wp\/v2\/media\/12893"}],"wp:attachment":[{"href":"https:\/\/olemosaic.com\/pt-pt\/wp-json\/wp\/v2\/media?parent=36766"}],"wp:term":[{"taxonomy":"product_brand","embeddable":true,"href":"https:\/\/olemosaic.com\/pt-pt\/wp-json\/wp\/v2\/product_brand?post=36766"},{"taxonomy":"product_cat","embeddable":true,"href":"https:\/\/olemosaic.com\/pt-pt\/wp-json\/wp\/v2\/product_cat?post=36766"},{"taxonomy":"product_tag","embeddable":true,"href":"https:\/\/olemosaic.com\/pt-pt\/wp-json\/wp\/v2\/product_tag?post=36766"}],"curies":[{"name":"wp","href":"https:\/\/api.w.org\/{rel}","templated":true}]}}