{"id":36765,"date":"2025-02-20T22:36:10","date_gmt":"2025-02-20T22:36:10","guid":{"rendered":"http:\/\/olemosaic.com\/producto\/iman-de-metal-panoramica-valencia-plata-8-cm\/"},"modified":"2025-07-25T19:04:29","modified_gmt":"2025-07-25T17:04:29","slug":"iman-de-metal-panoramica-valencia-prata-8-cm","status":"publish","type":"product","link":"https:\/\/olemosaic.com\/pt-pt\/produto\/iman-de-metal-panoramica-valencia-prata-8-cm\/","title":{"rendered":"\u00cdman de metal. Panor\u00e2mica. Val\u00eancia. Prata. 8 cm."},"content":{"rendered":"<p>\u00cdman met\u00e1lico com uma vibrante panor\u00e2mica de Val\u00eancia, ideal para quem procura uma recorda\u00e7\u00e3o aut\u00eantica desta fascinante cidade. Com um tamanho de 8 cm, este \u00edman apresenta um design colorido que capta a ess\u00eancia da mistura entre a rica arquitetura hist\u00f3rica da Catedral de Val\u00eancia e a futurista Cidade das Artes e das Ci\u00eancias. A ilustra\u00e7\u00e3o, com detalhes prateados, destaca a beleza e singularidade destes emblem\u00e1ticos monumentos, rodeados por um delicado mosaico que simboliza a heran\u00e7a cultural de Val\u00eancia.<\/p>\n<p>A Catedral, com o seu famoso campan\u00e1rio, o Miguelete, ergue-se majestosamente ao lado da inovadora estrutura do Hemisf\u00e8ric, criando um contraste visual que reflete a hist\u00f3ria e a modernidade da cidade. Este \u00edman n\u00e3o s\u00f3 \u00e9 um objeto decorativo, como tamb\u00e9m um aut\u00eantico souvenir que encapsula a diversidade arquitet\u00f3nica de Val\u00eancia, sendo uma excelente op\u00e7\u00e3o para os turistas que desejam levar um peda\u00e7o desta vibrante metr\u00f3pole.<\/p>\n<p>Na Ol\u00e9 Mosaic, especializamo-nos na distribui\u00e7\u00e3o de souvenirs por grosso, e este \u00edman de Val\u00eancia apresenta-se como um produto essencial para lojas de presentes tur\u00edsticos que procuram oferecer artigos distintivos e culturalmente relevantes. \u00c9 um presente perfeito para os amantes da arquitetura e da arte, al\u00e9m de uma recorda\u00e7\u00e3o que transmite a energia e o encanto \u00fanicos de Val\u00eancia.<\/p>\n","protected":false},"excerpt":{"rendered":"<p>\u00cdman met\u00e1lico com uma vibrante panor\u00e2mica de Val\u00eancia, que mostra a mistura da sua arquitetura hist\u00f3rica e moderna. Com um tamanho de 8 cm, este \u00edman apresenta um design colorido com detalhes prateados e uma representa\u00e7\u00e3o art\u00edstica da Catedral de Val\u00eancia e da Cidade das Artes e das Ci\u00eancias. Com motivos de mosaico, destaca a riqueza cultural da cidade, sendo uma recorda\u00e7\u00e3o ideal para os amantes da arquitetura e da arte.<\/p>\n","protected":false},"featured_media":10457,"template":"","meta":{"_acf_changed":false},"product_brand":[],"product_cat":[699],"product_tag":[],"class_list":{"0":"post-36765","1":"product","2":"type-product","3":"status-publish","4":"has-post-thumbnail","6":"product_cat-imanes","7":"pa_ciudad-valencia","8":"pa_motivo-panoramas","9":"pa_pais-espana","11":"first","12":"instock","13":"shipping-taxable","14":"product-type-simple"},"acf":[],"_links":{"self":[{"href":"https:\/\/olemosaic.com\/pt-pt\/wp-json\/wp\/v2\/product\/36765","targetHints":{"allow":["GET"]}}],"collection":[{"href":"https:\/\/olemosaic.com\/pt-pt\/wp-json\/wp\/v2\/product"}],"about":[{"href":"https:\/\/olemosaic.com\/pt-pt\/wp-json\/wp\/v2\/types\/product"}],"wp:featuredmedia":[{"embeddable":true,"href":"https:\/\/olemosaic.com\/pt-pt\/wp-json\/wp\/v2\/media\/10457"}],"wp:attachment":[{"href":"https:\/\/olemosaic.com\/pt-pt\/wp-json\/wp\/v2\/media?parent=36765"}],"wp:term":[{"taxonomy":"product_brand","embeddable":true,"href":"https:\/\/olemosaic.com\/pt-pt\/wp-json\/wp\/v2\/product_brand?post=36765"},{"taxonomy":"product_cat","embeddable":true,"href":"https:\/\/olemosaic.com\/pt-pt\/wp-json\/wp\/v2\/product_cat?post=36765"},{"taxonomy":"product_tag","embeddable":true,"href":"https:\/\/olemosaic.com\/pt-pt\/wp-json\/wp\/v2\/product_tag?post=36765"}],"curies":[{"name":"wp","href":"https:\/\/api.w.org\/{rel}","templated":true}]}}