{"id":36764,"date":"2025-02-20T22:36:09","date_gmt":"2025-02-20T22:36:09","guid":{"rendered":"http:\/\/olemosaic.com\/producto\/iman-de-metal-toro-mijas-8-cm\/"},"modified":"2025-07-25T19:32:05","modified_gmt":"2025-07-25T17:32:05","slug":"iman-de-metal-touro-mijas-8-cm","status":"publish","type":"product","link":"https:\/\/olemosaic.com\/pt-pt\/produto\/iman-de-metal-touro-mijas-8-cm\/","title":{"rendered":"\u00cdman de metal. Touro. Mijas. 8 cm."},"content":{"rendered":"<p>\u00cdman de metal de Mijas, perfeito para recordar a ess\u00eancia da Andaluzia. Este atraente \u00edman de 8 cm apresenta uma vibrante representa\u00e7\u00e3o de um touro ic\u00f3nico, reflexo da rica tradi\u00e7\u00e3o folcl\u00f3rica da regi\u00e3o. O design, inspirado no estilo de mosaico, combina uma paleta de cores vibrantes: vermelhos, azuis, verdes e amarelos, criando uma imagem impactante e representativa da arte e da cultura andaluza. O fundo azul claro real\u00e7a a figura, enquanto a palavra &#8220;MIJAS&#8221; aparece em letras destacadas, acrescentando um toque distintivo a esta recorda\u00e7\u00e3o inesquec\u00edvel.<\/p>\n<p>Este \u00edman n\u00e3o \u00e9 apenas um acess\u00f3rio decorativo, mas um s\u00edmbolo da tradi\u00e7\u00e3o taurina que caracteriza Espanha, celebrando um aspeto muito querido da cultura local. A autenticidade deste souvenir de Mijas torna-o uma excelente op\u00e7\u00e3o para os turistas que procuram levar para casa uma parte do calor e do colorido da Andaluzia. Na Ol\u00e9 Mosaic, como grossista de souvenirs, oferecemos produtos aut\u00eanticos e de qualidade que captam a ess\u00eancia de cada regi\u00e3o. Este \u00edman de touro \u00e9 uma op\u00e7\u00e3o perfeita para lojas de presentes tur\u00edsticos que desejem oferecer aos seus clientes recorda\u00e7\u00f5es significativas de Espanha.<\/p>\n","protected":false},"excerpt":{"rendered":"<p>\u00cdman met\u00e1lico de 8 cm com a representa\u00e7\u00e3o de um ic\u00f3nico touro, inspirado no folclore de Mijas. O design, vibrante e colorido, baseia-se num estilo de mosaico com tons vermelhos, azuis, verdes e amarelos sobre um fundo azul claro. A palavra &#8220;MIJAS&#8221; destaca-se, complementando a cena. Uma recorda\u00e7\u00e3o atraente que capta a ess\u00eancia cultural da regi\u00e3o andaluza.<\/p>\n","protected":false},"featured_media":10001,"template":"","meta":{"_acf_changed":false},"product_brand":[],"product_cat":[699],"product_tag":[516],"class_list":{"0":"post-36764","1":"product","2":"type-product","3":"status-publish","4":"has-post-thumbnail","6":"product_cat-imanes","7":"product_tag-animais","8":"pa_ciudad-mijas","9":"pa_motivo-touros","10":"pa_pais-espana","12":"first","13":"instock","14":"shipping-taxable","15":"product-type-simple"},"acf":[],"_links":{"self":[{"href":"https:\/\/olemosaic.com\/pt-pt\/wp-json\/wp\/v2\/product\/36764","targetHints":{"allow":["GET"]}}],"collection":[{"href":"https:\/\/olemosaic.com\/pt-pt\/wp-json\/wp\/v2\/product"}],"about":[{"href":"https:\/\/olemosaic.com\/pt-pt\/wp-json\/wp\/v2\/types\/product"}],"wp:featuredmedia":[{"embeddable":true,"href":"https:\/\/olemosaic.com\/pt-pt\/wp-json\/wp\/v2\/media\/10001"}],"wp:attachment":[{"href":"https:\/\/olemosaic.com\/pt-pt\/wp-json\/wp\/v2\/media?parent=36764"}],"wp:term":[{"taxonomy":"product_brand","embeddable":true,"href":"https:\/\/olemosaic.com\/pt-pt\/wp-json\/wp\/v2\/product_brand?post=36764"},{"taxonomy":"product_cat","embeddable":true,"href":"https:\/\/olemosaic.com\/pt-pt\/wp-json\/wp\/v2\/product_cat?post=36764"},{"taxonomy":"product_tag","embeddable":true,"href":"https:\/\/olemosaic.com\/pt-pt\/wp-json\/wp\/v2\/product_tag?post=36764"}],"curies":[{"name":"wp","href":"https:\/\/api.w.org\/{rel}","templated":true}]}}