{"id":36763,"date":"2025-02-20T22:36:09","date_gmt":"2025-02-20T22:36:09","guid":{"rendered":"http:\/\/olemosaic.com\/producto\/iman-de-metal-mariposa-barcelona-negro-8-cm\/"},"modified":"2025-07-25T20:14:24","modified_gmt":"2025-07-25T18:14:24","slug":"iman-de-metal-borboleta-barcelona-preto-8-cm","status":"publish","type":"product","link":"https:\/\/olemosaic.com\/pt-pt\/produto\/iman-de-metal-borboleta-barcelona-preto-8-cm\/","title":{"rendered":"\u00cdman de metal. Borboleta. Barcelona. Preto. 8 cm."},"content":{"rendered":"<p>\u00cdman de metal de borboletas de Barcelona<\/p>\n<p>Este vibrante \u00edman de metal de 8 cm \u00e9 uma recorda\u00e7\u00e3o emblem\u00e1tica que capta a ess\u00eancia criativa de Barcelona, decorado com um deslumbrante design de borboletas em mosaico. O fundo preto real\u00e7a maravilhosamente as coloridas borboletas, cada uma adornada com uma paleta de tons brilhantes que prestam homenagem \u00e0 arquitetura modernista da cidade, conhecida pela sua capacidade de fundir arte e natureza. O design inclui, al\u00e9m disso, flores decorativas que complementam as borboletas, criando uma composi\u00e7\u00e3o visualmente cativante que evoca a alegria e o dinamismo caracter\u00edsticos de Barcelona.<\/p>\n<p>Este \u00edman n\u00e3o s\u00f3 \u00e9 uma excelente op\u00e7\u00e3o para decorar frigor\u00edficos ou quadros, como tamb\u00e9m se torna um s\u00edmbolo das mem\u00f3rias da viagem, oferecendo uma liga\u00e7\u00e3o com a vibrante e diversa cultura da cidade. O uso de cores vivas e o seu design contempor\u00e2neo tornam-no um souvenir ideal para turistas que procuram algo mais do que uma simples recorda\u00e7\u00e3o, mas sim uma representa\u00e7\u00e3o aut\u00eantica de Barcelona.<\/p>\n<p>Na Ol\u00e9 Mosaic, orgulhamo-nos de ser distribuidores de souvenirs por grosso, oferecendo produtos \u00fanicos e significativos como este \u00edman de borboletas. Esta recorda\u00e7\u00e3o de Barcelona \u00e9 perfeita para lojas de presentes tur\u00edsticos que desejam oferecer aos seus clientes uma pe\u00e7a da rica heran\u00e7a cultural e art\u00edstica da cidade, deixando uma marca indel\u00e9vel em cada visitante.<\/p>\n","protected":false},"excerpt":{"rendered":"<p>\u00cdman met\u00e1lico de 8 cm com um design vibrante de borboletas, inspirado na ess\u00eancia de Barcelona. A pe\u00e7a apresenta um fundo preto que real\u00e7a as coloridas borboletas em mosaico, adornadas com tons brilhantes que evocam a arquitetura modernista da cidade. Al\u00e9m disso, inclui flores decorativas que complementam o design, criando um souvenir atraente e contempor\u00e2neo que capta a alegria e a criatividade barcelonesas.<\/p>\n","protected":false},"featured_media":11450,"template":"","meta":{"_acf_changed":false},"product_brand":[],"product_cat":[699],"product_tag":[516],"class_list":{"0":"post-36763","1":"product","2":"type-product","3":"status-publish","4":"has-post-thumbnail","6":"product_cat-imanes","7":"product_tag-animais","8":"pa_ciudad-barcelona","9":"pa_motivo-borboletas","10":"pa_pais-espana","12":"first","13":"instock","14":"shipping-taxable","15":"product-type-simple"},"acf":[],"_links":{"self":[{"href":"https:\/\/olemosaic.com\/pt-pt\/wp-json\/wp\/v2\/product\/36763","targetHints":{"allow":["GET"]}}],"collection":[{"href":"https:\/\/olemosaic.com\/pt-pt\/wp-json\/wp\/v2\/product"}],"about":[{"href":"https:\/\/olemosaic.com\/pt-pt\/wp-json\/wp\/v2\/types\/product"}],"wp:featuredmedia":[{"embeddable":true,"href":"https:\/\/olemosaic.com\/pt-pt\/wp-json\/wp\/v2\/media\/11450"}],"wp:attachment":[{"href":"https:\/\/olemosaic.com\/pt-pt\/wp-json\/wp\/v2\/media?parent=36763"}],"wp:term":[{"taxonomy":"product_brand","embeddable":true,"href":"https:\/\/olemosaic.com\/pt-pt\/wp-json\/wp\/v2\/product_brand?post=36763"},{"taxonomy":"product_cat","embeddable":true,"href":"https:\/\/olemosaic.com\/pt-pt\/wp-json\/wp\/v2\/product_cat?post=36763"},{"taxonomy":"product_tag","embeddable":true,"href":"https:\/\/olemosaic.com\/pt-pt\/wp-json\/wp\/v2\/product_tag?post=36763"}],"curies":[{"name":"wp","href":"https:\/\/api.w.org\/{rel}","templated":true}]}}